{"id":16577,"date":"2013-12-29T16:30:29","date_gmt":"2013-12-29T14:30:29","guid":{"rendered":"https:\/\/braun-windturbinen.com\/petites-eoliennes-antaris\/antaris-25-kw\/"},"modified":"2025-03-24T15:27:52","modified_gmt":"2025-03-24T13:27:52","slug":"antaris-25-kw","status":"publish","type":"page","link":"https:\/\/braun-windturbinen.com\/fr\/produits\/petites-eoliennes-antaris\/antaris-25-kw\/","title":{"rendered":"ANTARIS 2,5 kW"},"content":{"rendered":"\t\t<div data-elementor-type=\"wp-page\" data-elementor-id=\"16577\" class=\"elementor elementor-16577 elementor-267\" data-elementor-post-type=\"page\">\n\t\t\t\t<div class=\"elementor-element elementor-element-10da527 e-flex e-con-boxed e-con e-parent\" data-id=\"10da527\" data-element_type=\"container\" data-e-type=\"container\" data-settings=\"{&quot;background_background&quot;:&quot;classic&quot;}\">\n\t\t\t\t\t<div class=\"e-con-inner\">\n\t\t<div class=\"elementor-element elementor-element-c6e093e e-con-full e-flex e-con e-child\" data-id=\"c6e093e\" data-element_type=\"container\" data-e-type=\"container\" data-settings=\"{&quot;background_background&quot;:&quot;classic&quot;}\">\n\t\t\t\t<div class=\"elementor-element elementor-element-74ec3b4 elementor-widget elementor-widget-heading\" data-id=\"74ec3b4\" data-element_type=\"widget\" data-e-type=\"widget\" data-widget_type=\"heading.default\">\n\t\t\t\t<div class=\"elementor-widget-container\">\n\t\t\t\t\t<h2 class=\"elementor-heading-title elementor-size-default\">ANTARIS 2.5kW<\/h2>\t\t\t\t<\/div>\n\t\t\t\t<\/div>\n\t\t\t\t<\/div>\n\t\t\t\t\t<\/div>\n\t\t\t\t<\/div>\n\t\t<div class=\"elementor-element elementor-element-ddfb514 e-flex e-con-boxed e-con e-parent\" data-id=\"ddfb514\" data-element_type=\"container\" data-e-type=\"container\">\n\t\t\t\t\t<div class=\"e-con-inner\">\n\t\t<div class=\"elementor-element elementor-element-a1d104e e-con-full e-flex e-con e-child\" data-id=\"a1d104e\" data-element_type=\"container\" data-e-type=\"container\" data-settings=\"{&quot;background_background&quot;:&quot;classic&quot;}\">\n\t\t<div class=\"elementor-element elementor-element-90d345d e-con-full e-flex e-con e-child\" data-id=\"90d345d\" data-element_type=\"container\" data-e-type=\"container\">\n\t\t<div class=\"elementor-element elementor-element-a0dabcf e-flex e-con-boxed e-con e-child\" data-id=\"a0dabcf\" data-element_type=\"container\" data-e-type=\"container\">\n\t\t\t\t\t<div class=\"e-con-inner\">\n\t\t\t\t<div class=\"elementor-element elementor-element-e0979a5 elementor-align-start elementor-icon-list--layout-traditional elementor-list-item-link-full_width elementor-widget elementor-widget-icon-list\" data-id=\"e0979a5\" data-element_type=\"widget\" data-e-type=\"widget\" data-widget_type=\"icon-list.default\">\n\t\t\t\t<div class=\"elementor-widget-container\">\n\t\t\t\t\t\t\t<ul class=\"elementor-icon-list-items\">\n\t\t\t\t\t\t\t<li class=\"elementor-icon-list-item\">\n\t\t\t\t\t\t\t\t\t\t\t<a href=\"https:\/\/braun-windturbinen.com\/fr\/produits\/petites-eoliennes-antaris\/\">\n\n\t\t\t\t\t\t\t\t\t\t\t\t<span class=\"elementor-icon-list-icon\">\n\t\t\t\t\t\t\t<i aria-hidden=\"true\" class=\"fas fa-greater-than\"><\/i>\t\t\t\t\t\t<\/span>\n\t\t\t\t\t\t\t\t\t\t<span class=\"elementor-icon-list-text\">Petites \u00e9oliennes ANTARIS<\/span>\n\t\t\t\t\t\t\t\t\t\t\t<\/a>\n\t\t\t\t\t\t\t\t\t<\/li>\n\t\t\t\t\t\t\t\t<li class=\"elementor-icon-list-item\">\n\t\t\t\t\t\t\t\t\t\t<span class=\"elementor-icon-list-text\"><\/span>\n\t\t\t\t\t\t\t\t\t<\/li>\n\t\t\t\t\t\t<\/ul>\n\t\t\t\t\t\t<\/div>\n\t\t\t\t<\/div>\n\t\t\t\t<div class=\"elementor-element elementor-element-256b92c elementor-widget__width-initial elementor-icon-list--layout-traditional elementor-list-item-link-full_width elementor-widget elementor-widget-icon-list\" data-id=\"256b92c\" data-element_type=\"widget\" data-e-type=\"widget\" data-widget_type=\"icon-list.default\">\n\t\t\t\t<div class=\"elementor-widget-container\">\n\t\t\t\t\t\t\t<ul class=\"elementor-icon-list-items\">\n\t\t\t\t\t\t\t<li class=\"elementor-icon-list-item\">\n\t\t\t\t\t\t\t\t\t\t\t<a href=\"https:\/\/braun-windturbinen.com\/fr\/petites-eoliennes-antaris\/antaris-25-kw\/\">\n\n\t\t\t\t\t\t\t\t\t\t\t\t<span class=\"elementor-icon-list-icon\">\n\t\t\t\t\t\t\t<i aria-hidden=\"true\" class=\"fas fa-greater-than\"><\/i>\t\t\t\t\t\t<\/span>\n\t\t\t\t\t\t\t\t\t\t<span class=\"elementor-icon-list-text\">ANTARIS 2,5 kW<\/span>\n\t\t\t\t\t\t\t\t\t\t\t<\/a>\n\t\t\t\t\t\t\t\t\t<\/li>\n\t\t\t\t\t\t\t\t<li class=\"elementor-icon-list-item\">\n\t\t\t\t\t\t\t\t\t\t\t<a href=\"https:\/\/braun-windturbinen.com\/fr\/petites-eoliennes-antaris\/antaris-35-kw\/\">\n\n\t\t\t\t\t\t\t\t\t\t\t\t<span class=\"elementor-icon-list-icon\">\n\t\t\t\t\t\t\t<i aria-hidden=\"true\" class=\"fas fa-greater-than\"><\/i>\t\t\t\t\t\t<\/span>\n\t\t\t\t\t\t\t\t\t\t<span class=\"elementor-icon-list-text\">ANTARIS 3,5 kW<\/span>\n\t\t\t\t\t\t\t\t\t\t\t<\/a>\n\t\t\t\t\t\t\t\t\t<\/li>\n\t\t\t\t\t\t\t\t<li class=\"elementor-icon-list-item\">\n\t\t\t\t\t\t\t\t\t\t\t<a href=\"https:\/\/braun-windturbinen.com\/fr\/petites-eoliennes-antaris\/antaris-55-kw\/\">\n\n\t\t\t\t\t\t\t\t\t\t\t\t<span class=\"elementor-icon-list-icon\">\n\t\t\t\t\t\t\t<i aria-hidden=\"true\" class=\"fas fa-greater-than\"><\/i>\t\t\t\t\t\t<\/span>\n\t\t\t\t\t\t\t\t\t\t<span class=\"elementor-icon-list-text\">ANTARIS 5,5 kW<\/span>\n\t\t\t\t\t\t\t\t\t\t\t<\/a>\n\t\t\t\t\t\t\t\t\t<\/li>\n\t\t\t\t\t\t\t\t<li class=\"elementor-icon-list-item\">\n\t\t\t\t\t\t\t\t\t\t\t<a href=\"https:\/\/braun-windturbinen.com\/fr\/petites-eoliennes-antaris\/antaris-75-kw\/\">\n\n\t\t\t\t\t\t\t\t\t\t\t\t<span class=\"elementor-icon-list-icon\">\n\t\t\t\t\t\t\t<i aria-hidden=\"true\" class=\"fas fa-greater-than\"><\/i>\t\t\t\t\t\t<\/span>\n\t\t\t\t\t\t\t\t\t\t<span class=\"elementor-icon-list-text\">ANTARIS 7,5 kW<\/span>\n\t\t\t\t\t\t\t\t\t\t\t<\/a>\n\t\t\t\t\t\t\t\t\t<\/li>\n\t\t\t\t\t\t\t\t<li class=\"elementor-icon-list-item\">\n\t\t\t\t\t\t\t\t\t\t\t<a href=\"https:\/\/braun-windturbinen.com\/fr\/antaris-12-0-kw-5\/\">\n\n\t\t\t\t\t\t\t\t\t\t\t\t<span class=\"elementor-icon-list-icon\">\n\t\t\t\t\t\t\t<i aria-hidden=\"true\" class=\"fas fa-greater-than\"><\/i>\t\t\t\t\t\t<\/span>\n\t\t\t\t\t\t\t\t\t\t<span class=\"elementor-icon-list-text\">ANTARIS 12.0 kW<\/span>\n\t\t\t\t\t\t\t\t\t\t\t<\/a>\n\t\t\t\t\t\t\t\t\t<\/li>\n\t\t\t\t\t\t\t\t<li class=\"elementor-icon-list-item\">\n\t\t\t\t\t\t\t\t\t\t<span class=\"elementor-icon-list-text\"><\/span>\n\t\t\t\t\t\t\t\t\t<\/li>\n\t\t\t\t\t\t<\/ul>\n\t\t\t\t\t\t<\/div>\n\t\t\t\t<\/div>\n\t\t\t\t<div class=\"elementor-element elementor-element-2f3fbdd elementor-align-start elementor-icon-list--layout-traditional elementor-list-item-link-full_width elementor-widget elementor-widget-icon-list\" data-id=\"2f3fbdd\" data-element_type=\"widget\" data-e-type=\"widget\" data-widget_type=\"icon-list.default\">\n\t\t\t\t<div class=\"elementor-widget-container\">\n\t\t\t\t\t\t\t<ul class=\"elementor-icon-list-items\">\n\t\t\t\t\t\t\t<li class=\"elementor-icon-list-item\">\n\t\t\t\t\t\t\t\t\t\t\t<a href=\"https:\/\/braun-windturbinen.com\/fr\/produits\/mature\/\">\n\n\t\t\t\t\t\t\t\t\t\t\t\t<span class=\"elementor-icon-list-icon\">\n\t\t\t\t\t\t\t<i aria-hidden=\"true\" class=\"fas fa-greater-than\"><\/i>\t\t\t\t\t\t<\/span>\n\t\t\t\t\t\t\t\t\t\t<span class=\"elementor-icon-list-text\">M\u00e2ture<\/span>\n\t\t\t\t\t\t\t\t\t\t\t<\/a>\n\t\t\t\t\t\t\t\t\t<\/li>\n\t\t\t\t\t\t\t\t<li class=\"elementor-icon-list-item\">\n\t\t\t\t\t\t\t\t\t\t\t<a href=\"https:\/\/braun-windturbinen.com\/fr\/produits\/generateurs\/\">\n\n\t\t\t\t\t\t\t\t\t\t\t\t<span class=\"elementor-icon-list-icon\">\n\t\t\t\t\t\t\t<i aria-hidden=\"true\" class=\"fas fa-greater-than\"><\/i>\t\t\t\t\t\t<\/span>\n\t\t\t\t\t\t\t\t\t\t<span class=\"elementor-icon-list-text\">G\u00e9n\u00e9rateurs<\/span>\n\t\t\t\t\t\t\t\t\t\t\t<\/a>\n\t\t\t\t\t\t\t\t\t<\/li>\n\t\t\t\t\t\t\t\t<li class=\"elementor-icon-list-item\">\n\t\t\t\t\t\t\t\t\t\t\t<a href=\"https:\/\/braun-windturbinen.com\/fr\/produits\/lames-de-repulsif\/\">\n\n\t\t\t\t\t\t\t\t\t\t\t\t<span class=\"elementor-icon-list-icon\">\n\t\t\t\t\t\t\t<i aria-hidden=\"true\" class=\"fas fa-greater-than\"><\/i>\t\t\t\t\t\t<\/span>\n\t\t\t\t\t\t\t\t\t\t<span class=\"elementor-icon-list-text\">Lames de r\u00e9pulsif<\/span>\n\t\t\t\t\t\t\t\t\t\t\t<\/a>\n\t\t\t\t\t\t\t\t\t<\/li>\n\t\t\t\t\t\t\t\t<li class=\"elementor-icon-list-item\">\n\t\t\t\t\t\t\t\t\t\t\t<a href=\"https:\/\/braun-windturbinen.com\/fr\/produits\/onduleur\/\">\n\n\t\t\t\t\t\t\t\t\t\t\t\t<span class=\"elementor-icon-list-icon\">\n\t\t\t\t\t\t\t<i aria-hidden=\"true\" class=\"fas fa-greater-than\"><\/i>\t\t\t\t\t\t<\/span>\n\t\t\t\t\t\t\t\t\t\t<span class=\"elementor-icon-list-text\">Onduleur<\/span>\n\t\t\t\t\t\t\t\t\t\t\t<\/a>\n\t\t\t\t\t\t\t\t\t<\/li>\n\t\t\t\t\t\t\t\t<li class=\"elementor-icon-list-item\">\n\t\t\t\t\t\t\t\t\t\t\t<a href=\"https:\/\/braun-windturbinen.com\/fr\/produits\/protection-contre-les-chauves-souris\/\">\n\n\t\t\t\t\t\t\t\t\t\t\t\t<span class=\"elementor-icon-list-icon\">\n\t\t\t\t\t\t\t<i aria-hidden=\"true\" class=\"fas fa-greater-than\"><\/i>\t\t\t\t\t\t<\/span>\n\t\t\t\t\t\t\t\t\t\t<span class=\"elementor-icon-list-text\">Protection contre les chauves-souris<\/span>\n\t\t\t\t\t\t\t\t\t\t\t<\/a>\n\t\t\t\t\t\t\t\t\t<\/li>\n\t\t\t\t\t\t\t\t<li class=\"elementor-icon-list-item\">\n\t\t\t\t\t\t\t\t\t\t<span class=\"elementor-icon-list-text\"><\/span>\n\t\t\t\t\t\t\t\t\t<\/li>\n\t\t\t\t\t\t<\/ul>\n\t\t\t\t\t\t<\/div>\n\t\t\t\t<\/div>\n\t\t\t\t\t<\/div>\n\t\t\t\t<\/div>\n\t\t\t\t<\/div>\n\t\t<div class=\"elementor-element elementor-element-a59d6e5 e-flex e-con-boxed e-con e-child\" data-id=\"a59d6e5\" data-element_type=\"container\" data-e-type=\"container\">\n\t\t\t\t\t<div class=\"e-con-inner\">\n\t\t\t\t<div class=\"elementor-element elementor-element-eac0fea elementor-widget elementor-widget-heading\" data-id=\"eac0fea\" data-element_type=\"widget\" data-e-type=\"widget\" data-widget_type=\"heading.default\">\n\t\t\t\t<div class=\"elementor-widget-container\">\n\t\t\t\t\t<h2 class=\"elementor-heading-title elementor-size-default\">Caract\u00e9ristiques techniques ANTARIS 2,5 kW<\/h2>\t\t\t\t<\/div>\n\t\t\t\t<\/div>\n\t\t\t\t<div class=\"elementor-element elementor-element-e7b3d15 elementor-widget__width-initial elementor-widget elementor-widget-text-editor\" data-id=\"e7b3d15\" data-element_type=\"widget\" data-e-type=\"widget\" data-widget_type=\"text-editor.default\">\n\t\t\t\t<div class=\"elementor-widget-container\">\n\t\t\t\t\t\t\t\t\t<div class=\"\"><h4 style=\"text-align: left;\"><strong>G\u00e9n\u00e9rateur<\/strong><\/h4><ul style=\"text-align: left;\"><li>Rotor \u00e0 aimants permanents, sans balais, sans engrenage, sans entretien<\/li><li>Rendement \u00e9lev\u00e9 gr\u00e2ce \u00e0 des aimants permanents extr\u00eamement puissants<\/li><li>(aimants permanents NdFeBo, r\u00e9sistants \u00e0 la temp\u00e9rature jusqu\u2019\u00e0 150\u00b0)<\/li><li>Courant triphas\u00e9 triphas\u00e9<\/li><li>Redresseur s\u00e9par\u00e9<\/li><li>Sens de rotation arbitraire<\/li><li>Tension 0-400 V<\/li><li>D\u00e9marrage de l\u2019injection \u00e0 environ 125 tr\/min<\/li><li>Puissance : 2 700 watts \u00e0 380 tr\/min et 330 VDC<\/li><li>Courbe de puissance uniform\u00e9ment croissante<\/li><li>Poids : 30kg<\/li><li>Bo\u00eetier en aluminium, refroidissement en surface, montage sur pied<\/li><li>Bo\u00eetier de nacelle en PRV<\/li><\/ul><h4 style=\"text-align: left;\"><strong>Rotor<\/strong><\/h4><ul style=\"text-align: left;\"><li>Connexion du moyeu avec bride en aluminium et nettoyeur haute pression<\/li><li>Raccords \u00e0 vis en acier inoxydable avec contre-\u00e9crous<\/li><li>3 pales de rotor en fibre de verre \/ fibre de carbone stratifi\u00e9e<\/li><li>Profil a\u00e9rodynamique assist\u00e9 par ordinateur<\/li><li>R\u00e9duction du bruit gr\u00e2ce aux ailettes sur les extr\u00e9mit\u00e9s des pales<\/li><li>env. 3,00 m de diam\u00e8tre<\/li><li>Poids d\u2019une seule feuille : environ 3,2 kg<\/li><li>\u00e9quilibr\u00e9 dynamiquement<\/li><li>Sens de rotation avant \u00ab&nbsp;gauche&nbsp;\u00bb<\/li><li>Vitesse max 410 tr\/min.<\/li><li>Capuchon spinner en PRV<\/li><li>Couleur du rotor selon les exigences du client<\/li><\/ul><\/div><div class=\"\"><h4 style=\"text-align: left;\"><strong>\u00c9l\u00e9ment porteur<\/strong><\/h4><ul style=\"text-align: left;\"><li>Girouette (PEHD r\u00e9sistant aux intemp\u00e9ries blanc naturel, l\u00e9g\u00e8rement transparent)<\/li><li>Tube en acier inoxydable carr\u00e9 comme \u00e9l\u00e9ment porteur<\/li><li>tous les raccords viss\u00e9s en acier inoxydable et<br \/>\u00e9quip\u00e9 d\u2019\u00e9crous de blocage<\/li><li>Semelle en acier comme \u00e9l\u00e9ment de support pour g\u00e9n\u00e9rateur, destin\u00e9e \u00e0<br \/>Connexion enfichable avec palier de lacet, enti\u00e8rement galvanis\u00e9<\/li><li>Dispositif de s\u00e9curit\u00e9 brevet\u00e9 pour h\u00e9licopt\u00e8re<\/li><li>Adaptateur de poteau avec raccord \u00e0 bride (tuyau 114,3 mm)<\/li><\/ul><h4 style=\"text-align: left;\"><strong>Protection contre les temp\u00eates<\/strong><\/h4><ul style=\"text-align: left;\"><li>Position de l\u2019h\u00e9licopt\u00e8re<\/li><li>Surveillance de la tension avec r\u00e9sistance de freinage<\/li><li>Court-circuit du g\u00e9n\u00e9rateur<\/li><\/ul><h4 style=\"text-align: left;\"><strong>Armoire de commande<\/strong><\/h4><ul><li style=\"text-align: left;\">Contr\u00f4le avec surveillance de tension triphas\u00e9e<\/li><li style=\"text-align: left;\">Fonctionnement sur r\u00e9seau monophas\u00e9 en parall\u00e8le avec FIMER \/ UNO 3,3 kW)<\/li><li style=\"text-align: left;\">\u00c9lectronique de commande pour la commande de turbine<\/li><li style=\"text-align: left;\">Connexions prot\u00e9g\u00e9es contre l\u2019inversion de polarit\u00e9 \/ connexions enfichables<\/li><li style=\"text-align: left;\">Surveillance des phases du g\u00e9n\u00e9rateur en fonctionnement de la turbine<\/li><li style=\"text-align: left;\">Interrupteur d\u2019arr\u00eat d\u2019urgence<\/li><li style=\"text-align: left;\">Interrupteur de r\u00e9initialisation avec cl\u00e9 (amovible)<\/li><li style=\"text-align: left;\">Redresseur, afficheur analogique, &#8230;<\/li><li style=\"text-align: left;\">R\u00e9sistance de freinage de 3,0 kW<\/li><\/ul><\/div>\t\t\t\t\t\t\t\t<\/div>\n\t\t\t\t<\/div>\n\t\t\t\t\t<\/div>\n\t\t\t\t<\/div>\n\t\t<div class=\"elementor-element elementor-element-7c24cee e-flex e-con-boxed e-con e-child\" data-id=\"7c24cee\" data-element_type=\"container\" data-e-type=\"container\">\n\t\t\t\t\t<div class=\"e-con-inner\">\n\t\t\t\t<div class=\"elementor-element elementor-element-b040cd2 elementor-widget elementor-widget-image\" data-id=\"b040cd2\" data-element_type=\"widget\" data-e-type=\"widget\" data-widget_type=\"image.default\">\n\t\t\t\t<div class=\"elementor-widget-container\">\n\t\t\t\t\t\t\t\t\t\t\t\t<figure class=\"wp-caption\">\n\t\t\t\t\t\t\t\t\t\t<img fetchpriority=\"high\" decoding=\"async\" width=\"612\" height=\"700\" src=\"https:\/\/braun-windturbinen.com\/wp-content\/uploads\/2.5kw01.jpg\" class=\"attachment-full size-full wp-image-15837\" alt=\"\" srcset=\"https:\/\/braun-windturbinen.com\/wp-content\/uploads\/2.5kw01.jpg 612w, https:\/\/braun-windturbinen.com\/wp-content\/uploads\/2.5kw01-262x300.jpg 262w, https:\/\/braun-windturbinen.com\/wp-content\/uploads\/2.5kw01-131x150.jpg 131w\" sizes=\"(max-width: 612px) 100vw, 612px\" \/>\t\t\t\t\t\t\t\t\t\t\t<figcaption class=\"widget-image-caption wp-caption-text\">ANTARIS 2.5 kW<\/figcaption>\n\t\t\t\t\t\t\t\t\t\t<\/figure>\n\t\t\t\t\t\t\t\t\t<\/div>\n\t\t\t\t<\/div>\n\t\t\t\t<div class=\"elementor-element elementor-element-e8c4215 elementor-widget elementor-widget-image\" data-id=\"e8c4215\" data-element_type=\"widget\" data-e-type=\"widget\" data-widget_type=\"image.default\">\n\t\t\t\t<div class=\"elementor-widget-container\">\n\t\t\t\t\t\t\t\t\t\t\t\t<figure class=\"wp-caption\">\n\t\t\t\t\t\t\t\t\t\t<img decoding=\"async\" width=\"2532\" height=\"1154\" src=\"https:\/\/braun-windturbinen.com\/wp-content\/uploads\/ANTARIS-2.5-kW-Power-Curve.jpg\" class=\"attachment-full size-full wp-image-15839\" alt=\"\" srcset=\"https:\/\/braun-windturbinen.com\/wp-content\/uploads\/ANTARIS-2.5-kW-Power-Curve.jpg 2532w, https:\/\/braun-windturbinen.com\/wp-content\/uploads\/ANTARIS-2.5-kW-Power-Curve-300x137.jpg 300w, https:\/\/braun-windturbinen.com\/wp-content\/uploads\/ANTARIS-2.5-kW-Power-Curve-1024x467.jpg 1024w, https:\/\/braun-windturbinen.com\/wp-content\/uploads\/ANTARIS-2.5-kW-Power-Curve-150x68.jpg 150w, https:\/\/braun-windturbinen.com\/wp-content\/uploads\/ANTARIS-2.5-kW-Power-Curve-768x350.jpg 768w, https:\/\/braun-windturbinen.com\/wp-content\/uploads\/ANTARIS-2.5-kW-Power-Curve-1536x700.jpg 1536w, https:\/\/braun-windturbinen.com\/wp-content\/uploads\/ANTARIS-2.5-kW-Power-Curve-2048x933.jpg 2048w\" sizes=\"(max-width: 2532px) 100vw, 2532px\" \/>\t\t\t\t\t\t\t\t\t\t\t<figcaption class=\"widget-image-caption wp-caption-text\">ANTARIS 2.5 kW Leistungsdiagramm<\/figcaption>\n\t\t\t\t\t\t\t\t\t\t<\/figure>\n\t\t\t\t\t\t\t\t\t<\/div>\n\t\t\t\t<\/div>\n\t\t\t\t<div class=\"elementor-element elementor-element-3e73d09 elementor-widget elementor-widget-image\" data-id=\"3e73d09\" data-element_type=\"widget\" data-e-type=\"widget\" data-widget_type=\"image.default\">\n\t\t\t\t<div class=\"elementor-widget-container\">\n\t\t\t\t\t\t\t\t\t\t\t\t<figure class=\"wp-caption\">\n\t\t\t\t\t\t\t\t\t\t<img decoding=\"async\" width=\"500\" height=\"390\" src=\"https:\/\/braun-windturbinen.com\/wp-content\/uploads\/antaris15schalldiagramm.jpg\" class=\"attachment-full size-full wp-image-15841\" alt=\"\" srcset=\"https:\/\/braun-windturbinen.com\/wp-content\/uploads\/antaris15schalldiagramm.jpg 500w, https:\/\/braun-windturbinen.com\/wp-content\/uploads\/antaris15schalldiagramm-300x234.jpg 300w, https:\/\/braun-windturbinen.com\/wp-content\/uploads\/antaris15schalldiagramm-150x117.jpg 150w\" sizes=\"(max-width: 500px) 100vw, 500px\" \/>\t\t\t\t\t\t\t\t\t\t\t<figcaption class=\"widget-image-caption wp-caption-text\">ANTARIS 2.5kW Schallpegelmessung bei 30m Mastabstand<\/figcaption>\n\t\t\t\t\t\t\t\t\t\t<\/figure>\n\t\t\t\t\t\t\t\t\t<\/div>\n\t\t\t\t<\/div>\n\t\t\t\t\t<\/div>\n\t\t\t\t<\/div>\n\t\t\t\t<\/div>\n\t\t\t\t\t<\/div>\n\t\t\t\t<\/div>\n\t\t<div class=\"elementor-element elementor-element-4a9a8c3 e-flex e-con-boxed e-con e-parent\" data-id=\"4a9a8c3\" data-element_type=\"container\" data-e-type=\"container\">\n\t\t\t\t\t<div class=\"e-con-inner\">\n\t\t<div class=\"elementor-element elementor-element-58b3b65 e-con-full e-flex e-con e-child\" data-id=\"58b3b65\" data-element_type=\"container\" data-e-type=\"container\" data-settings=\"{&quot;background_background&quot;:&quot;classic&quot;}\">\n\t\t<div class=\"elementor-element elementor-element-a300e96 e-con-full e-flex e-con e-child\" data-id=\"a300e96\" data-element_type=\"container\" data-e-type=\"container\">\n\t\t\t\t<\/div>\n\t\t<div class=\"elementor-element elementor-element-012876b e-flex e-con-boxed e-con e-child\" data-id=\"012876b\" data-element_type=\"container\" data-e-type=\"container\">\n\t\t\t\t\t<div class=\"e-con-inner\">\n\t\t\t\t<div class=\"elementor-element elementor-element-1ef379c elementor-widget elementor-widget-heading\" data-id=\"1ef379c\" data-element_type=\"widget\" data-e-type=\"widget\" data-widget_type=\"heading.default\">\n\t\t\t\t<div class=\"elementor-widget-container\">\n\t\t\t\t\t<h2 class=\"elementor-heading-title elementor-size-default\">L\u2019ANTARIS 2,5 kW 48 VDC avec enregistrement des donn\u00e9es<\/h2>\t\t\t\t<\/div>\n\t\t\t\t<\/div>\n\t\t\t\t<div class=\"elementor-element elementor-element-26e777b elementor-widget elementor-widget-image\" data-id=\"26e777b\" data-element_type=\"widget\" data-e-type=\"widget\" data-widget_type=\"image.default\">\n\t\t\t\t<div class=\"elementor-widget-container\">\n\t\t\t\t\t\t\t\t\t\t\t\t<figure class=\"wp-caption\">\n\t\t\t\t\t\t\t\t\t\t<img loading=\"lazy\" decoding=\"async\" width=\"1868\" height=\"450\" src=\"https:\/\/braun-windturbinen.com\/wp-content\/uploads\/48-VDC-2.5-kW-1.png\" class=\"attachment-full size-full wp-image-15843\" alt=\"\" srcset=\"https:\/\/braun-windturbinen.com\/wp-content\/uploads\/48-VDC-2.5-kW-1.png 1868w, https:\/\/braun-windturbinen.com\/wp-content\/uploads\/48-VDC-2.5-kW-1-300x72.png 300w, https:\/\/braun-windturbinen.com\/wp-content\/uploads\/48-VDC-2.5-kW-1-1024x247.png 1024w, https:\/\/braun-windturbinen.com\/wp-content\/uploads\/48-VDC-2.5-kW-1-150x36.png 150w, https:\/\/braun-windturbinen.com\/wp-content\/uploads\/48-VDC-2.5-kW-1-768x185.png 768w, https:\/\/braun-windturbinen.com\/wp-content\/uploads\/48-VDC-2.5-kW-1-1536x370.png 1536w\" sizes=\"(max-width: 1868px) 100vw, 1868px\" \/>\t\t\t\t\t\t\t\t\t\t\t<figcaption class=\"widget-image-caption wp-caption-text\"><\/figcaption>\n\t\t\t\t\t\t\t\t\t\t<\/figure>\n\t\t\t\t\t\t\t\t\t<\/div>\n\t\t\t\t<\/div>\n\t\t\t\t\t<\/div>\n\t\t\t\t<\/div>\n\t\t\t\t<\/div>\n\t\t\t\t\t<\/div>\n\t\t\t\t<\/div>\n\t\t\t\t<\/div>\n\t\t","protected":false},"excerpt":{"rendered":"<p>ANTARIS 2.5kW Petites \u00e9oliennes ANTARIS ANTARIS 2,5 kW ANTARIS 3,5 kW ANTARIS 5,5 kW ANTARIS 7,5 kW ANTARIS 12.0 kW M\u00e2ture G\u00e9n\u00e9rateurs Lames de r\u00e9pulsif Onduleur Protection contre les chauves-souris Caract\u00e9ristiques techniques ANTARIS 2,5 kW G\u00e9n\u00e9rateur Rotor \u00e0 aimants permanents, sans balais, sans engrenage, sans entretien Rendement \u00e9lev\u00e9 gr\u00e2ce \u00e0 des aimants permanents extr\u00eamement puissants [&hellip;]<\/p>\n","protected":false},"author":1,"featured_media":0,"parent":16399,"menu_order":1,"comment_status":"closed","ping_status":"closed","template":"elementor_header_footer","meta":{"footnotes":""},"class_list":["post-16577","page","type-page","status-publish","hentry"],"_links":{"self":[{"href":"https:\/\/braun-windturbinen.com\/fr\/wp-json\/wp\/v2\/pages\/16577","targetHints":{"allow":["GET"]}}],"collection":[{"href":"https:\/\/braun-windturbinen.com\/fr\/wp-json\/wp\/v2\/pages"}],"about":[{"href":"https:\/\/braun-windturbinen.com\/fr\/wp-json\/wp\/v2\/types\/page"}],"author":[{"embeddable":true,"href":"https:\/\/braun-windturbinen.com\/fr\/wp-json\/wp\/v2\/users\/1"}],"replies":[{"embeddable":true,"href":"https:\/\/braun-windturbinen.com\/fr\/wp-json\/wp\/v2\/comments?post=16577"}],"version-history":[{"count":5,"href":"https:\/\/braun-windturbinen.com\/fr\/wp-json\/wp\/v2\/pages\/16577\/revisions"}],"predecessor-version":[{"id":16754,"href":"https:\/\/braun-windturbinen.com\/fr\/wp-json\/wp\/v2\/pages\/16577\/revisions\/16754"}],"up":[{"embeddable":true,"href":"https:\/\/braun-windturbinen.com\/fr\/wp-json\/wp\/v2\/pages\/16399"}],"wp:attachment":[{"href":"https:\/\/braun-windturbinen.com\/fr\/wp-json\/wp\/v2\/media?parent=16577"}],"curies":[{"name":"wp","href":"https:\/\/api.w.org\/{rel}","templated":true}]}}