{"id":16504,"date":"2014-01-31T19:45:19","date_gmt":"2014-01-31T17:45:19","guid":{"rendered":"https:\/\/braun-windturbinen.com\/entreprise\/gauche\/"},"modified":"2026-02-05T18:30:29","modified_gmt":"2026-02-05T16:30:29","slug":"gauche","status":"publish","type":"page","link":"https:\/\/braun-windturbinen.com\/fr\/entreprise\/gauche\/","title":{"rendered":"Gauche"},"content":{"rendered":"\t\t<div data-elementor-type=\"wp-page\" data-elementor-id=\"16504\" class=\"elementor elementor-16504 elementor-1774\" data-elementor-post-type=\"page\">\n\t\t\t\t<div class=\"elementor-element elementor-element-e7c092e e-flex e-con-boxed e-con e-parent\" data-id=\"e7c092e\" data-element_type=\"container\" data-e-type=\"container\" data-settings=\"{&quot;background_background&quot;:&quot;classic&quot;}\">\n\t\t\t\t\t<div class=\"e-con-inner\">\n\t\t<div class=\"elementor-element elementor-element-db0279f e-con-full e-flex e-con e-child\" data-id=\"db0279f\" data-element_type=\"container\" data-e-type=\"container\" data-settings=\"{&quot;background_background&quot;:&quot;classic&quot;}\">\n\t\t\t\t<div class=\"elementor-element elementor-element-197f444 elementor-widget elementor-widget-heading\" data-id=\"197f444\" data-element_type=\"widget\" data-e-type=\"widget\" data-widget_type=\"heading.default\">\n\t\t\t\t<div class=\"elementor-widget-container\">\n\t\t\t\t\t<h2 class=\"elementor-heading-title elementor-size-default\">Gauche<\/h2>\t\t\t\t<\/div>\n\t\t\t\t<\/div>\n\t\t\t\t<\/div>\n\t\t\t\t\t<\/div>\n\t\t\t\t<\/div>\n\t\t<div class=\"elementor-element elementor-element-481f7f3 e-flex e-con-boxed e-con e-parent\" data-id=\"481f7f3\" data-element_type=\"container\" data-e-type=\"container\">\n\t\t\t\t\t<div class=\"e-con-inner\">\n\t\t<div class=\"elementor-element elementor-element-c8bfd58 e-con-full e-flex e-con e-child\" data-id=\"c8bfd58\" data-element_type=\"container\" data-e-type=\"container\" data-settings=\"{&quot;background_background&quot;:&quot;classic&quot;}\">\n\t\t<div class=\"elementor-element elementor-element-aadc765 e-con-full e-flex e-con e-child\" data-id=\"aadc765\" data-element_type=\"container\" data-e-type=\"container\">\n\t\t\t\t<div class=\"elementor-element elementor-element-036edec elementor-widget elementor-widget-heading\" data-id=\"036edec\" data-element_type=\"widget\" data-e-type=\"widget\" data-widget_type=\"heading.default\">\n\t\t\t\t<div class=\"elementor-widget-container\">\n\t\t\t\t\t<h2 class=\"elementor-heading-title elementor-size-default\">Vous trouverez ici des liens sur le th\u00e8me des petites \u00e9oliennes et de nos partenaires<\/h2>\t\t\t\t<\/div>\n\t\t\t\t<\/div>\n\t\t<div class=\"elementor-element elementor-element-5eaf564 e-flex e-con-boxed e-con e-child\" data-id=\"5eaf564\" data-element_type=\"container\" data-e-type=\"container\">\n\t\t\t\t\t<div class=\"e-con-inner\">\n\t\t\t\t<div class=\"elementor-element elementor-element-5f45d08 elementor-widget elementor-widget-spacer\" data-id=\"5f45d08\" data-element_type=\"widget\" data-e-type=\"widget\" data-widget_type=\"spacer.default\">\n\t\t\t\t<div class=\"elementor-widget-container\">\n\t\t\t\t\t\t\t<div class=\"elementor-spacer\">\n\t\t\t<div class=\"elementor-spacer-inner\"><\/div>\n\t\t<\/div>\n\t\t\t\t\t\t<\/div>\n\t\t\t\t<\/div>\n\t\t\t\t<div class=\"elementor-element elementor-element-26d2b30 elementor-widget elementor-widget-text-editor\" data-id=\"26d2b30\" data-element_type=\"widget\" data-e-type=\"widget\" data-widget_type=\"text-editor.default\">\n\t\t\t\t<div class=\"elementor-widget-container\">\n\t\t\t\t\t\t\t\t\t<p><span style=\"color: #3bacda;\"><a style=\"color: #3bacda;\" href=\"https:\/\/www.facebook.com\/kleinwindkraftanlagen\" target=\"_blank\" rel=\"noopener\">www.facebook.com\/kleinwindkraftanlagen<\/a><\/span><\/p>\t\t\t\t\t\t\t\t<\/div>\n\t\t\t\t<\/div>\n\t\t\t\t<div class=\"elementor-element elementor-element-dd489b4 elementor-widget-divider--view-line elementor-widget elementor-widget-divider\" data-id=\"dd489b4\" data-element_type=\"widget\" data-e-type=\"widget\" data-widget_type=\"divider.default\">\n\t\t\t\t<div class=\"elementor-widget-container\">\n\t\t\t\t\t\t\t<div class=\"elementor-divider\">\n\t\t\t<span class=\"elementor-divider-separator\">\n\t\t\t\t\t\t<\/span>\n\t\t<\/div>\n\t\t\t\t\t\t<\/div>\n\t\t\t\t<\/div>\n\t\t\t\t\t<\/div>\n\t\t\t\t<\/div>\n\t\t<div class=\"elementor-element elementor-element-fb01c75 e-flex e-con-boxed e-con e-child\" data-id=\"fb01c75\" data-element_type=\"container\" data-e-type=\"container\">\n\t\t\t\t\t<div class=\"e-con-inner\">\n\t\t\t\t<div class=\"elementor-element elementor-element-caf0c52 elementor-widget elementor-widget-text-editor\" data-id=\"caf0c52\" data-element_type=\"widget\" data-e-type=\"widget\" data-widget_type=\"text-editor.default\">\n\t\t\t\t<div class=\"elementor-widget-container\">\n\t\t\t\t\t\t\t\t\t<p><span style=\"color: #3bacda;\"><a style=\"color: #3bacda;\" href=\"http:\/\/www.klein-windkraftanlagen.com\/\" target=\"_blank\" rel=\"noopener noreferrer\">www.klein-windkraftanlagen.com<\/a><\/span><\/p>\t\t\t\t\t\t\t\t<\/div>\n\t\t\t\t<\/div>\n\t\t\t\t<div class=\"elementor-element elementor-element-f641358 elementor-widget-divider--view-line elementor-widget elementor-widget-divider\" data-id=\"f641358\" data-element_type=\"widget\" data-e-type=\"widget\" data-widget_type=\"divider.default\">\n\t\t\t\t<div class=\"elementor-widget-container\">\n\t\t\t\t\t\t\t<div class=\"elementor-divider\">\n\t\t\t<span class=\"elementor-divider-separator\">\n\t\t\t\t\t\t<\/span>\n\t\t<\/div>\n\t\t\t\t\t\t<\/div>\n\t\t\t\t<\/div>\n\t\t\t\t\t<\/div>\n\t\t\t\t<\/div>\n\t\t<div class=\"elementor-element elementor-element-d594e99 e-flex e-con-boxed e-con e-child\" data-id=\"d594e99\" data-element_type=\"container\" data-e-type=\"container\">\n\t\t\t\t\t<div class=\"e-con-inner\">\n\t\t\t\t<div class=\"elementor-element elementor-element-dc4ba1c elementor-widget elementor-widget-text-editor\" data-id=\"dc4ba1c\" data-element_type=\"widget\" data-e-type=\"widget\" data-widget_type=\"text-editor.default\">\n\t\t\t\t<div class=\"elementor-widget-container\">\n\t\t\t\t\t\t\t\t\t<p><span style=\"color: #3bacda;\"><a style=\"color: #3bacda;\" title=\"Courant du vent sur Terre\" href=\"http:\/\/earth.nullschool.net\/\" target=\"_blank\" rel=\"noopener noreferrer\">Courant du vent sur Terre <\/a><a style=\"color: #3bacda;\" title=\"Satire de l\u2019\u00e9nergie \u00e9olienne\" href=\"http:\/\/windkraftsatire.de\/\" target=\"_blank\" rel=\"noopener noreferrer\">www.windkraftsatire.de<\/a><\/span><\/p>\t\t\t\t\t\t\t\t<\/div>\n\t\t\t\t<\/div>\n\t\t\t\t<div class=\"elementor-element elementor-element-15921e3 elementor-widget-divider--view-line elementor-widget elementor-widget-divider\" data-id=\"15921e3\" data-element_type=\"widget\" data-e-type=\"widget\" data-widget_type=\"divider.default\">\n\t\t\t\t<div class=\"elementor-widget-container\">\n\t\t\t\t\t\t\t<div class=\"elementor-divider\">\n\t\t\t<span class=\"elementor-divider-separator\">\n\t\t\t\t\t\t<\/span>\n\t\t<\/div>\n\t\t\t\t\t\t<\/div>\n\t\t\t\t<\/div>\n\t\t\t\t\t<\/div>\n\t\t\t\t<\/div>\n\t\t<div class=\"elementor-element elementor-element-d1fb9fd e-flex e-con-boxed e-con e-child\" data-id=\"d1fb9fd\" data-element_type=\"container\" data-e-type=\"container\">\n\t\t\t\t\t<div class=\"e-con-inner\">\n\t\t\t\t<div class=\"elementor-element elementor-element-da03184 elementor-widget elementor-widget-text-editor\" data-id=\"da03184\" data-element_type=\"widget\" data-e-type=\"widget\" data-widget_type=\"text-editor.default\">\n\t\t\t\t<div class=\"elementor-widget-container\">\n\t\t\t\t\t\t\t\t\t<p><span style=\"color: #3bacda;\"><a style=\"color: #3bacda;\" href=\"https:\/\/www.dwd.de\/DE\/leistungen\/winddaten_windenergienutzer\/winddaten_windenergienutzer.html\" target=\"_blank\" rel=\"noopener\">Cartes des vents de l\u2019Office m\u00e9t\u00e9orologique allemand<\/a><\/span><\/p>\t\t\t\t\t\t\t\t<\/div>\n\t\t\t\t<\/div>\n\t\t\t\t<div class=\"elementor-element elementor-element-266fd05 elementor-widget-divider--view-line elementor-widget elementor-widget-divider\" data-id=\"266fd05\" data-element_type=\"widget\" data-e-type=\"widget\" data-widget_type=\"divider.default\">\n\t\t\t\t<div class=\"elementor-widget-container\">\n\t\t\t\t\t\t\t<div class=\"elementor-divider\">\n\t\t\t<span class=\"elementor-divider-separator\">\n\t\t\t\t\t\t<\/span>\n\t\t<\/div>\n\t\t\t\t\t\t<\/div>\n\t\t\t\t<\/div>\n\t\t\t\t\t<\/div>\n\t\t\t\t<\/div>\n\t\t<div class=\"elementor-element elementor-element-2833e76 e-flex e-con-boxed e-con e-child\" data-id=\"2833e76\" data-element_type=\"container\" data-e-type=\"container\">\n\t\t\t\t\t<div class=\"e-con-inner\">\n\t\t\t\t<div class=\"elementor-element elementor-element-12285cf elementor-widget elementor-widget-text-editor\" data-id=\"12285cf\" data-element_type=\"widget\" data-e-type=\"widget\" data-widget_type=\"text-editor.default\">\n\t\t\t\t<div class=\"elementor-widget-container\">\n\t\t\t\t\t\t\t\t\t<p><span style=\"color: #3bacda;\"><a style=\"color: #3bacda;\" href=\"http:\/\/www.wind-data.ch\/tools\/\" target=\"_blank\" rel=\"noopener noreferrer\">Calculateur d\u2019\u00e9nergie \u00e9olienne pour la Suisse<\/a><\/span><\/p>\t\t\t\t\t\t\t\t<\/div>\n\t\t\t\t<\/div>\n\t\t\t\t<div class=\"elementor-element elementor-element-0cd5f86 elementor-widget-divider--view-line elementor-widget elementor-widget-divider\" data-id=\"0cd5f86\" data-element_type=\"widget\" data-e-type=\"widget\" data-widget_type=\"divider.default\">\n\t\t\t\t<div class=\"elementor-widget-container\">\n\t\t\t\t\t\t\t<div class=\"elementor-divider\">\n\t\t\t<span class=\"elementor-divider-separator\">\n\t\t\t\t\t\t<\/span>\n\t\t<\/div>\n\t\t\t\t\t\t<\/div>\n\t\t\t\t<\/div>\n\t\t\t\t\t<\/div>\n\t\t\t\t<\/div>\n\t\t<div class=\"elementor-element elementor-element-d4d4a0c e-flex e-con-boxed e-con e-child\" data-id=\"d4d4a0c\" data-element_type=\"container\" data-e-type=\"container\">\n\t\t\t\t\t<div class=\"e-con-inner\">\n\t\t\t\t<div class=\"elementor-element elementor-element-ccb5531 elementor-widget elementor-widget-text-editor\" data-id=\"ccb5531\" data-element_type=\"widget\" data-e-type=\"widget\" data-widget_type=\"text-editor.default\">\n\t\t\t\t<div class=\"elementor-widget-container\">\n\t\t\t\t\t\t\t\t\t<p><span style=\"color: #3bacda;\"><a style=\"color: #3bacda;\" href=\"http:\/\/www.windfinder.com\/\" target=\"_blank\" rel=\"noopener noreferrer\">Veureur<\/a><\/span><br \/>Ici, vous pouvez voir la vitesse actuelle du vent pour l\u2019emplacement de votre \u00e9olienne.<\/p>\t\t\t\t\t\t\t\t<\/div>\n\t\t\t\t<\/div>\n\t\t\t\t<div class=\"elementor-element elementor-element-6534f0f elementor-widget-divider--view-line elementor-widget elementor-widget-divider\" data-id=\"6534f0f\" data-element_type=\"widget\" data-e-type=\"widget\" data-widget_type=\"divider.default\">\n\t\t\t\t<div class=\"elementor-widget-container\">\n\t\t\t\t\t\t\t<div class=\"elementor-divider\">\n\t\t\t<span class=\"elementor-divider-separator\">\n\t\t\t\t\t\t<\/span>\n\t\t<\/div>\n\t\t\t\t\t\t<\/div>\n\t\t\t\t<\/div>\n\t\t\t\t\t<\/div>\n\t\t\t\t<\/div>\n\t\t<div class=\"elementor-element elementor-element-fa7fdc9 e-flex e-con-boxed e-con e-child\" data-id=\"fa7fdc9\" data-element_type=\"container\" data-e-type=\"container\">\n\t\t\t\t\t<div class=\"e-con-inner\">\n\t\t\t\t<div class=\"elementor-element elementor-element-17c3287 elementor-widget elementor-widget-text-editor\" data-id=\"17c3287\" data-element_type=\"widget\" data-e-type=\"widget\" data-widget_type=\"text-editor.default\">\n\t\t\t\t<div class=\"elementor-widget-container\">\n\t\t\t\t\t\t\t\t\t<p><span style=\"color: #3bacda;\"><a style=\"color: #3bacda;\" href=\"https:\/\/nisterau.de\/\" target=\"_blank\" rel=\"noopener\">Nisterau<\/a><\/span><br \/>La communaut\u00e9 d\u2019origine de R\u00fcdiger Braun !<\/p>\t\t\t\t\t\t\t\t<\/div>\n\t\t\t\t<\/div>\n\t\t\t\t<div class=\"elementor-element elementor-element-2ad7bf8 elementor-widget-divider--view-line elementor-widget elementor-widget-divider\" data-id=\"2ad7bf8\" data-element_type=\"widget\" data-e-type=\"widget\" data-widget_type=\"divider.default\">\n\t\t\t\t<div class=\"elementor-widget-container\">\n\t\t\t\t\t\t\t<div class=\"elementor-divider\">\n\t\t\t<span class=\"elementor-divider-separator\">\n\t\t\t\t\t\t<\/span>\n\t\t<\/div>\n\t\t\t\t\t\t<\/div>\n\t\t\t\t<\/div>\n\t\t\t\t\t<\/div>\n\t\t\t\t<\/div>\n\t\t<div class=\"elementor-element elementor-element-6d510b8 e-flex e-con-boxed e-con e-child\" data-id=\"6d510b8\" data-element_type=\"container\" data-e-type=\"container\">\n\t\t\t\t\t<div class=\"e-con-inner\">\n\t\t\t\t<div class=\"elementor-element elementor-element-fe82102 elementor-widget elementor-widget-text-editor\" data-id=\"fe82102\" data-element_type=\"widget\" data-e-type=\"widget\" data-widget_type=\"text-editor.default\">\n\t\t\t\t<div class=\"elementor-widget-container\">\n\t\t\t\t\t\t\t\t\t<p><span style=\"color: #3bacda;\"><a style=\"color: #3bacda;\" href=\"https:\/\/www.earthdata.nasa.gov\/centers\/asdc-daac\" target=\"_blank\" rel=\"noopener\">Centre de donn\u00e9es scientifiques atmosph\u00e9riques<\/a><\/span><br \/>Donn\u00e9es m\u00e9t\u00e9orologiques de la NASA pour chaque lieu sur Terre, radiation mondiale, vitesses du vent, temp\u00e9ratures, etc. (minimum \/ max \/ moyen). Un outil important pour calculer les rendements des centrales \u00e9oliennes et solaires.<\/p>\t\t\t\t\t\t\t\t<\/div>\n\t\t\t\t<\/div>\n\t\t\t\t<div class=\"elementor-element elementor-element-15ba419 elementor-widget elementor-widget-text-editor\" data-id=\"15ba419\" data-element_type=\"widget\" data-e-type=\"widget\" data-widget_type=\"text-editor.default\">\n\t\t\t\t<div class=\"elementor-widget-container\">\n\t\t\t\t\t\t\t\t\t<p><blockquote class=\"wp-embedded-content\" data-secret=\"L2MYhf0rRU\"><a href=\"https:\/\/www.sonnenseite.com\/de\/\" target=\"_blank\" rel=\"noopener\">Home<\/a><\/blockquote><iframe class=\"wp-embedded-content\" sandbox=\"allow-scripts\" security=\"restricted\" style=\"position: absolute; visibility: hidden;\" title=\"&#8222;Home&#8220; &#8211; Sonnenseite\" src=\"https:\/\/www.sonnenseite.com\/de\/embed\/#?secret=NLUcp4iNf7#?secret=L2MYhf0rRU\" data-secret=\"L2MYhf0rRU\" width=\"600\" height=\"338\" frameborder=\"0\" marginwidth=\"0\" marginheight=\"0\" scrolling=\"no\"><\/iframe><\/p>\t\t\t\t\t\t\t\t<\/div>\n\t\t\t\t<\/div>\n\t\t\t\t\t<\/div>\n\t\t\t\t<\/div>\n\t\t\t\t<\/div>\n\t\t\t\t<\/div>\n\t\t\t\t\t<\/div>\n\t\t\t\t<\/div>\n\t\t\t\t<\/div>\n\t\t","protected":false},"excerpt":{"rendered":"<p>Gauche Vous trouverez ici des liens sur le th\u00e8me des petites \u00e9oliennes et de nos partenaires www.facebook.com\/kleinwindkraftanlagen www.klein-windkraftanlagen.com Courant du vent sur Terre www.windkraftsatire.de Cartes des vents de l\u2019Office m\u00e9t\u00e9orologique allemand Calculateur d\u2019\u00e9nergie \u00e9olienne pour la Suisse VeureurIci, vous pouvez voir la vitesse actuelle du vent pour l\u2019emplacement de votre \u00e9olienne. NisterauLa communaut\u00e9 d\u2019origine de [&hellip;]<\/p>\n","protected":false},"author":7,"featured_media":0,"parent":16442,"menu_order":0,"comment_status":"closed","ping_status":"closed","template":"elementor_header_footer","meta":{"footnotes":""},"class_list":["post-16504","page","type-page","status-publish","hentry"],"_links":{"self":[{"href":"https:\/\/braun-windturbinen.com\/fr\/wp-json\/wp\/v2\/pages\/16504","targetHints":{"allow":["GET"]}}],"collection":[{"href":"https:\/\/braun-windturbinen.com\/fr\/wp-json\/wp\/v2\/pages"}],"about":[{"href":"https:\/\/braun-windturbinen.com\/fr\/wp-json\/wp\/v2\/types\/page"}],"author":[{"embeddable":true,"href":"https:\/\/braun-windturbinen.com\/fr\/wp-json\/wp\/v2\/users\/7"}],"replies":[{"embeddable":true,"href":"https:\/\/braun-windturbinen.com\/fr\/wp-json\/wp\/v2\/comments?post=16504"}],"version-history":[{"count":5,"href":"https:\/\/braun-windturbinen.com\/fr\/wp-json\/wp\/v2\/pages\/16504\/revisions"}],"predecessor-version":[{"id":19273,"href":"https:\/\/braun-windturbinen.com\/fr\/wp-json\/wp\/v2\/pages\/16504\/revisions\/19273"}],"up":[{"embeddable":true,"href":"https:\/\/braun-windturbinen.com\/fr\/wp-json\/wp\/v2\/pages\/16442"}],"wp:attachment":[{"href":"https:\/\/braun-windturbinen.com\/fr\/wp-json\/wp\/v2\/media?parent=16504"}],"curies":[{"name":"wp","href":"https:\/\/api.w.org\/{rel}","templated":true}]}}