{"id":16472,"date":"2014-01-12T17:12:41","date_gmt":"2014-01-12T15:12:41","guid":{"rendered":"https:\/\/braun-windturbinen.com\/savoir-faire\/centrale-de-cogeneration\/"},"modified":"2025-03-24T14:58:44","modified_gmt":"2025-03-24T12:58:44","slug":"centrale-de-cogeneration","status":"publish","type":"page","link":"https:\/\/braun-windturbinen.com\/fr\/savoir-faire\/centrale-de-cogeneration\/","title":{"rendered":"Centrale de cog\u00e9n\u00e9ration"},"content":{"rendered":"\t\t<div data-elementor-type=\"wp-page\" data-elementor-id=\"16472\" class=\"elementor elementor-16472 elementor-1029\" data-elementor-post-type=\"page\">\n\t\t\t\t<div class=\"elementor-element elementor-element-39ffdec e-flex e-con-boxed e-con e-parent\" data-id=\"39ffdec\" data-element_type=\"container\" data-e-type=\"container\" data-settings=\"{&quot;background_background&quot;:&quot;classic&quot;}\">\n\t\t\t\t\t<div class=\"e-con-inner\">\n\t\t<div class=\"elementor-element elementor-element-f7fff12 e-con-full e-flex e-con e-child\" data-id=\"f7fff12\" data-element_type=\"container\" data-e-type=\"container\" data-settings=\"{&quot;background_background&quot;:&quot;classic&quot;}\">\n\t\t\t\t<div class=\"elementor-element elementor-element-e74cea5 elementor-widget elementor-widget-heading\" data-id=\"e74cea5\" data-element_type=\"widget\" data-e-type=\"widget\" data-widget_type=\"heading.default\">\n\t\t\t\t<div class=\"elementor-widget-container\">\n\t\t\t\t\t<h2 class=\"elementor-heading-title elementor-size-default\">Centrale de cog\u00e9n\u00e9ration<\/h2>\t\t\t\t<\/div>\n\t\t\t\t<\/div>\n\t\t\t\t<\/div>\n\t\t\t\t\t<\/div>\n\t\t\t\t<\/div>\n\t\t<div class=\"elementor-element elementor-element-8364e59 e-flex e-con-boxed e-con e-parent\" data-id=\"8364e59\" data-element_type=\"container\" data-e-type=\"container\">\n\t\t\t\t\t<div class=\"e-con-inner\">\n\t\t<div class=\"elementor-element elementor-element-ca2d2bc e-con-full e-flex e-con e-child\" data-id=\"ca2d2bc\" data-element_type=\"container\" data-e-type=\"container\" data-settings=\"{&quot;background_background&quot;:&quot;classic&quot;}\">\n\t\t<div class=\"elementor-element elementor-element-c19c0f1 e-con-full e-flex e-con e-child\" data-id=\"c19c0f1\" data-element_type=\"container\" data-e-type=\"container\">\n\t\t\t\t<div class=\"elementor-element elementor-element-acb93d4 elementor-widget elementor-widget-heading\" data-id=\"acb93d4\" data-element_type=\"widget\" data-e-type=\"widget\" data-widget_type=\"heading.default\">\n\t\t\t\t<div class=\"elementor-widget-container\">\n\t\t\t\t\t<h2 class=\"elementor-heading-title elementor-size-default\">Le support de chauffage optimal pour votre maison individuelle !<\/h2>\t\t\t\t<\/div>\n\t\t\t\t<\/div>\n\t\t\t\t<div class=\"elementor-element elementor-element-de2f236 elementor-widget elementor-widget-text-editor\" data-id=\"de2f236\" data-element_type=\"widget\" data-e-type=\"widget\" data-widget_type=\"text-editor.default\">\n\t\t\t\t<div class=\"elementor-widget-container\">\n\t\t\t\t\t\t\t\t\t<p><strong>1. Moteur diesel stationnaire (sur site)<\/strong><br \/>Le moteur d\u2019entra\u00eenement doit avoir une puissance d\u2019environ 4 \u00e0 8 kW, \u00e0 une vitesse maximale d\u2019environ 2200 tr\/min ! Pour augmenter la dur\u00e9e de vie du moteur, il doit fonctionner \u00e0 environ 1300-1500 tr\/min dans la plage de charge partielle. Cependant, des moteurs avec une vitesse maximale de seulement 1000 tr\/min sont \u00e9galement disponibles, o\u00f9 le g\u00e9n\u00e9rateur \u00e0 aimants permanents peut \u00e9galement \u00eatre coupl\u00e9 directement au moteur d\u2019entra\u00eenement. La \u00ab&nbsp;vitesse de travail&nbsp;\u00bb doit \u00e9galement \u00eatre l\u00e9g\u00e8rement inf\u00e9rieure \u00e0 la vitesse maximale (environ 750 \u2013 900 tr\/min) ! Les vitesses de g\u00e9n\u00e9rateur correspondantes peuvent \u00eatre trouv\u00e9es sous le lien \u00ab&nbsp;G\u00e9n\u00e9rateurs&nbsp;\u00bb. Alternativement, vous pouvez \u00e9galement travailler avec un g\u00e9n\u00e9rateur d\u2019\u00e9nergie de secours disponible dans le commerce (de pr\u00e9f\u00e9rence \u00ab&nbsp;diesel&nbsp;\u00bb). Dans ce cas, vous n\u2019avez besoin que de l\u2019onduleur de r\u00e9seau et du contr\u00f4leur.<\/p><p><strong>2. G\u00e9n\u00e9rateur d\u2019aimants permanents (aimants permanents NdFeBo)<\/strong><br \/>Ce sont les aimants permanents les plus puissants qui existent actuellement. L\u2019alternateur triphas\u00e9 est sans balais, sans engrenage et sans entretien.<br \/>Caract\u00e9ristiques techniques : 10 broches, IP55, bo\u00eetier en aluminium, montage sur pied, refroidissement de surface au moyen d\u2019une roue de ventilateur, poids : 29 -48 kg, puissance : 2,5 \u2013 6,5 kW.<br \/>En option, vous pouvez \u00e9galement travailler avec un g\u00e9n\u00e9rateur synchrone. C\u2019est moins cher en termes de prix, mais l\u2019alimentation ne peut plus \u00eatre effectu\u00e9e \u00e0 vitesse variable et l\u2019efficacit\u00e9 est environ 30&nbsp;% moins bonne !  <\/p><p><strong>3. Onduleurs de r\u00e9seau Power One et Smart&nbsp;!wind 2500 &#8211; 7500 watts<\/strong><br \/>L\u2019onduleur de r\u00e9seau fonctionne en parall\u00e8le du r\u00e9seau (230\/400 V), c\u2019est-\u00e0-dire que l\u2019\u00e9nergie g\u00e9n\u00e9r\u00e9e par le g\u00e9n\u00e9rateur \u00ab circule \u00bb directement dans le r\u00e9seau domestique ou le r\u00e9seau public. La tension de fonctionnement est d\u2019environ 500 VDC, avec une puissance d\u2019injection de max. 3,0 \u2013 6,0 kW. Gr\u00e2ce \u00e0 la tension de fonctionnement relativement \u00e9lev\u00e9e, ainsi qu\u2019\u00e0 un enroulement sp\u00e9cialement adapt\u00e9 \u00e0 l\u2019application, le chauffage inutile du g\u00e9n\u00e9rateur est \u00e9vit\u00e9. Un r\u00e9glage pr\u00e9cis du g\u00e9n\u00e9rateur et du moteur d\u2019entra\u00eenement en termes de vitesse et de puissance est possible en modifiant les param\u00e8tres de puissance sur l\u2019onduleur ! \u00c9tant donn\u00e9 que l\u2019onduleur s\u2019adapte \u00e0 une variation de la tension du g\u00e9n\u00e9rateur, le r\u00e9seau est inject\u00e9 dans le r\u00e9seau dans la mesure du possible, ind\u00e9pendamment de la vitesse. Les onduleurs disposent d\u2019une d\u00e9claration de conformit\u00e9 correspondante et sont approuv\u00e9s pour un fonctionnement en parall\u00e8le du r\u00e9seau, l\u2019ENS prescrit est d\u00e9j\u00e0 int\u00e9gr\u00e9. Important : Avec ce type d\u2019injection dans le r\u00e9seau, le cosinus phi est de 1,0, c\u2019est-\u00e0-dire qu\u2019il n\u2019y a aucun probl\u00e8me avec l\u2019entreprise locale en termes de puissance apparente et de puissance active.       <\/p><p><strong>4. Contr\u00f4le avec \u00e9lectronique de contr\u00f4le<\/strong><br \/>Le syst\u00e8me de contr\u00f4le surveille la tension du syst\u00e8me et prot\u00e8ge le <strong>Power One<\/strong> contre les surtensions. De plus, le courant triphas\u00e9 du g\u00e9n\u00e9rateur est redress\u00e9 et transmis \u00e0 l\u2019onduleur du r\u00e9seau. Bien entendu, vos souhaits individuels en mati\u00e8re de contr\u00f4le de la cog\u00e9n\u00e9ration seront \u00e9galement pris en compte, tels que l\u2019arr\u00eat du moteur, la mesure de la chaleur, etc.  <\/p>\t\t\t\t\t\t\t\t<\/div>\n\t\t\t\t<\/div>\n\t\t\t\t<\/div>\n\t\t<div class=\"elementor-element elementor-element-ff24514 e-con-full e-flex e-con e-child\" data-id=\"ff24514\" data-element_type=\"container\" data-e-type=\"container\">\n\t\t\t\t<div class=\"elementor-element elementor-element-178a44d elementor-widget elementor-widget-heading\" data-id=\"178a44d\" data-element_type=\"widget\" data-e-type=\"widget\" data-widget_type=\"heading.default\">\n\t\t\t\t<div class=\"elementor-widget-container\">\n\t\t\t\t\t<h2 class=\"elementor-heading-title elementor-size-default\">Principe<\/h2>\t\t\t\t<\/div>\n\t\t\t\t<\/div>\n\t\t\t\t<div class=\"elementor-element elementor-element-d43d32e elementor-widget elementor-widget-image\" data-id=\"d43d32e\" data-element_type=\"widget\" data-e-type=\"widget\" data-widget_type=\"image.default\">\n\t\t\t\t<div class=\"elementor-widget-container\">\n\t\t\t\t\t\t\t\t\t\t\t\t<figure class=\"wp-caption\">\n\t\t\t\t\t\t\t\t\t\t<img fetchpriority=\"high\" decoding=\"async\" width=\"455\" height=\"256\" src=\"https:\/\/braun-windturbinen.com\/wp-content\/uploads\/bhkw_01.jpg\" class=\"attachment-full size-full wp-image-14707\" alt=\"\" srcset=\"https:\/\/braun-windturbinen.com\/wp-content\/uploads\/bhkw_01.jpg 455w, https:\/\/braun-windturbinen.com\/wp-content\/uploads\/bhkw_01-300x169.jpg 300w, https:\/\/braun-windturbinen.com\/wp-content\/uploads\/bhkw_01-150x84.jpg 150w\" sizes=\"(max-width: 455px) 100vw, 455px\" \/>\t\t\t\t\t\t\t\t\t\t\t<figcaption class=\"widget-image-caption wp-caption-text\">Blockheizkraftwerk mit Grundausstattung zum Netzparallelbetrieb. 2 \u2013 6 kW elektrisch \/ ca. 4 \u2013 12 kW thermisch.<\/figcaption>\n\t\t\t\t\t\t\t\t\t\t<\/figure>\n\t\t\t\t\t\t\t\t\t<\/div>\n\t\t\t\t<\/div>\n\t\t\t\t<div class=\"elementor-element elementor-element-06aefea elementor-widget elementor-widget-image\" data-id=\"06aefea\" data-element_type=\"widget\" data-e-type=\"widget\" data-widget_type=\"image.default\">\n\t\t\t\t<div class=\"elementor-widget-container\">\n\t\t\t\t\t\t\t\t\t\t\t\t<figure class=\"wp-caption\">\n\t\t\t\t\t\t\t\t\t\t<img decoding=\"async\" width=\"400\" height=\"266\" src=\"https:\/\/braun-windturbinen.com\/wp-content\/uploads\/bhkw_02.jpg\" class=\"attachment-full size-full wp-image-14709\" alt=\"\" srcset=\"https:\/\/braun-windturbinen.com\/wp-content\/uploads\/bhkw_02.jpg 400w, https:\/\/braun-windturbinen.com\/wp-content\/uploads\/bhkw_02-300x200.jpg 300w, https:\/\/braun-windturbinen.com\/wp-content\/uploads\/bhkw_02-150x100.jpg 150w\" sizes=\"(max-width: 400px) 100vw, 400px\" \/>\t\t\t\t\t\t\t\t\t\t\t<figcaption class=\"widget-image-caption wp-caption-text\">Steuerung BHKW<\/figcaption>\n\t\t\t\t\t\t\t\t\t\t<\/figure>\n\t\t\t\t\t\t\t\t\t<\/div>\n\t\t\t\t<\/div>\n\t\t\t\t<\/div>\n\t\t\t\t<\/div>\n\t\t<div class=\"elementor-element elementor-element-2cac30b e-con-full e-flex e-con e-child\" data-id=\"2cac30b\" data-element_type=\"container\" data-e-type=\"container\" data-settings=\"{&quot;background_background&quot;:&quot;classic&quot;}\">\n\t\t<div class=\"elementor-element elementor-element-871c7ff e-con-full e-flex e-con e-child\" data-id=\"871c7ff\" data-element_type=\"container\" data-e-type=\"container\">\n\t\t\t\t<div class=\"elementor-element elementor-element-293dd98 elementor-widget elementor-widget-heading\" data-id=\"293dd98\" data-element_type=\"widget\" data-e-type=\"widget\" data-widget_type=\"heading.default\">\n\t\t\t\t<div class=\"elementor-widget-container\">\n\t\t\t\t\t<h2 class=\"elementor-heading-title elementor-size-default\">Exemple d\u2019auto-construction de la centrale de cog\u00e9n\u00e9ration<\/h2>\t\t\t\t<\/div>\n\t\t\t\t<\/div>\n\t\t\t\t<div class=\"elementor-element elementor-element-55721b3 gallery-spacing-custom glary elementor-widget elementor-widget-image-gallery\" data-id=\"55721b3\" data-element_type=\"widget\" data-e-type=\"widget\" data-widget_type=\"image-gallery.default\">\n\t\t\t\t<div class=\"elementor-widget-container\">\n\t\t\t\t\t\t\t<div class=\"elementor-image-gallery\">\n\t\t\t<div id='gallery-1' class='gallery galleryid-16472 gallery-columns-2 gallery-size-thumbnail'><figure class='gallery-item'>\n\t\t\t<div class='gallery-icon landscape'>\n\t\t\t\t<a data-elementor-open-lightbox=\"yes\" data-elementor-lightbox-slideshow=\"55721b3\" data-elementor-lightbox-title=\"Steuerelektronik\" data-e-action-hash=\"#elementor-action%3Aaction%3Dlightbox%26settings%3DeyJpZCI6MTQ3MTMsInVybCI6Imh0dHBzOlwvXC9icmF1bi13aW5kdHVyYmluZW4uY29tXC93cC1jb250ZW50XC91cGxvYWRzXC9TdGV1ZXJlbGVrdHJvbmlrLTEuanBnIiwic2xpZGVzaG93IjoiNTU3MjFiMyJ9\" href='https:\/\/braun-windturbinen.com\/wp-content\/uploads\/Steuerelektronik-1.jpg' rel=\"lightbox[16472]\"><img decoding=\"async\" width=\"150\" height=\"92\" src=\"https:\/\/braun-windturbinen.com\/wp-content\/uploads\/Steuerelektronik-1-150x92.jpg\" class=\"attachment-thumbnail size-thumbnail\" alt=\"\" srcset=\"https:\/\/braun-windturbinen.com\/wp-content\/uploads\/Steuerelektronik-1-150x92.jpg 150w, https:\/\/braun-windturbinen.com\/wp-content\/uploads\/Steuerelektronik-1-300x183.jpg 300w, https:\/\/braun-windturbinen.com\/wp-content\/uploads\/Steuerelektronik-1.jpg 750w\" sizes=\"(max-width: 150px) 100vw, 150px\" \/><\/a>\n\t\t\t<\/div><\/figure><figure class='gallery-item'>\n\t\t\t<div class='gallery-icon portrait'>\n\t\t\t\t<a data-elementor-open-lightbox=\"yes\" data-elementor-lightbox-slideshow=\"55721b3\" data-elementor-lightbox-title=\"Komplette-Anlage\" data-e-action-hash=\"#elementor-action%3Aaction%3Dlightbox%26settings%3DeyJpZCI6MTQ3MTEsInVybCI6Imh0dHBzOlwvXC9icmF1bi13aW5kdHVyYmluZW4uY29tXC93cC1jb250ZW50XC91cGxvYWRzXC9Lb21wbGV0dGUtQW5sYWdlLTEuanBnIiwic2xpZGVzaG93IjoiNTU3MjFiMyJ9\" href='https:\/\/braun-windturbinen.com\/wp-content\/uploads\/Komplette-Anlage-1.jpg' rel=\"lightbox[16472]\"><img loading=\"lazy\" decoding=\"async\" width=\"106\" height=\"150\" src=\"https:\/\/braun-windturbinen.com\/wp-content\/uploads\/Komplette-Anlage-1-106x150.jpg\" class=\"attachment-thumbnail size-thumbnail\" alt=\"\" srcset=\"https:\/\/braun-windturbinen.com\/wp-content\/uploads\/Komplette-Anlage-1-106x150.jpg 106w, https:\/\/braun-windturbinen.com\/wp-content\/uploads\/Komplette-Anlage-1-212x300.jpg 212w, https:\/\/braun-windturbinen.com\/wp-content\/uploads\/Komplette-Anlage-1.jpg 460w\" sizes=\"(max-width: 106px) 100vw, 106px\" \/><\/a>\n\t\t\t<\/div><\/figure>\n\t\t<\/div>\n\t\t<\/div>\n\t\t\t\t\t\t<\/div>\n\t\t\t\t<\/div>\n\t\t\t\t<div class=\"elementor-element elementor-element-e4b2d0d elementor-widget elementor-widget-html\" data-id=\"e4b2d0d\" data-element_type=\"widget\" data-e-type=\"widget\" data-widget_type=\"html.default\">\n\t\t\t\t<div class=\"elementor-widget-container\">\n\t\t\t\t\t<style>\n    .glary .elementor-image-gallery .gallery-item img {\n    margin: 0 auto;\n    height: 150px;\n    width: 150px;\n}\n    \n}\n<\/style>\t\t\t\t<\/div>\n\t\t\t\t<\/div>\n\t\t\t\t<\/div>\n\t\t<div class=\"elementor-element elementor-element-c5fd4e2 e-con-full e-flex e-con e-child\" data-id=\"c5fd4e2\" data-element_type=\"container\" data-e-type=\"container\">\n\t\t\t\t<div class=\"elementor-element elementor-element-53d87b7 elementor-widget elementor-widget-text-editor\" data-id=\"53d87b7\" data-element_type=\"widget\" data-e-type=\"widget\" data-widget_type=\"text-editor.default\">\n\t\t\t\t<div class=\"elementor-widget-container\">\n\t\t\t\t\t\t\t\t\t<p>Centrale de cog\u00e9n\u00e9ration auto-construite avec un moteur diesel de 54 ch \/ 1,6 L (Fiesta) ; G\u00e9n\u00e9rateur \u00e0 aimants permanents de 7,5 kW ; Windy Boy 6000&nbsp;; Commande 6,0 kW. Cette structure du syst\u00e8me vous offre l\u2019avantage de pouvoir moduler la production d\u2019\u00e9lectricit\u00e9 et de chaleur avec un rendement \u00e9lev\u00e9 presque constant. Le moteur d\u2019entra\u00eenement tourne \u00e0 environ 900 tr\/min et g\u00e9n\u00e8re une puissance \u00e9lectrique de 4,5 kW.<br \/>F\u00e9licitations pour la mise en place r\u00e9ussie !  <\/p>\t\t\t\t\t\t\t\t<\/div>\n\t\t\t\t<\/div>\n\t\t\t\t<\/div>\n\t\t\t\t<\/div>\n\t\t\t\t\t<\/div>\n\t\t\t\t<\/div>\n\t\t\t\t<\/div>\n\t\t","protected":false},"excerpt":{"rendered":"<p>Centrale de cog\u00e9n\u00e9ration Le support de chauffage optimal pour votre maison individuelle ! 1. Moteur diesel stationnaire (sur site)Le moteur d\u2019entra\u00eenement doit avoir une puissance d\u2019environ 4 \u00e0 8 kW, \u00e0 une vitesse maximale d\u2019environ 2200 tr\/min ! Pour augmenter la dur\u00e9e de vie du moteur, il doit fonctionner \u00e0 environ 1300-1500 tr\/min dans la [&hellip;]<\/p>\n","protected":false},"author":1,"featured_media":0,"parent":16390,"menu_order":7,"comment_status":"closed","ping_status":"closed","template":"elementor_header_footer","meta":{"footnotes":""},"class_list":["post-16472","page","type-page","status-publish","hentry"],"_links":{"self":[{"href":"https:\/\/braun-windturbinen.com\/fr\/wp-json\/wp\/v2\/pages\/16472","targetHints":{"allow":["GET"]}}],"collection":[{"href":"https:\/\/braun-windturbinen.com\/fr\/wp-json\/wp\/v2\/pages"}],"about":[{"href":"https:\/\/braun-windturbinen.com\/fr\/wp-json\/wp\/v2\/types\/page"}],"author":[{"embeddable":true,"href":"https:\/\/braun-windturbinen.com\/fr\/wp-json\/wp\/v2\/users\/1"}],"replies":[{"embeddable":true,"href":"https:\/\/braun-windturbinen.com\/fr\/wp-json\/wp\/v2\/comments?post=16472"}],"version-history":[{"count":1,"href":"https:\/\/braun-windturbinen.com\/fr\/wp-json\/wp\/v2\/pages\/16472\/revisions"}],"predecessor-version":[{"id":16479,"href":"https:\/\/braun-windturbinen.com\/fr\/wp-json\/wp\/v2\/pages\/16472\/revisions\/16479"}],"up":[{"embeddable":true,"href":"https:\/\/braun-windturbinen.com\/fr\/wp-json\/wp\/v2\/pages\/16390"}],"wp:attachment":[{"href":"https:\/\/braun-windturbinen.com\/fr\/wp-json\/wp\/v2\/media?parent=16472"}],"curies":[{"name":"wp","href":"https:\/\/api.w.org\/{rel}","templated":true}]}}