{"id":16421,"date":"2014-01-06T18:47:05","date_gmt":"2014-01-06T16:47:05","guid":{"rendered":"https:\/\/braun-windturbinen.com\/savoir-faire\/fonctionnement-en-parallele-du-reseau\/"},"modified":"2025-03-24T14:58:28","modified_gmt":"2025-03-24T12:58:28","slug":"fonctionnement-en-parallele-du-reseau","status":"publish","type":"page","link":"https:\/\/braun-windturbinen.com\/fr\/savoir-faire\/fonctionnement-en-parallele-du-reseau\/","title":{"rendered":"Fonctionnement en parall\u00e8le du r\u00e9seau"},"content":{"rendered":"\t\t<div data-elementor-type=\"wp-page\" data-elementor-id=\"16421\" class=\"elementor elementor-16421 elementor-537\" data-elementor-post-type=\"page\">\n\t\t\t\t<div class=\"elementor-element elementor-element-d0cfdcc e-flex e-con-boxed e-con e-parent\" data-id=\"d0cfdcc\" data-element_type=\"container\" data-e-type=\"container\" data-settings=\"{&quot;background_background&quot;:&quot;classic&quot;}\">\n\t\t\t\t\t<div class=\"e-con-inner\">\n\t\t<div class=\"elementor-element elementor-element-b77119b e-con-full e-flex e-con e-child\" data-id=\"b77119b\" data-element_type=\"container\" data-e-type=\"container\" data-settings=\"{&quot;background_background&quot;:&quot;classic&quot;}\">\n\t\t\t\t<div class=\"elementor-element elementor-element-461e384 elementor-widget elementor-widget-heading\" data-id=\"461e384\" data-element_type=\"widget\" data-e-type=\"widget\" data-widget_type=\"heading.default\">\n\t\t\t\t<div class=\"elementor-widget-container\">\n\t\t\t\t\t<h2 class=\"elementor-heading-title elementor-size-default\">Fonctionnement en parall\u00e8le du r\u00e9seau<\/h2>\t\t\t\t<\/div>\n\t\t\t\t<\/div>\n\t\t\t\t<\/div>\n\t\t\t\t\t<\/div>\n\t\t\t\t<\/div>\n\t\t<div class=\"elementor-element elementor-element-6427d2c e-flex e-con-boxed e-con e-parent\" data-id=\"6427d2c\" data-element_type=\"container\" data-e-type=\"container\">\n\t\t\t\t\t<div class=\"e-con-inner\">\n\t\t<div class=\"elementor-element elementor-element-a07b810 e-con-full e-flex e-con e-child\" data-id=\"a07b810\" data-element_type=\"container\" data-e-type=\"container\" data-settings=\"{&quot;background_background&quot;:&quot;classic&quot;}\">\n\t\t<div class=\"elementor-element elementor-element-41a41b0 e-con-full e-flex e-con e-child\" data-id=\"41a41b0\" data-element_type=\"container\" data-e-type=\"container\">\n\t\t<div class=\"elementor-element elementor-element-23363cd e-flex e-con-boxed e-con e-child\" data-id=\"23363cd\" data-element_type=\"container\" data-e-type=\"container\">\n\t\t\t\t\t<div class=\"e-con-inner\">\n\t\t<div class=\"elementor-element elementor-element-4226c3e e-con-full e-flex e-con e-child\" data-id=\"4226c3e\" data-element_type=\"container\" data-e-type=\"container\">\n\t\t\t\t<div class=\"elementor-element elementor-element-877f0ac elementor-widget elementor-widget-heading\" data-id=\"877f0ac\" data-element_type=\"widget\" data-e-type=\"widget\" data-widget_type=\"heading.default\">\n\t\t\t\t<div class=\"elementor-widget-container\">\n\t\t\t\t\t<h2 class=\"elementor-heading-title elementor-size-default\">FLEXIBLE \u2013 PUISSANT<\/h2>\t\t\t\t<\/div>\n\t\t\t\t<\/div>\n\t\t\t\t<div class=\"elementor-element elementor-element-0b6bbb9 elementor-widget elementor-widget-text-editor\" data-id=\"0b6bbb9\" data-element_type=\"widget\" data-e-type=\"widget\" data-widget_type=\"text-editor.default\">\n\t\t\t\t<div class=\"elementor-widget-container\">\n\t\t\t\t\t\t\t\t\t<ul><li>Charge maximale de l\u2019\u00e9olienne avec deux fois la puissance nominale <\/li><li>Couplage de r\u00e9seau triphas\u00e9 sur toutes les versions<\/li><li>Gestion flexible et <strong>intelligente de l\u2019autoconsommation<\/strong> de l\u2019alimentation, du chauffage utile, du chauffage de l\u2019eau chaude sanitaire, de la batterie et de la charge de d\u00e9charge via 4 prises d\u2019\u00e9nergie DC et 1 AC s\u00e9par\u00e9es<\/li><li>Compteurs d\u2019\u00e9nergie pour l\u2019injection et l\u2019\u00e9nergie de chauffage<\/li><li>Contr\u00f4le de la puissance r\u00e9active<\/li><\/ul><p> <\/p>\t\t\t\t\t\t\t\t<\/div>\n\t\t\t\t<\/div>\n\t\t\t\t<\/div>\n\t\t<div class=\"elementor-element elementor-element-7a59537 e-flex e-con-boxed e-con e-child\" data-id=\"7a59537\" data-element_type=\"container\" data-e-type=\"container\">\n\t\t\t\t\t<div class=\"e-con-inner\">\n\t\t\t\t<div class=\"elementor-element elementor-element-62ef3fb elementor-widget elementor-widget-heading\" data-id=\"62ef3fb\" data-element_type=\"widget\" data-e-type=\"widget\" data-widget_type=\"heading.default\">\n\t\t\t\t<div class=\"elementor-widget-container\">\n\t\t\t\t\t<h2 class=\"elementor-heading-title elementor-size-default\">RENTABLE \u2013 S\u00dbR<\/h2>\t\t\t\t<\/div>\n\t\t\t\t<\/div>\n\t\t\t\t<div class=\"elementor-element elementor-element-a1fa4ad elementor-widget elementor-widget-text-editor\" data-id=\"a1fa4ad\" data-element_type=\"widget\" data-e-type=\"widget\" data-widget_type=\"text-editor.default\">\n\t\t\t\t<div class=\"elementor-widget-container\">\n\t\t\t\t\t\t\t\t\t<p>Fonctions de commande int\u00e9gr\u00e9es pour une \u00e9olienne<\/p><ul><li>Contr\u00f4le intelligent et pr\u00e9cis de la courbe caract\u00e9ristique pour une utilisation optimale du vent<\/li><li>La courbe caract\u00e9ristique peut \u00eatre s\u00e9lectionn\u00e9e librement en fonction du contr\u00f4le de la tension ou de la vitesse<\/li><li>Nombreuses fonctions de surveillance, telles que la vitesse ou la vitesse du vent<\/li><li>Interrupteur pour r\u00e9initialiser le KWEA avec d\u2019autres fonctions de s\u00e9curit\u00e9<\/li><\/ul>\t\t\t\t\t\t\t\t<\/div>\n\t\t\t\t<\/div>\n\t\t\t\t\t<\/div>\n\t\t\t\t<\/div>\n\t\t\t\t\t<\/div>\n\t\t\t\t<\/div>\n\t\t<div class=\"elementor-element elementor-element-4955709 e-flex e-con-boxed e-con e-child\" data-id=\"4955709\" data-element_type=\"container\" data-e-type=\"container\">\n\t\t\t\t\t<div class=\"e-con-inner\">\n\t\t<div class=\"elementor-element elementor-element-e971936 e-flex e-con-boxed e-con e-child\" data-id=\"e971936\" data-element_type=\"container\" data-e-type=\"container\">\n\t\t\t\t\t<div class=\"e-con-inner\">\n\t\t\t\t<div class=\"elementor-element elementor-element-357c192 elementor-widget elementor-widget-heading\" data-id=\"357c192\" data-element_type=\"widget\" data-e-type=\"widget\" data-widget_type=\"heading.default\">\n\t\t\t\t<div class=\"elementor-widget-container\">\n\t\t\t\t\t<h2 class=\"elementor-heading-title elementor-size-default\">COMPACT<\/h2>\t\t\t\t<\/div>\n\t\t\t\t<\/div>\n\t\t\t\t<div class=\"elementor-element elementor-element-432e553 elementor-widget elementor-widget-text-editor\" data-id=\"432e553\" data-element_type=\"widget\" data-e-type=\"widget\" data-widget_type=\"text-editor.default\">\n\t\t\t\t<div class=\"elementor-widget-container\">\n\t\t\t\t\t\t\t\t\t<ul><li>Connexion directe du g\u00e9n\u00e9rateur de particules sans \u00e9quipement suppl\u00e9mentaire<\/li><li>Large plage de tension d\u2019entr\u00e9e pour les g\u00e9n\u00e9rateurs de particules<\/li><li>Conception compacte du bo\u00eetier avec zone de raccordement \u00e0 ouverture s\u00e9par\u00e9e<\/li><li>Refroidissement passif par convection sur une large plage de puissance<\/li><li>Protection int\u00e9gr\u00e9e du r\u00e9seau \/ du syst\u00e8me (protection NA selon VDE AR-N 4105-18)<\/li><\/ul>\t\t\t\t\t\t\t\t<\/div>\n\t\t\t\t<\/div>\n\t\t\t\t\t<\/div>\n\t\t\t\t<\/div>\n\t\t<div class=\"elementor-element elementor-element-d6bd2d4 e-flex e-con-boxed e-con e-child\" data-id=\"d6bd2d4\" data-element_type=\"container\" data-e-type=\"container\">\n\t\t\t\t\t<div class=\"e-con-inner\">\n\t\t\t\t<div class=\"elementor-element elementor-element-faec9cd elementor-widget elementor-widget-heading\" data-id=\"faec9cd\" data-element_type=\"widget\" data-e-type=\"widget\" data-widget_type=\"heading.default\">\n\t\t\t\t<div class=\"elementor-widget-container\">\n\t\t\t\t\t<h2 class=\"elementor-heading-title elementor-size-default\">\t\nCOMMUNICATIF<\/h2>\t\t\t\t<\/div>\n\t\t\t\t<\/div>\n\t\t\t\t<div class=\"elementor-element elementor-element-14ffa27 elementor-widget elementor-widget-text-editor\" data-id=\"14ffa27\" data-element_type=\"widget\" data-e-type=\"widget\" data-widget_type=\"text-editor.default\">\n\t\t\t\t<div class=\"elementor-widget-container\">\n\t\t\t\t\t\t\t\t\t<ul><li>Affichage graphique int\u00e9gr\u00e9<\/li><li>Serveur web int\u00e9gr\u00e9<\/li><li>Interface pratique d\u2019utilisation et de param\u00e9trage du PC  <\/li><\/ul><h6><strong>APPLICATIONS<\/strong><\/h6><ul><li>Petites \u00e9oliennes<\/li><li>Petites centrales hydro\u00e9lectriques<\/li><li>Mini cog\u00e9n\u00e9ration<\/li><\/ul>\t\t\t\t\t\t\t\t<\/div>\n\t\t\t\t<\/div>\n\t\t\t\t\t<\/div>\n\t\t\t\t<\/div>\n\t\t\t\t\t<\/div>\n\t\t\t\t<\/div>\n\t\t\t\t<div class=\"elementor-element elementor-element-624e74b elementor-widget-divider--view-line elementor-widget elementor-widget-divider\" data-id=\"624e74b\" data-element_type=\"widget\" data-e-type=\"widget\" data-widget_type=\"divider.default\">\n\t\t\t\t<div class=\"elementor-widget-container\">\n\t\t\t\t\t\t\t<div class=\"elementor-divider\">\n\t\t\t<span class=\"elementor-divider-separator\">\n\t\t\t\t\t\t<\/span>\n\t\t<\/div>\n\t\t\t\t\t\t<\/div>\n\t\t\t\t<\/div>\n\t\t\t\t<div class=\"elementor-element elementor-element-5fd025f elementor-widget elementor-widget-image\" data-id=\"5fd025f\" data-element_type=\"widget\" data-e-type=\"widget\" data-widget_type=\"image.default\">\n\t\t\t\t<div class=\"elementor-widget-container\">\n\t\t\t\t\t\t\t\t\t\t\t\t<figure class=\"wp-caption\">\n\t\t\t\t\t\t\t\t\t\t<img fetchpriority=\"high\" decoding=\"async\" width=\"900\" height=\"533\" src=\"https:\/\/braun-windturbinen.com\/wp-content\/uploads\/Grafik-mit-Trio.jpg\" class=\"attachment-full size-full wp-image-16013\" alt=\"\" srcset=\"https:\/\/braun-windturbinen.com\/wp-content\/uploads\/Grafik-mit-Trio.jpg 900w, https:\/\/braun-windturbinen.com\/wp-content\/uploads\/Grafik-mit-Trio-300x178.jpg 300w, https:\/\/braun-windturbinen.com\/wp-content\/uploads\/Grafik-mit-Trio-150x89.jpg 150w, https:\/\/braun-windturbinen.com\/wp-content\/uploads\/Grafik-mit-Trio-768x455.jpg 768w\" sizes=\"(max-width: 900px) 100vw, 900px\" \/>\t\t\t\t\t\t\t\t\t\t\t<figcaption class=\"widget-image-caption wp-caption-text\">Blockschaltbild FIMER Trio mit Antaris Windanlage                                                                                        <\/figcaption>\n\t\t\t\t\t\t\t\t\t\t<\/figure>\n\t\t\t\t\t\t\t\t\t<\/div>\n\t\t\t\t<\/div>\n\t\t\t\t<div class=\"elementor-element elementor-element-f6d9f97 elementor-widget-divider--view-line elementor-widget elementor-widget-divider\" data-id=\"f6d9f97\" data-element_type=\"widget\" data-e-type=\"widget\" data-widget_type=\"divider.default\">\n\t\t\t\t<div class=\"elementor-widget-container\">\n\t\t\t\t\t\t\t<div class=\"elementor-divider\">\n\t\t\t<span class=\"elementor-divider-separator\">\n\t\t\t\t\t\t<\/span>\n\t\t<\/div>\n\t\t\t\t\t\t<\/div>\n\t\t\t\t<\/div>\n\t\t\t\t<div class=\"elementor-element elementor-element-dc68fea elementor-widget elementor-widget-heading\" data-id=\"dc68fea\" data-element_type=\"widget\" data-e-type=\"widget\" data-widget_type=\"heading.default\">\n\t\t\t\t<div class=\"elementor-widget-container\">\n\t\t\t\t\t<h2 class=\"elementor-heading-title elementor-size-default\">Exemples<\/h2>\t\t\t\t<\/div>\n\t\t\t\t<\/div>\n\t\t\t\t<div class=\"elementor-element elementor-element-7ee7ee1 gallery-spacing-custom glary elementor-widget elementor-widget-image-gallery\" data-id=\"7ee7ee1\" data-element_type=\"widget\" data-e-type=\"widget\" data-widget_type=\"image-gallery.default\">\n\t\t\t\t<div class=\"elementor-widget-container\">\n\t\t\t\t\t\t\t<div class=\"elementor-image-gallery\">\n\t\t\t<div id='gallery-1' class='gallery galleryid-16421 gallery-columns-2 gallery-size-medium'><figure class='gallery-item'>\n\t\t\t<div class='gallery-icon portrait'>\n\t\t\t\t<a data-elementor-open-lightbox=\"yes\" data-elementor-lightbox-slideshow=\"7ee7ee1\" data-elementor-lightbox-title=\"Braun_Galerie_2_049\" data-e-action-hash=\"#elementor-action%3Aaction%3Dlightbox%26settings%3DeyJpZCI6MTQ2MzksInVybCI6Imh0dHBzOlwvXC9icmF1bi13aW5kdHVyYmluZW4uY29tXC93cC1jb250ZW50XC91cGxvYWRzXC9CcmF1bl9HYWxlcmllXzJfMDQ5LmpwZyIsInNsaWRlc2hvdyI6IjdlZTdlZTEifQ%3D%3D\" href='https:\/\/braun-windturbinen.com\/wp-content\/uploads\/Braun_Galerie_2_049.jpg' rel=\"lightbox[16421]\"><img decoding=\"async\" width=\"236\" height=\"300\" src=\"https:\/\/braun-windturbinen.com\/wp-content\/uploads\/Braun_Galerie_2_049-236x300.jpg\" class=\"attachment-medium size-medium\" alt=\"\" aria-describedby=\"gallery-1-14639\" srcset=\"https:\/\/braun-windturbinen.com\/wp-content\/uploads\/Braun_Galerie_2_049-236x300.jpg 236w, https:\/\/braun-windturbinen.com\/wp-content\/uploads\/Braun_Galerie_2_049-118x150.jpg 118w, https:\/\/braun-windturbinen.com\/wp-content\/uploads\/Braun_Galerie_2_049.jpg 400w\" sizes=\"(max-width: 236px) 100vw, 236px\" \/><\/a>\n\t\t\t<\/div>\n\t\t\t\t<figcaption class='wp-caption-text gallery-caption' id='gallery-1-14639'>\n\t\t\t\tWindy Boy mit Steuerschrank und BW\n\t\t\t\t<\/figcaption><\/figure><figure class='gallery-item'>\n\t\t\t<div class='gallery-icon landscape'>\n\t\t\t\t<a data-elementor-open-lightbox=\"yes\" data-elementor-lightbox-slideshow=\"7ee7ee1\" data-elementor-lightbox-title=\"DSC04441\" data-e-action-hash=\"#elementor-action%3Aaction%3Dlightbox%26settings%3DeyJpZCI6MTQ2NDMsInVybCI6Imh0dHBzOlwvXC9icmF1bi13aW5kdHVyYmluZW4uY29tXC93cC1jb250ZW50XC91cGxvYWRzXC9EU0MwNDQ0MS0xLXJvdGF0ZWQtZTE2OTY5NDAwNjkyNTguanBnIiwic2xpZGVzaG93IjoiN2VlN2VlMSJ9\" href='https:\/\/braun-windturbinen.com\/wp-content\/uploads\/DSC04441-1-rotated-e1696940069258.jpg' rel=\"lightbox[16421]\"><img decoding=\"async\" width=\"293\" height=\"208\" src=\"https:\/\/braun-windturbinen.com\/wp-content\/uploads\/DSC04441-1-rotated-e1696940069258.jpg\" class=\"attachment-medium size-medium\" alt=\"\" srcset=\"https:\/\/braun-windturbinen.com\/wp-content\/uploads\/DSC04441-1-rotated-e1696940069258.jpg 293w, https:\/\/braun-windturbinen.com\/wp-content\/uploads\/DSC04441-1-rotated-e1696940069258-150x106.jpg 150w\" sizes=\"(max-width: 293px) 100vw, 293px\" \/><\/a>\n\t\t\t<\/div><\/figure><figure class='gallery-item'>\n\t\t\t<div class='gallery-icon landscape'>\n\t\t\t\t<a data-elementor-open-lightbox=\"yes\" data-elementor-lightbox-slideshow=\"7ee7ee1\" data-elementor-lightbox-title=\"CIMG1451\" data-e-action-hash=\"#elementor-action%3Aaction%3Dlightbox%26settings%3DeyJpZCI6MTQ2NDEsInVybCI6Imh0dHBzOlwvXC9icmF1bi13aW5kdHVyYmluZW4uY29tXC93cC1jb250ZW50XC91cGxvYWRzXC9DSU1HMTQ1MS0xLmpwZyIsInNsaWRlc2hvdyI6IjdlZTdlZTEifQ%3D%3D\" href='https:\/\/braun-windturbinen.com\/wp-content\/uploads\/CIMG1451-1.jpg' rel=\"lightbox[16421]\"><img loading=\"lazy\" decoding=\"async\" width=\"300\" height=\"237\" src=\"https:\/\/braun-windturbinen.com\/wp-content\/uploads\/CIMG1451-1-300x237.jpg\" class=\"attachment-medium size-medium\" alt=\"\" aria-describedby=\"gallery-1-14641\" srcset=\"https:\/\/braun-windturbinen.com\/wp-content\/uploads\/CIMG1451-1-300x237.jpg 300w, https:\/\/braun-windturbinen.com\/wp-content\/uploads\/CIMG1451-1-150x119.jpg 150w, https:\/\/braun-windturbinen.com\/wp-content\/uploads\/CIMG1451-1.jpg 700w\" sizes=\"(max-width: 300px) 100vw, 300px\" \/><\/a>\n\t\t\t<\/div>\n\t\t\t\t<figcaption class='wp-caption-text gallery-caption' id='gallery-1-14641'>\n\t\t\t\tSmart!wind mit Bremswiderstand\n\t\t\t\t<\/figcaption><\/figure><figure class='gallery-item'>\n\t\t\t<div class='gallery-icon portrait'>\n\t\t\t\t<a data-elementor-open-lightbox=\"yes\" data-elementor-lightbox-slideshow=\"7ee7ee1\" data-elementor-lightbox-title=\"Steuerschrank-mit-TRIO-7.5\" data-e-action-hash=\"#elementor-action%3Aaction%3Dlightbox%26settings%3DeyJpZCI6MTU5NjUsInVybCI6Imh0dHBzOlwvXC9icmF1bi13aW5kdHVyYmluZW4uY29tXC93cC1jb250ZW50XC91cGxvYWRzXC9TdGV1ZXJzY2hyYW5rLW1pdC1UUklPLTcuNS5qcGciLCJzbGlkZXNob3ciOiI3ZWU3ZWUxIn0%3D\" href='https:\/\/braun-windturbinen.com\/wp-content\/uploads\/Steuerschrank-mit-TRIO-7.5.jpg' rel=\"lightbox[16421]\"><img loading=\"lazy\" decoding=\"async\" width=\"245\" height=\"300\" src=\"https:\/\/braun-windturbinen.com\/wp-content\/uploads\/Steuerschrank-mit-TRIO-7.5-245x300.jpg\" class=\"attachment-medium size-medium\" alt=\"\" aria-describedby=\"gallery-1-15965\" srcset=\"https:\/\/braun-windturbinen.com\/wp-content\/uploads\/Steuerschrank-mit-TRIO-7.5-245x300.jpg 245w, https:\/\/braun-windturbinen.com\/wp-content\/uploads\/Steuerschrank-mit-TRIO-7.5-123x150.jpg 123w, https:\/\/braun-windturbinen.com\/wp-content\/uploads\/Steuerschrank-mit-TRIO-7.5.jpg 736w\" sizes=\"(max-width: 245px) 100vw, 245px\" \/><\/a>\n\t\t\t<\/div>\n\t\t\t\t<figcaption class='wp-caption-text gallery-caption' id='gallery-1-15965'>\n\t\t\t\tFIMER Trio mit Steuerschrank\n\t\t\t\t<\/figcaption><\/figure>\n\t\t<\/div>\n\t\t<\/div>\n\t\t\t\t\t\t<\/div>\n\t\t\t\t<\/div>\n\t\t\t\t<\/div>\n\t\t<div class=\"elementor-element elementor-element-ea3e907 e-con-full e-flex e-con e-child\" data-id=\"ea3e907\" data-element_type=\"container\" data-e-type=\"container\">\n\t\t\t\t<div class=\"elementor-element elementor-element-2ec4d06 elementor-widget elementor-widget-heading\" data-id=\"2ec4d06\" data-element_type=\"widget\" data-e-type=\"widget\" data-widget_type=\"heading.default\">\n\t\t\t\t<div class=\"elementor-widget-container\">\n\t\t\t\t\t<h2 class=\"elementor-heading-title elementor-size-default\">\u00ab Pour nous, les innovations techniques ne sont pas une fin en soi, elles doivent toujours \u00eatre une am\u00e9lioration pour l\u2019homme et l\u2019environnement. \u00bb<\/h2>\t\t\t\t<\/div>\n\t\t\t\t<\/div>\n\t\t\t\t<div class=\"elementor-element elementor-element-0a71973 elementor-widget elementor-widget-image\" data-id=\"0a71973\" data-element_type=\"widget\" data-e-type=\"widget\" data-widget_type=\"image.default\">\n\t\t\t\t<div class=\"elementor-widget-container\">\n\t\t\t\t\t\t\t\t\t\t\t\t<figure class=\"wp-caption\">\n\t\t\t\t\t\t\t\t\t\t<img loading=\"lazy\" decoding=\"async\" width=\"900\" height=\"637\" src=\"https:\/\/braun-windturbinen.com\/wp-content\/uploads\/Anlagenbeschreibung-1.png\" class=\"attachment-full size-full wp-image-16011\" alt=\"\" srcset=\"https:\/\/braun-windturbinen.com\/wp-content\/uploads\/Anlagenbeschreibung-1.png 900w, https:\/\/braun-windturbinen.com\/wp-content\/uploads\/Anlagenbeschreibung-1-300x212.png 300w, https:\/\/braun-windturbinen.com\/wp-content\/uploads\/Anlagenbeschreibung-1-150x106.png 150w, https:\/\/braun-windturbinen.com\/wp-content\/uploads\/Anlagenbeschreibung-1-768x544.png 768w\" sizes=\"(max-width: 900px) 100vw, 900px\" \/>\t\t\t\t\t\t\t\t\t\t\t<figcaption class=\"widget-image-caption wp-caption-text\"><\/figcaption>\n\t\t\t\t\t\t\t\t\t\t<\/figure>\n\t\t\t\t\t\t\t\t\t<\/div>\n\t\t\t\t<\/div>\n\t\t\t\t<div class=\"elementor-element elementor-element-1c62f73 elementor-widget elementor-widget-heading\" data-id=\"1c62f73\" data-element_type=\"widget\" data-e-type=\"widget\" data-widget_type=\"heading.default\">\n\t\t\t\t<div class=\"elementor-widget-container\">\n\t\t\t\t\t<h2 class=\"elementor-heading-title elementor-size-default\">Les petites \u00e9oliennes ANTARIS et les onduleurs \nFIMER forment une symbiose parfaite.<\/h2>\t\t\t\t<\/div>\n\t\t\t\t<\/div>\n\t\t\t\t<div class=\"elementor-element elementor-element-35c7c67 elementor-widget elementor-widget-text-editor\" data-id=\"35c7c67\" data-element_type=\"widget\" data-e-type=\"widget\" data-widget_type=\"text-editor.default\">\n\t\t\t\t<div class=\"elementor-widget-container\">\n\t\t\t\t\t\t\t\t\t<p>Les onduleurs FIMER sont disponibles dans la plage de puissance de <strong>3,3 \u00e0 10,0 kW<\/strong> .<br \/>Avec le <strong>contr\u00f4leur de courbe caract\u00e9ristique<\/strong> , qui est install\u00e9 dans notre armoire de commande, le contr\u00f4le de courbe caract\u00e9ristique est effectu\u00e9 par guidage tr\/min ou V DC. <\/p><p>Gr\u00e2ce \u00e0 la production interne de g\u00e9n\u00e9rateurs chez BRAUN Windturbinen GmbH, le d\u00e9veloppement des produits a \u00e9t\u00e9 r\u00e9alis\u00e9 au plus haut niveau et \u00e9tablit ainsi des normes dans l\u2019industrie ! Le partenariat et la coop\u00e9ration constructive entre <strong>FIMER<\/strong> en Italie et <strong>BRAUN Windturbinen GmbH<\/strong> sont remarquables. <\/p><p>En plus des fonctions de commande d\u2019un KWEA, <strong>l\u2019armoire de commande <\/strong>dispose de diverses fonctions de protection qui soutiennent le fonctionnement s\u00fbr de votre KWEA. <br \/>Nous proposons les onduleurs FIMER en version 1 phase (UNO) jusqu\u2019\u00e0 6,0 kW ; triphas\u00e9 (trio) de 5,8 \u00e0 7,5 kW ; PVS 10 kW.<\/p><p>Parmi les autres applications possibles, citons les <strong>petites centrales hydro\u00e9lectriques<\/strong> et les <strong>mini-centrales de cog\u00e9n\u00e9ration<\/strong>, qui se trouvent toutes deux dans notre gamme de produits <span style=\"color: #0093cf;\">(<a style=\"color: #0093cf;\" href=\"https:\/\/www.braun-windturbinen.com\/knowhow\/blockheizkraftwerk\/\">https:\/\/www.braun-windturbinen.com\/knowhow\/blockheizkraftwerk\/<\/a>).<\/span> <\/p><p>Les fournisseurs d\u2019\u00e9nergie seront satisfaits de la <strong>s\u00e9rie FIMER<\/strong> , car elle dispose d\u2019un <strong>couplage complet du r\u00e9seau triphas\u00e9<\/strong> et d\u2019un <strong>point de d\u00e9connexion automatique int\u00e9gr\u00e9 selon VDE-AR-N 4105-18<\/strong>. En standard, les trios triphas\u00e9s offrent des services syst\u00e8me, tels que le <strong>contr\u00f4le de la puissance r\u00e9active<\/strong> , qui ne sont autrement connus que dans le secteur \u00e9olien des grandes rameaux. <\/p><p>Notre <strong>syst\u00e8me de contr\u00f4le<\/strong> peut prendre en charge le <strong>contr\u00f4le complet de la<\/strong><strong> petite \u00e9olienne *ANTARIS*<\/strong> et reste tr\u00e8s convivial. En dehors de la r\u00e9sistance de freinage, aucun autre dispositif externe n\u2019est n\u00e9cessaire. Il assure un d\u00e9marrage propre de l\u2019\u00e9olienne et r\u00e9gule \u00e9galement tous les autres \u00e9tats de fonctionnement de la meilleure fa\u00e7on possible. Le <strong>contr\u00f4le intelligent des courbes caract\u00e9ristiques<\/strong> permet une utilisation optimale du vent. Le syst\u00e8me de contr\u00f4le surveille le g\u00e9n\u00e9rateur, l\u2019\u00e9olienne et transf\u00e8re l\u2019\u00e9olienne \u00e0 un \u00e9tat s\u00fbr en cas de panne. Les fonctions de surveillance <strong>et de protection<\/strong> comprennent la surveillance de la vitesse du g\u00e9n\u00e9rateur et la surveillance de la temp\u00e9rature du g\u00e9n\u00e9rateur en standard.     <\/p><p>Le <strong>contr\u00f4leur<\/strong> a une conception de bo\u00eetier compacte. La zone de connexion est g\u00e9n\u00e9reusement con\u00e7ue et offre m\u00eame de la place pour un rail DIN court sur lequel des appareils peuvent \u00eatre log\u00e9s pour des options. <\/p><p>Cela r\u00e9duit consid\u00e9rablement les efforts techniques et les co\u00fbts. Si le <strong>FIMER<\/strong> ne peut pas \u00eatre adapt\u00e9 avec les param\u00e8tres pr\u00e9vus, le logiciel peut \u00eatre adapt\u00e9 rapidement et de mani\u00e8re flexible, car il est cr\u00e9\u00e9 par nos soins. <\/p><p>Pour des raisons de s\u00e9curit\u00e9, une sortie d\u2019\u00e9nergie pour la 2e r\u00e9sistance de freinage est toujours disponible.  <\/p><p>L\u2019armoire de commande contient un <strong>interrupteur pour la r\u00e9initialisation du KWEA<\/strong>, comme l\u2019exige la <strong>norme EN 61400-2<\/strong> . Le FIMER PVS 10 kW est install\u00e9 dans la <strong>petite \u00e9olienne *ANTARIS* de 12 kW <\/strong>. Dans les endroits favorables au vent, le r\u00e9pulsif est r\u00e9duit \u00e0 D5.80m.  <\/p>\t\t\t\t\t\t\t\t<\/div>\n\t\t\t\t<\/div>\n\t\t\t\t<\/div>\n\t\t\t\t<\/div>\n\t\t\t\t\t<\/div>\n\t\t\t\t<\/div>\n\t\t\t\t<\/div>\n\t\t","protected":false},"excerpt":{"rendered":"<p>Fonctionnement en parall\u00e8le du r\u00e9seau FLEXIBLE \u2013 PUISSANT Charge maximale de l\u2019\u00e9olienne avec deux fois la puissance nominale Couplage de r\u00e9seau triphas\u00e9 sur toutes les versions Gestion flexible et intelligente de l\u2019autoconsommation de l\u2019alimentation, du chauffage utile, du chauffage de l\u2019eau chaude sanitaire, de la batterie et de la charge de d\u00e9charge via 4 prises [&hellip;]<\/p>\n","protected":false},"author":1,"featured_media":0,"parent":16390,"menu_order":2,"comment_status":"closed","ping_status":"closed","template":"elementor_header_footer","meta":{"footnotes":""},"class_list":["post-16421","page","type-page","status-publish","hentry"],"_links":{"self":[{"href":"https:\/\/braun-windturbinen.com\/fr\/wp-json\/wp\/v2\/pages\/16421","targetHints":{"allow":["GET"]}}],"collection":[{"href":"https:\/\/braun-windturbinen.com\/fr\/wp-json\/wp\/v2\/pages"}],"about":[{"href":"https:\/\/braun-windturbinen.com\/fr\/wp-json\/wp\/v2\/types\/page"}],"author":[{"embeddable":true,"href":"https:\/\/braun-windturbinen.com\/fr\/wp-json\/wp\/v2\/users\/1"}],"replies":[{"embeddable":true,"href":"https:\/\/braun-windturbinen.com\/fr\/wp-json\/wp\/v2\/comments?post=16421"}],"version-history":[{"count":3,"href":"https:\/\/braun-windturbinen.com\/fr\/wp-json\/wp\/v2\/pages\/16421\/revisions"}],"predecessor-version":[{"id":16437,"href":"https:\/\/braun-windturbinen.com\/fr\/wp-json\/wp\/v2\/pages\/16421\/revisions\/16437"}],"up":[{"embeddable":true,"href":"https:\/\/braun-windturbinen.com\/fr\/wp-json\/wp\/v2\/pages\/16390"}],"wp:attachment":[{"href":"https:\/\/braun-windturbinen.com\/fr\/wp-json\/wp\/v2\/media?parent=16421"}],"curies":[{"name":"wp","href":"https:\/\/api.w.org\/{rel}","templated":true}]}}