{"id":16410,"date":"2014-01-06T18:37:20","date_gmt":"2014-01-06T16:37:20","guid":{"rendered":"https:\/\/braun-windturbinen.com\/savoir-faire\/mode-de-chauffage\/"},"modified":"2025-03-24T14:58:24","modified_gmt":"2025-03-24T12:58:24","slug":"mode-de-chauffage","status":"publish","type":"page","link":"https:\/\/braun-windturbinen.com\/fr\/savoir-faire\/mode-de-chauffage\/","title":{"rendered":"Mode de chauffage"},"content":{"rendered":"\t\t<div data-elementor-type=\"wp-page\" data-elementor-id=\"16410\" class=\"elementor elementor-16410 elementor-511\" data-elementor-post-type=\"page\">\n\t\t\t\t<div class=\"elementor-element elementor-element-f8d5074 e-flex e-con-boxed e-con e-parent\" data-id=\"f8d5074\" data-element_type=\"container\" data-e-type=\"container\" data-settings=\"{&quot;background_background&quot;:&quot;classic&quot;}\">\n\t\t\t\t\t<div class=\"e-con-inner\">\n\t\t<div class=\"elementor-element elementor-element-4f8a30a e-con-full e-flex e-con e-child\" data-id=\"4f8a30a\" data-element_type=\"container\" data-e-type=\"container\" data-settings=\"{&quot;background_background&quot;:&quot;classic&quot;}\">\n\t\t\t\t<div class=\"elementor-element elementor-element-ece700b elementor-widget elementor-widget-heading\" data-id=\"ece700b\" data-element_type=\"widget\" data-e-type=\"widget\" data-widget_type=\"heading.default\">\n\t\t\t\t<div class=\"elementor-widget-container\">\n\t\t\t\t\t<h2 class=\"elementor-heading-title elementor-size-default\">Mode de chauffage<\/h2>\t\t\t\t<\/div>\n\t\t\t\t<\/div>\n\t\t\t\t<\/div>\n\t\t\t\t\t<\/div>\n\t\t\t\t<\/div>\n\t\t<div class=\"elementor-element elementor-element-c778e44 e-flex e-con-boxed e-con e-parent\" data-id=\"c778e44\" data-element_type=\"container\" data-e-type=\"container\">\n\t\t\t\t\t<div class=\"e-con-inner\">\n\t\t<div class=\"elementor-element elementor-element-41f1f71 e-con-full e-flex e-con e-child\" data-id=\"41f1f71\" data-element_type=\"container\" data-e-type=\"container\" data-settings=\"{&quot;background_background&quot;:&quot;classic&quot;}\">\n\t\t<div class=\"elementor-element elementor-element-05c90f0 e-con-full e-flex e-con e-child\" data-id=\"05c90f0\" data-element_type=\"container\" data-e-type=\"container\">\n\t\t\t\t<div class=\"elementor-element elementor-element-223c56c elementor-widget elementor-widget-heading\" data-id=\"223c56c\" data-element_type=\"widget\" data-e-type=\"widget\" data-widget_type=\"heading.default\">\n\t\t\t\t<div class=\"elementor-widget-container\">\n\t\t\t\t\t<h2 class=\"elementor-heading-title elementor-size-default\">ANTARIS \u2013 Chauffage \u00e9olien : propre et \u00e9conomique !\n3,5 kW \u00e0 10,0 kW (max. 12,0 kW)<\/h2>\t\t\t\t<\/div>\n\t\t\t\t<\/div>\n\t\t\t\t<div class=\"elementor-element elementor-element-a3975d0 elementor-widget elementor-widget-text-editor\" data-id=\"a3975d0\" data-element_type=\"widget\" data-e-type=\"widget\" data-widget_type=\"text-editor.default\">\n\t\t\t\t<div class=\"elementor-widget-container\">\n\t\t\t\t\t\t\t\t\t<p>Ce syst\u00e8me de contr\u00f4le est une \u00e9lectronique de contr\u00f4le avec guidage de courbe caract\u00e9ristique du vent. Cela permet \u00e0 l\u2019ANTARIS de d\u00e9marrer sans charge avec une transition en douceur vers la plage de vitesse optimale pour atteindre la puissance de chauffage la plus \u00e9lev\u00e9e possible. <\/p><p>Pour assurer le bon fonctionnement du syst\u00e8me de contr\u00f4le, une cartouche chauffante avec deux fois la puissance nominale du g\u00e9n\u00e9rateur doit \u00eatre fournie, sinon la tension ne peut pas \u00eatre maintenue. La cartouche chauffante de 6,0 kW est viss\u00e9e dans un r\u00e9servoir tampon d\u2019eau, la capacit\u00e9 de chauffage accrue servant de protection suppl\u00e9mentaire contre les temp\u00eates en plus de la protection de l\u2019h\u00e9licopt\u00e8re. <\/p><p>Contrairement \u00e0 un syst\u00e8me solaire thermique, l\u2019ANTARIS r\u00e9cup\u00e8re le plus d\u2019\u00e9nergie pendant la saison \u00ab froide et venteuse \u00bb, quand elle est n\u00e9cessaire ! Mais une combinaison en tant que syst\u00e8me hybride des deux syst\u00e8mes est \u00e9galement tr\u00e8s utile ! <\/p><p>En option, vous pouvez \u00e9galement combiner le chauffage et le fonctionnement en parall\u00e8le du r\u00e9seau. Lorsque la temp\u00e9rature de la chaudi\u00e8re est atteinte, la commutation automatique en douceur a lieu et l\u2019onduleur de r\u00e9seau Windy Boy est mis en marche. <\/p><p><strong>Ce syst\u00e8me de commande peut \u00eatre utilis\u00e9 pour toutes les \u00e9oliennes \u00e9quip\u00e9es de g\u00e9n\u00e9rateurs triphas\u00e9s dans la classe de puissance 1,0 kW \u2013 10 kW.<br \/>Le syst\u00e8me de commande est adapt\u00e9 individuellement \u00e0 la tension et \u00e0 la puissance de la turbine !<\/strong><\/p>\t\t\t\t\t\t\t\t<\/div>\n\t\t\t\t<\/div>\n\t\t\t\t<div class=\"elementor-element elementor-element-a0227d9 elementor-widget elementor-widget-heading\" data-id=\"a0227d9\" data-element_type=\"widget\" data-e-type=\"widget\" data-widget_type=\"heading.default\">\n\t\t\t\t<div class=\"elementor-widget-container\">\n\t\t\t\t\t<h2 class=\"elementor-heading-title elementor-size-default\">Exemples<\/h2>\t\t\t\t<\/div>\n\t\t\t\t<\/div>\n\t\t\t\t<div class=\"elementor-element elementor-element-edc3469 elementor-widget elementor-widget-html\" data-id=\"edc3469\" data-element_type=\"widget\" data-e-type=\"widget\" data-widget_type=\"html.default\">\n\t\t\t\t<div class=\"elementor-widget-container\">\n\t\t\t\t\t<style>\n    .glary .elementor-image-gallery .gallery-item img {\n    margin: 0 auto;\n    height: 150px;\n    width: 150px;\n}\n    \n}\n<\/style>\t\t\t\t<\/div>\n\t\t\t\t<\/div>\n\t\t\t\t<div class=\"elementor-element elementor-element-cdc584d gallery-spacing-custom glary elementor-widget elementor-widget-image-gallery\" data-id=\"cdc584d\" data-element_type=\"widget\" data-e-type=\"widget\" data-widget_type=\"image-gallery.default\">\n\t\t\t\t<div class=\"elementor-widget-container\">\n\t\t\t\t\t\t\t<div class=\"elementor-image-gallery\">\n\t\t\t<div id='gallery-1' class='gallery galleryid-16410 gallery-columns-3 gallery-size-thumbnail'><figure class='gallery-item'>\n\t\t\t<div class='gallery-icon landscape'>\n\t\t\t\t<a data-elementor-open-lightbox=\"yes\" data-elementor-lightbox-slideshow=\"cdc584d\" data-elementor-lightbox-title=\"Displayanzeige-Heizbetrieb\" data-e-action-hash=\"#elementor-action%3Aaction%3Dlightbox%26settings%3DeyJpZCI6MTQ2MjksInVybCI6Imh0dHBzOlwvXC9icmF1bi13aW5kdHVyYmluZW4uY29tXC93cC1jb250ZW50XC91cGxvYWRzXC9EaXNwbGF5YW56ZWlnZS1IZWl6YmV0cmllYi5qcGciLCJzbGlkZXNob3ciOiJjZGM1ODRkIn0%3D\" href='https:\/\/braun-windturbinen.com\/wp-content\/uploads\/Displayanzeige-Heizbetrieb.jpg' rel=\"lightbox[16410]\"><img decoding=\"async\" width=\"150\" height=\"112\" src=\"https:\/\/braun-windturbinen.com\/wp-content\/uploads\/Displayanzeige-Heizbetrieb-150x112.jpg\" class=\"attachment-thumbnail size-thumbnail\" alt=\"\" srcset=\"https:\/\/braun-windturbinen.com\/wp-content\/uploads\/Displayanzeige-Heizbetrieb-150x112.jpg 150w, https:\/\/braun-windturbinen.com\/wp-content\/uploads\/Displayanzeige-Heizbetrieb-300x225.jpg 300w, https:\/\/braun-windturbinen.com\/wp-content\/uploads\/Displayanzeige-Heizbetrieb.jpg 700w\" sizes=\"(max-width: 150px) 100vw, 150px\" \/><\/a>\n\t\t\t<\/div><\/figure><figure class='gallery-item'>\n\t\t\t<div class='gallery-icon landscape'>\n\t\t\t\t<a data-elementor-open-lightbox=\"yes\" data-elementor-lightbox-slideshow=\"cdc584d\" data-elementor-lightbox-title=\"Heizschrank\" data-e-action-hash=\"#elementor-action%3Aaction%3Dlightbox%26settings%3DeyJpZCI6MTQ2MjcsInVybCI6Imh0dHBzOlwvXC9icmF1bi13aW5kdHVyYmluZW4uY29tXC93cC1jb250ZW50XC91cGxvYWRzXC9IZWl6c2NocmFuay5qcGciLCJzbGlkZXNob3ciOiJjZGM1ODRkIn0%3D\" href='https:\/\/braun-windturbinen.com\/wp-content\/uploads\/Heizschrank.jpg' rel=\"lightbox[16410]\"><img decoding=\"async\" width=\"150\" height=\"141\" src=\"https:\/\/braun-windturbinen.com\/wp-content\/uploads\/Heizschrank-150x141.jpg\" class=\"attachment-thumbnail size-thumbnail\" alt=\"\" srcset=\"https:\/\/braun-windturbinen.com\/wp-content\/uploads\/Heizschrank-150x141.jpg 150w, https:\/\/braun-windturbinen.com\/wp-content\/uploads\/Heizschrank-300x282.jpg 300w, https:\/\/braun-windturbinen.com\/wp-content\/uploads\/Heizschrank.jpg 700w\" sizes=\"(max-width: 150px) 100vw, 150px\" \/><\/a>\n\t\t\t<\/div><\/figure><figure class='gallery-item'>\n\t\t\t<div class='gallery-icon landscape'>\n\t\t\t\t<a data-elementor-open-lightbox=\"yes\" data-elementor-lightbox-slideshow=\"cdc584d\" data-elementor-lightbox-title=\"Schaltschrank-Heizbetrieb\" data-e-action-hash=\"#elementor-action%3Aaction%3Dlightbox%26settings%3DeyJpZCI6MTQ2MjUsInVybCI6Imh0dHBzOlwvXC9icmF1bi13aW5kdHVyYmluZW4uY29tXC93cC1jb250ZW50XC91cGxvYWRzXC9TY2hhbHRzY2hyYW5rLUhlaXpiZXRyaWViLmpwZyIsInNsaWRlc2hvdyI6ImNkYzU4NGQifQ%3D%3D\" href='https:\/\/braun-windturbinen.com\/wp-content\/uploads\/Schaltschrank-Heizbetrieb.jpg' rel=\"lightbox[16410]\"><img decoding=\"async\" width=\"150\" height=\"63\" src=\"https:\/\/braun-windturbinen.com\/wp-content\/uploads\/Schaltschrank-Heizbetrieb-150x63.jpg\" class=\"attachment-thumbnail size-thumbnail\" alt=\"\" srcset=\"https:\/\/braun-windturbinen.com\/wp-content\/uploads\/Schaltschrank-Heizbetrieb-150x63.jpg 150w, https:\/\/braun-windturbinen.com\/wp-content\/uploads\/Schaltschrank-Heizbetrieb-300x127.jpg 300w, https:\/\/braun-windturbinen.com\/wp-content\/uploads\/Schaltschrank-Heizbetrieb.jpg 700w\" sizes=\"(max-width: 150px) 100vw, 150px\" \/><\/a>\n\t\t\t<\/div><\/figure>\n\t\t<\/div>\n\t\t<\/div>\n\t\t\t\t\t\t<\/div>\n\t\t\t\t<\/div>\n\t\t\t\t<\/div>\n\t\t<div class=\"elementor-element elementor-element-41a4538 e-con-full e-flex e-con e-child\" data-id=\"41a4538\" data-element_type=\"container\" data-e-type=\"container\">\n\t\t\t\t<div class=\"elementor-element elementor-element-caeed7b elementor-widget elementor-widget-image\" data-id=\"caeed7b\" data-element_type=\"widget\" data-e-type=\"widget\" data-widget_type=\"image.default\">\n\t\t\t\t<div class=\"elementor-widget-container\">\n\t\t\t\t\t\t\t\t\t\t\t\t<figure class=\"wp-caption\">\n\t\t\t\t\t\t\t\t\t\t<img loading=\"lazy\" decoding=\"async\" width=\"517\" height=\"339\" src=\"https:\/\/braun-windturbinen.com\/wp-content\/uploads\/heizbetrieb_schaltschema.jpg\" class=\"attachment-full size-full wp-image-14631\" alt=\"\" srcset=\"https:\/\/braun-windturbinen.com\/wp-content\/uploads\/heizbetrieb_schaltschema.jpg 517w, https:\/\/braun-windturbinen.com\/wp-content\/uploads\/heizbetrieb_schaltschema-300x197.jpg 300w, https:\/\/braun-windturbinen.com\/wp-content\/uploads\/heizbetrieb_schaltschema-150x98.jpg 150w\" sizes=\"(max-width: 517px) 100vw, 517px\" \/>\t\t\t\t\t\t\t\t\t\t\t<figcaption class=\"widget-image-caption wp-caption-text\">Schaltschema f\u00fcr den Heizbetrieb<\/figcaption>\n\t\t\t\t\t\t\t\t\t\t<\/figure>\n\t\t\t\t\t\t\t\t\t<\/div>\n\t\t\t\t<\/div>\n\t\t\t\t<div class=\"elementor-element elementor-element-8c950f0 elementor-widget-divider--view-line elementor-widget elementor-widget-divider\" data-id=\"8c950f0\" data-element_type=\"widget\" data-e-type=\"widget\" data-widget_type=\"divider.default\">\n\t\t\t\t<div class=\"elementor-widget-container\">\n\t\t\t\t\t\t\t<div class=\"elementor-divider\">\n\t\t\t<span class=\"elementor-divider-separator\">\n\t\t\t\t\t\t<\/span>\n\t\t<\/div>\n\t\t\t\t\t\t<\/div>\n\t\t\t\t<\/div>\n\t\t\t\t<div class=\"elementor-element elementor-element-aa4353c elementor-widget elementor-widget-heading\" data-id=\"aa4353c\" data-element_type=\"widget\" data-e-type=\"widget\" data-widget_type=\"heading.default\">\n\t\t\t\t<div class=\"elementor-widget-container\">\n\t\t\t\t\t<h2 class=\"elementor-heading-title elementor-size-default\">Description technique<\/h2>\t\t\t\t<\/div>\n\t\t\t\t<\/div>\n\t\t\t\t<div class=\"elementor-element elementor-element-7ffb9cb elementor-widget elementor-widget-text-editor\" data-id=\"7ffb9cb\" data-element_type=\"widget\" data-e-type=\"widget\" data-widget_type=\"text-editor.default\">\n\t\t\t\t<div class=\"elementor-widget-container\">\n\t\t\t\t\t\t\t\t\t<ul><li>Taille du filetage de raccordement de la tige chauffante : 1 1\/2&Prime; filetage m\u00e2le<\/li><li>Puissance de l\u2019\u00e9l\u00e9ment chauffant : 6,0 kW<\/li><li>Longueur des tiges chauffantes : Longueur de vissage 450 mm<\/li><li>Puissance du g\u00e9n\u00e9rateur c\u00f4t\u00e9 DC 500VDC\/12ADC max. jusqu\u2019\u00e0 12kW <\/li><li>Interrupteur de court-circuit du g\u00e9n\u00e9rateur<\/li><li>Possibilit\u00e9 de raccordement pour 2 cartouches chauffantes de 6,0 kW chacune (ou r\u00e9sistance de freinage) avec interrupteurs de temp\u00e9rature, et Windy Boy<\/li><li>Ventilateur int\u00e9gr\u00e9 pour le refroidissement du circuit imprim\u00e9 avec capteur de temp\u00e9rature<\/li><li>courbe caract\u00e9ristique contr\u00f4l\u00e9e<\/li><li>Chauffage \/ secteur commutable en option<\/li><li>Alimentation par le secteur (fonctionnement normal), en cas de panne du r\u00e9seau, l\u2019alimentation \u00e9lectrique est automatiquement commut\u00e9e sur l\u2019alimentation du g\u00e9n\u00e9rateur<\/li><li>Visualisation (\u00e9cran tactile)<\/li><li>tous les r\u00e9glages et indicateurs d\u2019\u00e9tat se font via le TP<\/li><\/ul>\t\t\t\t\t\t\t\t<\/div>\n\t\t\t\t<\/div>\n\t\t\t\t<\/div>\n\t\t\t\t<\/div>\n\t\t\t\t\t<\/div>\n\t\t\t\t<\/div>\n\t\t\t\t<\/div>\n\t\t","protected":false},"excerpt":{"rendered":"<p>Mode de chauffage ANTARIS \u2013 Chauffage \u00e9olien : propre et \u00e9conomique ! 3,5 kW \u00e0 10,0 kW (max. 12,0 kW) Ce syst\u00e8me de contr\u00f4le est une \u00e9lectronique de contr\u00f4le avec guidage de courbe caract\u00e9ristique du vent. Cela permet \u00e0 l\u2019ANTARIS de d\u00e9marrer sans charge avec une transition en douceur vers la plage de vitesse optimale [&hellip;]<\/p>\n","protected":false},"author":1,"featured_media":0,"parent":16390,"menu_order":1,"comment_status":"closed","ping_status":"closed","template":"elementor_header_footer","meta":{"footnotes":""},"class_list":["post-16410","page","type-page","status-publish","hentry"],"_links":{"self":[{"href":"https:\/\/braun-windturbinen.com\/fr\/wp-json\/wp\/v2\/pages\/16410","targetHints":{"allow":["GET"]}}],"collection":[{"href":"https:\/\/braun-windturbinen.com\/fr\/wp-json\/wp\/v2\/pages"}],"about":[{"href":"https:\/\/braun-windturbinen.com\/fr\/wp-json\/wp\/v2\/types\/page"}],"author":[{"embeddable":true,"href":"https:\/\/braun-windturbinen.com\/fr\/wp-json\/wp\/v2\/users\/1"}],"replies":[{"embeddable":true,"href":"https:\/\/braun-windturbinen.com\/fr\/wp-json\/wp\/v2\/comments?post=16410"}],"version-history":[{"count":1,"href":"https:\/\/braun-windturbinen.com\/fr\/wp-json\/wp\/v2\/pages\/16410\/revisions"}],"predecessor-version":[{"id":16414,"href":"https:\/\/braun-windturbinen.com\/fr\/wp-json\/wp\/v2\/pages\/16410\/revisions\/16414"}],"up":[{"embeddable":true,"href":"https:\/\/braun-windturbinen.com\/fr\/wp-json\/wp\/v2\/pages\/16390"}],"wp:attachment":[{"href":"https:\/\/braun-windturbinen.com\/fr\/wp-json\/wp\/v2\/media?parent=16410"}],"curies":[{"name":"wp","href":"https:\/\/api.w.org\/{rel}","templated":true}]}}