{"id":16397,"date":"2014-01-06T18:34:34","date_gmt":"2014-01-06T16:34:34","guid":{"rendered":"https:\/\/braun-windturbinen.com\/references\/"},"modified":"2025-03-24T14:58:33","modified_gmt":"2025-03-24T12:58:33","slug":"references","status":"publish","type":"page","link":"https:\/\/braun-windturbinen.com\/fr\/entreprise\/references\/","title":{"rendered":"R\u00e9f\u00e9rences"},"content":{"rendered":"\t\t<div data-elementor-type=\"wp-page\" data-elementor-id=\"16397\" class=\"elementor elementor-16397 elementor-624\" data-elementor-post-type=\"page\">\n\t\t\t\t<div class=\"elementor-element elementor-element-700f077 e-flex e-con-boxed e-con e-parent\" data-id=\"700f077\" data-element_type=\"container\" data-e-type=\"container\" data-settings=\"{&quot;background_background&quot;:&quot;classic&quot;}\">\n\t\t\t\t\t<div class=\"e-con-inner\">\n\t\t<div class=\"elementor-element elementor-element-71c4195 e-con-full e-flex e-con e-child\" data-id=\"71c4195\" data-element_type=\"container\" data-e-type=\"container\" data-settings=\"{&quot;background_background&quot;:&quot;classic&quot;}\">\n\t\t\t\t<div class=\"elementor-element elementor-element-e80d27d elementor-widget elementor-widget-heading\" data-id=\"e80d27d\" data-element_type=\"widget\" data-e-type=\"widget\" data-widget_type=\"heading.default\">\n\t\t\t\t<div class=\"elementor-widget-container\">\n\t\t\t\t\t<h2 class=\"elementor-heading-title elementor-size-default\">R\u00e9f\u00e9rences<\/h2>\t\t\t\t<\/div>\n\t\t\t\t<\/div>\n\t\t\t\t<\/div>\n\t\t\t\t\t<\/div>\n\t\t\t\t<\/div>\n\t\t<div class=\"elementor-element elementor-element-668ec7f e-flex e-con-boxed e-con e-parent\" data-id=\"668ec7f\" data-element_type=\"container\" data-e-type=\"container\">\n\t\t\t\t\t<div class=\"e-con-inner\">\n\t\t<div class=\"elementor-element elementor-element-c59a6a4 e-con-full e-flex e-con e-child\" data-id=\"c59a6a4\" data-element_type=\"container\" data-e-type=\"container\" data-settings=\"{&quot;background_background&quot;:&quot;classic&quot;}\">\n\t\t<div class=\"elementor-element elementor-element-21b9323 e-con-full e-flex e-con e-child\" data-id=\"21b9323\" data-element_type=\"container\" data-e-type=\"container\">\n\t\t\t\t<div class=\"elementor-element elementor-element-4fdffd5 elementor-widget elementor-widget-heading\" data-id=\"4fdffd5\" data-element_type=\"widget\" data-e-type=\"widget\" data-widget_type=\"heading.default\">\n\t\t\t\t<div class=\"elementor-widget-container\">\n\t\t\t\t\t<h2 class=\"elementor-heading-title elementor-size-default\">Les \u00e9oliennes ANTARIS sont utilis\u00e9es dans le monde entier.<\/h2>\t\t\t\t<\/div>\n\t\t\t\t<\/div>\n\t\t\t\t<div class=\"elementor-element elementor-element-d4a61c4 elementor-widget elementor-widget-text-editor\" data-id=\"d4a61c4\" data-element_type=\"widget\" data-e-type=\"widget\" data-widget_type=\"text-editor.default\">\n\t\t\t\t<div class=\"elementor-widget-container\">\n\t\t\t\t\t\t\t\t\t<p>Il suffit de jeter un coup d\u2019\u0153il pour voir s\u2019il y a une \u00e9olienne ANTARIS dans votre r\u00e9gion !<\/p>\t\t\t\t\t\t\t\t<\/div>\n\t\t\t\t<\/div>\n\t\t\t\t<div class=\"elementor-element elementor-element-6aa7fb1 elementor-widget elementor-widget-html\" data-id=\"6aa7fb1\" data-element_type=\"widget\" data-e-type=\"widget\" data-widget_type=\"html.default\">\n\t\t\t\t<div class=\"elementor-widget-container\">\n\t\t\t\t\t<div id=\"\u201cmaps\u201c\"><\/div>\n<iframe src=\"https:\/\/mapsengine.google.com\/map\/embed?mid=zIb-h0XQL9WI.koIS1zxtUPFU\" width=\"100%\" height=\"700\"><\/iframe>\t\t\t\t<\/div>\n\t\t\t\t<\/div>\n\t\t\t\t<div class=\"elementor-element elementor-element-64a945a elementor-widget elementor-widget-text-editor\" data-id=\"64a945a\" data-element_type=\"widget\" data-e-type=\"widget\" data-widget_type=\"text-editor.default\">\n\t\t\t\t<div class=\"elementor-widget-container\">\n\t\t\t\t\t\t\t\t\t<p><em>Remarque&nbsp;: Ce ne sont que quelques-uns des emplacements ANTARIS avec un emplacement approximatif.<\/em><\/p>\t\t\t\t\t\t\t\t<\/div>\n\t\t\t\t<\/div>\n\t\t\t\t<\/div>\n\t\t<div class=\"elementor-element elementor-element-2af260f e-con-full glary e-flex e-con e-child\" data-id=\"2af260f\" data-element_type=\"container\" data-e-type=\"container\">\n\t\t\t\t<div class=\"elementor-element elementor-element-fbfee1a elementor-widget elementor-widget-heading\" data-id=\"fbfee1a\" data-element_type=\"widget\" data-e-type=\"widget\" data-widget_type=\"heading.default\">\n\t\t\t\t<div class=\"elementor-widget-container\">\n\t\t\t\t\t<h2 class=\"elementor-heading-title elementor-size-default\">Pays de vente<\/h2>\t\t\t\t<\/div>\n\t\t\t\t<\/div>\n\t\t\t\t<div class=\"elementor-element elementor-element-30ffe35 elementor-widget elementor-widget-text-editor\" data-id=\"30ffe35\" data-element_type=\"widget\" data-e-type=\"widget\" data-widget_type=\"text-editor.default\">\n\t\t\t\t<div class=\"elementor-widget-container\">\n\t\t\t\t\t\t\t\t\t<p><img decoding=\"async\" width=\"80\" height=\"54\" class=\"wp-image-700 alignnone jetpack-lazy-image jetpack-lazy-image--handled\" src=\"https:\/\/i0.wp.com\/www.braun-windturbinen.com\/wp-content\/uploads\/2014\/01\/unitedkingdom.png?w=30\" alt=\"Royaume-Uni\" data-recalc-dims=\"1\" data-lazy-loaded=\"1\"\/>  ROYAUME-UNI<\/p><p><img decoding=\"async\" width=\"80\" height=\"54\" class=\"wp-image-699 alignnone jetpack-lazy-image jetpack-lazy-image--handled\" src=\"https:\/\/i2.wp.com\/www.braun-windturbinen.com\/wp-content\/uploads\/2014\/01\/ungarn.png?w=30\" alt=\"Hongrie\" data-recalc-dims=\"1\" data-lazy-loaded=\"1\"\/>  Hongrie<\/p><p><img decoding=\"async\" width=\"80\" height=\"54\" class=\"wp-image-698 alignnone jetpack-lazy-image jetpack-lazy-image--handled\" src=\"https:\/\/i1.wp.com\/www.braun-windturbinen.com\/wp-content\/uploads\/2014\/01\/ukraine.png?w=30\" alt=\"Ukraine\" data-recalc-dims=\"1\" data-lazy-loaded=\"1\"\/>  Ukraine<\/p><p><img loading=\"lazy\" decoding=\"async\" width=\"80\" height=\"54\" class=\"wp-image-697 alignnone jetpack-lazy-image jetpack-lazy-image--handled\" src=\"https:\/\/i2.wp.com\/www.braun-windturbinen.com\/wp-content\/uploads\/2014\/01\/tuerkei.png?w=30\" alt=\"Turquie\" data-recalc-dims=\"1\" data-lazy-loaded=\"1\"\/>  Turquie<\/p><p><img loading=\"lazy\" decoding=\"async\" width=\"80\" height=\"54\" class=\"wp-image-696 alignnone jetpack-lazy-image jetpack-lazy-image--handled\" src=\"https:\/\/i0.wp.com\/www.braun-windturbinen.com\/wp-content\/uploads\/2014\/01\/suedkorea.png?w=30\" alt=\"Sud\" data-recalc-dims=\"1\" data-lazy-loaded=\"1\"\/>  Cor\u00e9e du Sud<\/p><p><img loading=\"lazy\" decoding=\"async\" width=\"80\" height=\"54\" class=\"wp-image-695 alignnone jetpack-lazy-image jetpack-lazy-image--handled\" src=\"https:\/\/i0.wp.com\/www.braun-windturbinen.com\/wp-content\/uploads\/2014\/01\/spanien.png?w=30\" alt=\"Espagne\" data-recalc-dims=\"1\" data-lazy-loaded=\"1\"\/>  Espagne<\/p><p><img loading=\"lazy\" decoding=\"async\" width=\"80\" height=\"54\" class=\"wp-image-694 alignnone jetpack-lazy-image jetpack-lazy-image--handled\" src=\"https:\/\/i0.wp.com\/www.braun-windturbinen.com\/wp-content\/uploads\/2014\/01\/slowenien.png?w=30\" alt=\"Slov\u00e9nie\" data-recalc-dims=\"1\" data-lazy-loaded=\"1\"\/>  Slov\u00e9nie<\/p><p><img loading=\"lazy\" decoding=\"async\" width=\"80\" height=\"54\" class=\"wp-image-693 alignnone jetpack-lazy-image jetpack-lazy-image--handled\" src=\"https:\/\/i0.wp.com\/www.braun-windturbinen.com\/wp-content\/uploads\/2014\/01\/rumaenien.png?w=30\" alt=\"Roumanie\" data-recalc-dims=\"1\" data-lazy-loaded=\"1\"\/>  Roumanie<\/p><p><img loading=\"lazy\" decoding=\"async\" width=\"80\" height=\"54\" class=\"wp-image-692 alignnone jetpack-lazy-image jetpack-lazy-image--handled\" src=\"https:\/\/i1.wp.com\/www.braun-windturbinen.com\/wp-content\/uploads\/2014\/01\/portugal.png?w=30\" alt=\"Portugal\" data-recalc-dims=\"1\" data-lazy-loaded=\"1\"\/>  Portugal<\/p><p><img loading=\"lazy\" decoding=\"async\" width=\"80\" height=\"54\" class=\"wp-image-691 alignnone jetpack-lazy-image jetpack-lazy-image--handled\" src=\"https:\/\/i2.wp.com\/www.braun-windturbinen.com\/wp-content\/uploads\/2014\/01\/polen.png?w=30\" alt=\"Pologne\" data-recalc-dims=\"1\" data-lazy-loaded=\"1\"\/>  Pologne<\/p><p><img loading=\"lazy\" decoding=\"async\" width=\"80\" height=\"54\" class=\"wp-image-690 alignnone jetpack-lazy-image jetpack-lazy-image--handled\" src=\"https:\/\/i2.wp.com\/www.braun-windturbinen.com\/wp-content\/uploads\/2014\/01\/oesterreich.png?w=30\" alt=\"Autriche\" data-recalc-dims=\"1\" data-lazy-loaded=\"1\"\/>  Autriche<\/p><p><img loading=\"lazy\" decoding=\"async\" width=\"80\" height=\"54\" class=\"wp-image-689 alignnone jetpack-lazy-image jetpack-lazy-image--handled\" src=\"https:\/\/i2.wp.com\/www.braun-windturbinen.com\/wp-content\/uploads\/2014\/01\/italien.png?w=30\" alt=\"Italie\" data-recalc-dims=\"1\" data-lazy-loaded=\"1\"\/>  Italie<\/p><p><img loading=\"lazy\" decoding=\"async\" width=\"80\" height=\"54\" class=\"wp-image-688 alignnone jetpack-lazy-image jetpack-lazy-image--handled\" src=\"https:\/\/i0.wp.com\/www.braun-windturbinen.com\/wp-content\/uploads\/2014\/01\/irland.png?w=30\" alt=\"Irlande\" data-recalc-dims=\"1\" data-lazy-loaded=\"1\"\/>  Irlande<\/p><p><img loading=\"lazy\" decoding=\"async\" width=\"80\" height=\"54\" class=\"wp-image-687 alignnone jetpack-lazy-image jetpack-lazy-image--handled\" src=\"https:\/\/i1.wp.com\/www.braun-windturbinen.com\/wp-content\/uploads\/2014\/01\/greece.png?w=30\" alt=\"Gr\u00e8ce\" data-recalc-dims=\"1\" data-lazy-loaded=\"1\"\/>  Gr\u00e8ce<\/p><p><img loading=\"lazy\" decoding=\"async\" width=\"80\" height=\"54\" class=\"wp-image-686 alignnone jetpack-lazy-image jetpack-lazy-image--handled\" src=\"https:\/\/i0.wp.com\/www.braun-windturbinen.com\/wp-content\/uploads\/2014\/01\/frankreich.png?w=30\" alt=\"France\" data-recalc-dims=\"1\" data-lazy-loaded=\"1\"\/>  France<\/p><p><img loading=\"lazy\" decoding=\"async\" width=\"80\" height=\"54\" class=\"wp-image-685 alignnone jetpack-lazy-image jetpack-lazy-image--handled\" src=\"https:\/\/i0.wp.com\/www.braun-windturbinen.com\/wp-content\/uploads\/2014\/01\/finland.png?w=30\" alt=\"Finlande\" data-recalc-dims=\"1\" data-lazy-loaded=\"1\"\/>  Finlande<\/p><p><img loading=\"lazy\" decoding=\"async\" width=\"80\" height=\"54\" class=\"wp-image-684 alignnone jetpack-lazy-image jetpack-lazy-image--handled\" src=\"https:\/\/i0.wp.com\/www.braun-windturbinen.com\/wp-content\/uploads\/2014\/01\/denmark.png?w=30\" alt=\"Danemark\" data-recalc-dims=\"1\" data-lazy-loaded=\"1\"\/>  Danemark<\/p><p><img loading=\"lazy\" decoding=\"async\" width=\"80\" height=\"54\" class=\"wp-image-683 alignnone jetpack-lazy-image jetpack-lazy-image--handled\" src=\"https:\/\/i0.wp.com\/www.braun-windturbinen.com\/wp-content\/uploads\/2014\/01\/chile.png?w=30\" alt=\"Chili\" data-recalc-dims=\"1\" data-lazy-loaded=\"1\"\/>  Chili<\/p><p><img loading=\"lazy\" decoding=\"async\" width=\"80\" height=\"54\" class=\"wp-image-682 alignnone jetpack-lazy-image jetpack-lazy-image--handled\" src=\"https:\/\/i1.wp.com\/www.braun-windturbinen.com\/wp-content\/uploads\/2014\/01\/belgien.png?w=30\" alt=\"Belgique\" data-recalc-dims=\"1\" data-lazy-loaded=\"1\"\/>  Belgique<\/p>\t\t\t\t\t\t\t\t<\/div>\n\t\t\t\t<\/div>\n\t\t\t\t<\/div>\n\t\t\t\t<\/div>\n\t\t\t\t\t<\/div>\n\t\t\t\t<\/div>\n\t\t\t\t<\/div>\n\t\t","protected":false},"excerpt":{"rendered":"<p>R\u00e9f\u00e9rences Les \u00e9oliennes ANTARIS sont utilis\u00e9es dans le monde entier. Il suffit de jeter un coup d\u2019\u0153il pour voir s\u2019il y a une \u00e9olienne ANTARIS dans votre r\u00e9gion ! Remarque&nbsp;: Ce ne sont que quelques-uns des emplacements ANTARIS avec un emplacement approximatif. Pays de vente ROYAUME-UNI Hongrie Ukraine Turquie Cor\u00e9e du Sud Espagne Slov\u00e9nie Roumanie [&hellip;]<\/p>\n","protected":false},"author":1,"featured_media":0,"parent":16442,"menu_order":2,"comment_status":"closed","ping_status":"closed","template":"elementor_header_footer","meta":{"footnotes":""},"class_list":["post-16397","page","type-page","status-publish","hentry"],"_links":{"self":[{"href":"https:\/\/braun-windturbinen.com\/fr\/wp-json\/wp\/v2\/pages\/16397","targetHints":{"allow":["GET"]}}],"collection":[{"href":"https:\/\/braun-windturbinen.com\/fr\/wp-json\/wp\/v2\/pages"}],"about":[{"href":"https:\/\/braun-windturbinen.com\/fr\/wp-json\/wp\/v2\/types\/page"}],"author":[{"embeddable":true,"href":"https:\/\/braun-windturbinen.com\/fr\/wp-json\/wp\/v2\/users\/1"}],"replies":[{"embeddable":true,"href":"https:\/\/braun-windturbinen.com\/fr\/wp-json\/wp\/v2\/comments?post=16397"}],"version-history":[{"count":1,"href":"https:\/\/braun-windturbinen.com\/fr\/wp-json\/wp\/v2\/pages\/16397\/revisions"}],"predecessor-version":[{"id":16401,"href":"https:\/\/braun-windturbinen.com\/fr\/wp-json\/wp\/v2\/pages\/16397\/revisions\/16401"}],"up":[{"embeddable":true,"href":"https:\/\/braun-windturbinen.com\/fr\/wp-json\/wp\/v2\/pages\/16442"}],"wp:attachment":[{"href":"https:\/\/braun-windturbinen.com\/fr\/wp-json\/wp\/v2\/media?parent=16397"}],"curies":[{"name":"wp","href":"https:\/\/api.w.org\/{rel}","templated":true}]}}