{"id":16368,"date":"2014-01-03T14:55:23","date_gmt":"2014-01-03T12:55:23","guid":{"rendered":"https:\/\/braun-windturbinen.com\/contact\/"},"modified":"2026-03-06T12:53:15","modified_gmt":"2026-03-06T10:53:15","slug":"contact","status":"publish","type":"page","link":"https:\/\/braun-windturbinen.com\/fr\/contact\/","title":{"rendered":"Contact"},"content":{"rendered":"\t\t<div data-elementor-type=\"wp-page\" data-elementor-id=\"16368\" class=\"elementor elementor-16368 elementor-417\" data-elementor-post-type=\"page\">\n\t\t\t\t<div class=\"elementor-element elementor-element-2dbf21a e-flex e-con-boxed e-con e-parent\" data-id=\"2dbf21a\" data-element_type=\"container\" data-e-type=\"container\">\n\t\t\t\t\t<div class=\"e-con-inner\">\n\t\t<div class=\"elementor-element elementor-element-c61483f e-con-full e-flex e-con e-child\" data-id=\"c61483f\" data-element_type=\"container\" data-e-type=\"container\" data-settings=\"{&quot;background_background&quot;:&quot;classic&quot;}\">\n\t\t\t\t<div class=\"elementor-element elementor-element-fbf3e50 elementor-widget__width-initial elementor-widget elementor-widget-html\" data-id=\"fbf3e50\" data-element_type=\"widget\" data-e-type=\"widget\" data-widget_type=\"html.default\">\n\t\t\t\t<div class=\"elementor-widget-container\">\n\t\t\t\t\t<iframe src=\"https:\/\/www.google.com\/maps\/embed?pb=!1m18!1m12!1m3!1d2527.1452018465243!2d7.871519713270552!3d50.6986899715224!2m3!1f0!2f0!3f0!3m2!1i1024!2i768!4f13.1!3m3!1m2!1s0x47be9e2e139300df%3A0x13b851ec14391538!2sBRAUN%20Windturbinen%20GmbH!5e0!3m2!1sde!2sde!4v1709299408868!5m2!1sde!2sde\" width=\"1300\" height=\"450\" style=\"border:0;\" allowfullscreen=\"\" loading=\"lazy\" referrerpolicy=\"no-referrer-when-downgrade\"><\/iframe>\t\t\t\t<\/div>\n\t\t\t\t<\/div>\n\t\t\t\t<\/div>\n\t\t\t\t\t<\/div>\n\t\t\t\t<\/div>\n\t\t<div class=\"elementor-element elementor-element-930935c e-flex e-con-boxed e-con e-parent\" data-id=\"930935c\" data-element_type=\"container\" data-e-type=\"container\">\n\t\t\t\t\t<div class=\"e-con-inner\">\n\t\t<div class=\"elementor-element elementor-element-888c5ce e-con-full e-flex e-con e-child\" data-id=\"888c5ce\" data-element_type=\"container\" data-e-type=\"container\" data-settings=\"{&quot;background_background&quot;:&quot;classic&quot;}\">\n\t\t<div class=\"elementor-element elementor-element-97ab8b1 e-con-full e-flex e-con e-child\" data-id=\"97ab8b1\" data-element_type=\"container\" data-e-type=\"container\">\n\t\t\t\t<div class=\"elementor-element elementor-element-a856c56 elementor-widget elementor-widget-heading\" data-id=\"a856c56\" data-element_type=\"widget\" data-e-type=\"widget\" data-widget_type=\"heading.default\">\n\t\t\t\t<div class=\"elementor-widget-container\">\n\t\t\t\t\t<h2 class=\"elementor-heading-title elementor-size-default\">Contact<\/h2>\t\t\t\t<\/div>\n\t\t\t\t<\/div>\n\t\t\t\t<div class=\"elementor-element elementor-element-4ac6da9 elementor-button-align-stretch elementor-widget elementor-widget-form\" data-id=\"4ac6da9\" data-element_type=\"widget\" data-e-type=\"widget\" data-settings=\"{&quot;step_next_label&quot;:&quot;Prochain&quot;,&quot;step_previous_label&quot;:&quot;Pr\\u00e9c\\u00e9dent&quot;,&quot;button_width&quot;:&quot;100&quot;,&quot;step_type&quot;:&quot;number_text&quot;,&quot;step_icon_shape&quot;:&quot;circle&quot;}\" data-widget_type=\"form.default\">\n\t\t\t\t<div class=\"elementor-widget-container\">\n\t\t\t\t\t\t\t<form class=\"elementor-form\" method=\"post\" name=\"Contact\" aria-label=\"Contact\">\n\t\t\t<input type=\"hidden\" name=\"post_id\" value=\"16368\"\/>\n\t\t\t<input type=\"hidden\" name=\"form_id\" value=\"4ac6da9\"\/>\n\t\t\t<input type=\"hidden\" name=\"referer_title\" value=\"Contact | BRAUN Windturbinen GmbH\" \/>\n\n\t\t\t\t\t\t\t<input type=\"hidden\" name=\"queried_id\" value=\"16368\"\/>\n\t\t\t\n\t\t\t<div class=\"elementor-form-fields-wrapper elementor-labels-\">\n\t\t\t\t\t\t\t\t<div class=\"elementor-field-type-text elementor-field-group elementor-column elementor-field-group-field_74f7d5c elementor-col-50\">\n\t\t\t\t\t\t\t\t\t\t\t\t<label for=\"form-field-field_74f7d5c\" class=\"elementor-field-label elementor-screen-only\">\n\t\t\t\t\t\t\t\tCompagnie\t\t\t\t\t\t\t<\/label>\n\t\t\t\t\t\t\t\t\t\t\t\t\t\t<input size=\"1\" type=\"text\" name=\"form_fields[field_74f7d5c]\" id=\"form-field-field_74f7d5c\" class=\"elementor-field elementor-size-sm  elementor-field-textual\" placeholder=\"Entreprise (facultatif)\">\n\t\t\t\t\t\t\t\t\t\t\t<\/div>\n\t\t\t\t\t\t\t\t<div class=\"elementor-field-type-text elementor-field-group elementor-column elementor-field-group-name elementor-col-50\">\n\t\t\t\t\t\t\t\t\t\t\t\t<label for=\"form-field-name\" class=\"elementor-field-label elementor-screen-only\">\n\t\t\t\t\t\t\t\tNom\t\t\t\t\t\t\t<\/label>\n\t\t\t\t\t\t\t\t\t\t\t\t\t\t<input size=\"1\" type=\"text\" name=\"form_fields[name]\" id=\"form-field-name\" class=\"elementor-field elementor-size-sm  elementor-field-textual\" placeholder=\"Nom\">\n\t\t\t\t\t\t\t\t\t\t\t<\/div>\n\t\t\t\t\t\t\t\t<div class=\"elementor-field-type-email elementor-field-group elementor-column elementor-field-group-email elementor-col-50 elementor-field-required\">\n\t\t\t\t\t\t\t\t\t\t\t\t<label for=\"form-field-email\" class=\"elementor-field-label elementor-screen-only\">\n\t\t\t\t\t\t\t\tMessagerie \u00e9lectronique\t\t\t\t\t\t\t<\/label>\n\t\t\t\t\t\t\t\t\t\t\t\t\t\t<input size=\"1\" type=\"email\" name=\"form_fields[email]\" id=\"form-field-email\" class=\"elementor-field elementor-size-sm  elementor-field-textual\" placeholder=\"Messagerie \u00e9lectronique\" required=\"required\">\n\t\t\t\t\t\t\t\t\t\t\t<\/div>\n\t\t\t\t\t\t\t\t<div class=\"elementor-field-type-text elementor-field-group elementor-column elementor-field-group-field_a7a48da elementor-col-50\">\n\t\t\t\t\t\t\t\t\t\t\t\t<label for=\"form-field-field_a7a48da\" class=\"elementor-field-label elementor-screen-only\">\n\t\t\t\t\t\t\t\tT\u00e9l\u00e9phone\t\t\t\t\t\t\t<\/label>\n\t\t\t\t\t\t\t\t\t\t\t\t\t\t<input size=\"1\" type=\"text\" name=\"form_fields[field_a7a48da]\" id=\"form-field-field_a7a48da\" class=\"elementor-field elementor-size-sm  elementor-field-textual\" placeholder=\"T\u00e9l\u00e9phone\">\n\t\t\t\t\t\t\t\t\t\t\t<\/div>\n\t\t\t\t\t\t\t\t<div class=\"elementor-field-type-text elementor-field-group elementor-column elementor-field-group-field_54a46dd elementor-col-33\">\n\t\t\t\t\t\t\t\t\t\t\t\t<label for=\"form-field-field_54a46dd\" class=\"elementor-field-label elementor-screen-only\">\n\t\t\t\t\t\t\t\tRue, No.\t\t\t\t\t\t\t<\/label>\n\t\t\t\t\t\t\t\t\t\t\t\t\t\t<input size=\"1\" type=\"text\" name=\"form_fields[field_54a46dd]\" id=\"form-field-field_54a46dd\" class=\"elementor-field elementor-size-sm  elementor-field-textual\" placeholder=\"Rue, No.\">\n\t\t\t\t\t\t\t\t\t\t\t<\/div>\n\t\t\t\t\t\t\t\t<div class=\"elementor-field-type-text elementor-field-group elementor-column elementor-field-group-field_48026b0 elementor-col-33\">\n\t\t\t\t\t\t\t\t\t\t\t\t<label for=\"form-field-field_48026b0\" class=\"elementor-field-label elementor-screen-only\">\n\t\t\t\t\t\t\t\tCode postal, Ville\t\t\t\t\t\t\t<\/label>\n\t\t\t\t\t\t\t\t\t\t\t\t\t\t<input size=\"1\" type=\"text\" name=\"form_fields[field_48026b0]\" id=\"form-field-field_48026b0\" class=\"elementor-field elementor-size-sm  elementor-field-textual\" placeholder=\"Code postal, Ville\">\n\t\t\t\t\t\t\t\t\t\t\t<\/div>\n\t\t\t\t\t\t\t\t<div class=\"elementor-field-type-text elementor-field-group elementor-column elementor-field-group-field_6e5005d elementor-col-33\">\n\t\t\t\t\t\t\t\t\t\t\t\t<label for=\"form-field-field_6e5005d\" class=\"elementor-field-label elementor-screen-only\">\n\t\t\t\t\t\t\t\tTerre\t\t\t\t\t\t\t<\/label>\n\t\t\t\t\t\t\t\t\t\t\t\t\t\t<input size=\"1\" type=\"text\" name=\"form_fields[field_6e5005d]\" id=\"form-field-field_6e5005d\" class=\"elementor-field elementor-size-sm  elementor-field-textual\" placeholder=\"Terre\">\n\t\t\t\t\t\t\t\t\t\t\t<\/div>\n\t\t\t\t\t\t\t\t<div class=\"elementor-field-type-text elementor-field-group elementor-column elementor-field-group-field_057edfd elementor-col-100\">\n\t\t\t\t\t\t\t\t\t\t\t\t<label for=\"form-field-field_057edfd\" class=\"elementor-field-label elementor-screen-only\">\n\t\t\t\t\t\t\t\tObjet\t\t\t\t\t\t\t<\/label>\n\t\t\t\t\t\t\t\t\t\t\t\t\t\t<input size=\"1\" type=\"text\" name=\"form_fields[field_057edfd]\" id=\"form-field-field_057edfd\" class=\"elementor-field elementor-size-sm  elementor-field-textual\" placeholder=\"Objet\">\n\t\t\t\t\t\t\t\t\t\t\t<\/div>\n\t\t\t\t\t\t\t\t<div class=\"elementor-field-type-textarea elementor-field-group elementor-column elementor-field-group-message elementor-col-100\">\n\t\t\t\t\t\t\t\t\t\t\t\t<label for=\"form-field-message\" class=\"elementor-field-label elementor-screen-only\">\n\t\t\t\t\t\t\t\tMessage\t\t\t\t\t\t\t<\/label>\n\t\t\t\t\t\t<textarea class=\"elementor-field-textual elementor-field  elementor-size-sm\" name=\"form_fields[message]\" id=\"form-field-message\" rows=\"6\" placeholder=\"Message\"><\/textarea>\t\t\t\t<\/div>\n\t\t\t\t\t\t\t\t<div class=\"elementor-field-type-acceptance elementor-field-group elementor-column elementor-field-group-field_d145bcf elementor-col-100 elementor-field-required\">\n\t\t\t\t\t\t\t\t\t\t\t\t<label for=\"form-field-field_d145bcf\" class=\"elementor-field-label elementor-screen-only\">\n\t\t\t\t\t\t\t\tVie priv\u00e9e\t\t\t\t\t\t\t<\/label>\n\t\t\t\t\t\t\t\t<div class=\"elementor-field-subgroup\">\n\t\t\t<span class=\"elementor-field-option\">\n\t\t\t\t<input type=\"checkbox\" name=\"form_fields[field_d145bcf]\" id=\"form-field-field_d145bcf\" class=\"elementor-field elementor-size-sm  elementor-acceptance-field\" required=\"required\">\n\t\t\t\t<label for=\"form-field-field_d145bcf\">Par la pr\u00e9sente, j\u2019accepte que mes donn\u00e9es personnelles saisies ici soient collect\u00e9es et stock\u00e9es \u00e9lectroniquement. J\u2019ai pris connaissance des informations sur la protection des donn\u00e9es et je les accepte. <\/label>\t\t\t<\/span>\n\t\t<\/div>\n\t\t\t\t\t\t<\/div>\n\t\t\t\t\t\t\t\t<div class=\"elementor-field-type-recaptcha_v3 elementor-field-group elementor-column elementor-field-group-field_47c5cdb elementor-col-100 recaptcha_v3-bottomright\">\n\t\t\t\t\t<div class=\"elementor-field\" id=\"form-field-field_47c5cdb\"><div class=\"elementor-g-recaptcha\" data-sitekey=\"6LcsdcApAAAAAHB9ZfQvO8xc-guJtmjNx0_fcR6S\" data-type=\"v3\" data-action=\"Form\" data-badge=\"bottomright\" data-size=\"invisible\"><\/div><\/div>\t\t\t\t<\/div>\n\t\t\t\t\t\t\t\t<div class=\"elementor-field-group elementor-column elementor-field-type-submit elementor-col-100 e-form__buttons\">\n\t\t\t\t\t<button class=\"elementor-button elementor-size-sm\" type=\"submit\">\n\t\t\t\t\t\t<span class=\"elementor-button-content-wrapper\">\n\t\t\t\t\t\t\t\t\t\t\t\t\t\t\t<span class=\"elementor-button-icon\">\n\t\t\t\t\t\t\t\t\t<i aria-hidden=\"true\" class=\"far fa-paper-plane\"><\/i>\t\t\t\t\t\t\t\t\t\t\t\t\t\t\t\t\t<\/span>\n\t\t\t\t\t\t\t\t\t\t\t\t\t\t\t\t\t\t\t\t\t\t<span class=\"elementor-button-text\">Envoyer<\/span>\n\t\t\t\t\t\t\t\t\t\t\t\t\t<\/span>\n\t\t\t\t\t<\/button>\n\t\t\t\t<\/div>\n\t\t\t<\/div>\n\t\t<\/form>\n\t\t\t\t\t\t<\/div>\n\t\t\t\t<\/div>\n\t\t<div class=\"elementor-element elementor-element-8b7bee1 e-flex e-con-boxed e-con e-child\" data-id=\"8b7bee1\" data-element_type=\"container\" data-e-type=\"container\">\n\t\t\t\t\t<div class=\"e-con-inner\">\n\t\t\t\t<div class=\"elementor-element elementor-element-bb88511 elementor-widget elementor-widget-text-editor\" data-id=\"bb88511\" data-element_type=\"widget\" data-e-type=\"widget\" data-widget_type=\"text-editor.default\">\n\t\t\t\t<div class=\"elementor-widget-container\">\n\t\t\t\t\t\t\t\t\t<p><strong>Indice:<\/strong> Vos donn\u00e9es ne seront utilis\u00e9es que dans le but de r\u00e9pondre \u00e0 votre demande. <br \/>Vous pouvez r\u00e9voquer votre consentement \u00e0 tout moment avec effet pour l\u2019avenir en envoyant un e-mail \u00e0 <a href=\"mailto:info@braun-windturbinen.com\"><em>info@braun-windturbinen.com<\/em><\/a> .<\/p><p><a href=\"https:\/\/braun-windturbinen.com\/fr\/vie-privee\/\" target=\"_blank\" rel=\"noopener noreferrer\"><strong><em><span style=\"color: #0093cf;\">Lire la politique de confidentialit\u00e9<\/span><\/em><\/strong><\/a><\/p>\t\t\t\t\t\t\t\t<\/div>\n\t\t\t\t<\/div>\n\t\t\t\t\t<\/div>\n\t\t\t\t<\/div>\n\t\t\t\t<\/div>\n\t\t<div class=\"elementor-element elementor-element-2d0dbae e-con-full e-flex e-con e-child\" data-id=\"2d0dbae\" data-element_type=\"container\" data-e-type=\"container\">\n\t\t\t\t<div class=\"elementor-element elementor-element-5c1d378 elementor-widget elementor-widget-image\" data-id=\"5c1d378\" data-element_type=\"widget\" data-e-type=\"widget\" data-widget_type=\"image.default\">\n\t\t\t\t<div class=\"elementor-widget-container\">\n\t\t\t\t\t\t\t\t\t\t\t\t\t\t\t<img fetchpriority=\"high\" decoding=\"async\" width=\"374\" height=\"269\" src=\"https:\/\/braun-windturbinen.com\/wp-content\/uploads\/kontakt-1.jpg\" class=\"attachment-1536x1536 size-1536x1536 wp-image-15877\" alt=\"\" srcset=\"https:\/\/braun-windturbinen.com\/wp-content\/uploads\/kontakt-1.jpg 374w, https:\/\/braun-windturbinen.com\/wp-content\/uploads\/kontakt-1-300x216.jpg 300w, https:\/\/braun-windturbinen.com\/wp-content\/uploads\/kontakt-1-150x108.jpg 150w\" sizes=\"(max-width: 374px) 100vw, 374px\" \/>\t\t\t\t\t\t\t\t\t\t\t\t\t\t\t<\/div>\n\t\t\t\t<\/div>\n\t\t\t\t<div class=\"elementor-element elementor-element-e52a7c2 elementor-widget elementor-widget-heading\" data-id=\"e52a7c2\" data-element_type=\"widget\" data-e-type=\"widget\" data-widget_type=\"heading.default\">\n\t\t\t\t<div class=\"elementor-widget-container\">\n\t\t\t\t\t<h2 class=\"elementor-heading-title elementor-size-default\">Heures<\/h2>\t\t\t\t<\/div>\n\t\t\t\t<\/div>\n\t\t\t\t<div class=\"elementor-element elementor-element-9417ecb elementor-widget elementor-widget-text-editor\" data-id=\"9417ecb\" data-element_type=\"widget\" data-e-type=\"widget\" data-widget_type=\"text-editor.default\">\n\t\t\t\t<div class=\"elementor-widget-container\">\n\t\t\t\t\t\t\t\t\t<p>Du lundi au vendredi : de 8 h 30 \u00e0 17 h 30<br \/>Samedi : sur rendez-vous<\/p>\t\t\t\t\t\t\t\t<\/div>\n\t\t\t\t<\/div>\n\t\t\t\t<div class=\"elementor-element elementor-element-d1532ba elementor-widget elementor-widget-text-editor\" data-id=\"d1532ba\" data-element_type=\"widget\" data-e-type=\"widget\" data-widget_type=\"text-editor.default\">\n\t\t\t\t<div class=\"elementor-widget-container\">\n\t\t\t\t\t\t\t\t\t<p><strong>Contact<\/strong><\/p><p>S\u00fcdstra\u00dfe 19<br \/>57583 Nauroth<br \/>Allemagne<\/p><p>T\u00e9l\u00e9phone : +49 (0) 27 47 \/ 93 05 85<br \/>T\u00e9l\u00e9copie : +49 (0) 27 47 \/ 91 40 53<\/p><p><strong>Soutien<\/strong><br \/>T\u00e9l\u00e9phone : +49 (0) 27 47 \/ 93 05 85<br \/>Courriel : <span style=\"color: #0093cf;\"><a style=\"color: #0093cf;\" href=\"mailto:info@braun-windturbinen.com\">info@braun-windturbinen.com<\/a><\/span><\/p>\t\t\t\t\t\t\t\t<\/div>\n\t\t\t\t<\/div>\n\t\t\t\t<div class=\"elementor-element elementor-element-c28c53c elementor-align-justify elementor-widget elementor-widget-button\" data-id=\"c28c53c\" data-element_type=\"widget\" data-e-type=\"widget\" data-widget_type=\"button.default\">\n\t\t\t\t<div class=\"elementor-widget-container\">\n\t\t\t\t\t\t\t\t\t<div class=\"elementor-button-wrapper\">\n\t\t\t\t\t<a class=\"elementor-button elementor-button-link elementor-size-sm\" href=\"https:\/\/braun-windturbinen.com\/fr\/service\/client\/\" target=\"_blank\">\n\t\t\t\t\t\t<span class=\"elementor-button-content-wrapper\">\n\t\t\t\t\t\t<span class=\"elementor-button-icon\">\n\t\t\t\t<i aria-hidden=\"true\" class=\"fas fa-user-lock\"><\/i>\t\t\t<\/span>\n\t\t\t\t\t\t\t\t\t<span class=\"elementor-button-text\">vers l\u2019espace client<\/span>\n\t\t\t\t\t<\/span>\n\t\t\t\t\t<\/a>\n\t\t\t\t<\/div>\n\t\t\t\t\t\t\t\t<\/div>\n\t\t\t\t<\/div>\n\t\t\t\t<div class=\"elementor-element elementor-element-a35b736 elementor-widget elementor-widget-text-editor\" data-id=\"a35b736\" data-element_type=\"widget\" data-e-type=\"widget\" data-widget_type=\"text-editor.default\">\n\t\t\t\t<div class=\"elementor-widget-container\">\n\t\t\t\t\t\t\t\t\t<p>(Uniquement disponible pour les utilisateurs enregistr\u00e9s)<\/p>\t\t\t\t\t\t\t\t<\/div>\n\t\t\t\t<\/div>\n\t\t\t\t<\/div>\n\t\t\t\t<\/div>\n\t\t\t\t\t<\/div>\n\t\t\t\t<\/div>\n\t\t\t\t<\/div>\n\t\t","protected":false},"excerpt":{"rendered":"<p>Contact Indice: Vos donn\u00e9es ne seront utilis\u00e9es que dans le but de r\u00e9pondre \u00e0 votre demande. Vous pouvez r\u00e9voquer votre consentement \u00e0 tout moment avec effet pour l\u2019avenir en envoyant un e-mail \u00e0 info@braun-windturbinen.com . Lire la politique de confidentialit\u00e9 Heures Du lundi au vendredi : de 8 h 30 \u00e0 17 h 30Samedi : [&hellip;]<\/p>\n","protected":false},"author":1,"featured_media":0,"parent":0,"menu_order":8,"comment_status":"closed","ping_status":"closed","template":"elementor_header_footer","meta":{"footnotes":""},"class_list":["post-16368","page","type-page","status-publish","hentry"],"_links":{"self":[{"href":"https:\/\/braun-windturbinen.com\/fr\/wp-json\/wp\/v2\/pages\/16368","targetHints":{"allow":["GET"]}}],"collection":[{"href":"https:\/\/braun-windturbinen.com\/fr\/wp-json\/wp\/v2\/pages"}],"about":[{"href":"https:\/\/braun-windturbinen.com\/fr\/wp-json\/wp\/v2\/types\/page"}],"author":[{"embeddable":true,"href":"https:\/\/braun-windturbinen.com\/fr\/wp-json\/wp\/v2\/users\/1"}],"replies":[{"embeddable":true,"href":"https:\/\/braun-windturbinen.com\/fr\/wp-json\/wp\/v2\/comments?post=16368"}],"version-history":[{"count":4,"href":"https:\/\/braun-windturbinen.com\/fr\/wp-json\/wp\/v2\/pages\/16368\/revisions"}],"predecessor-version":[{"id":19297,"href":"https:\/\/braun-windturbinen.com\/fr\/wp-json\/wp\/v2\/pages\/16368\/revisions\/19297"}],"wp:attachment":[{"href":"https:\/\/braun-windturbinen.com\/fr\/wp-json\/wp\/v2\/media?parent=16368"}],"curies":[{"name":"wp","href":"https:\/\/api.w.org\/{rel}","templated":true}]}}