{"id":16359,"date":"2013-12-29T16:32:42","date_gmt":"2013-12-29T14:32:42","guid":{"rendered":"https:\/\/braun-windturbinen.com\/antaris-75-kw\/"},"modified":"2025-03-24T15:27:40","modified_gmt":"2025-03-24T13:27:40","slug":"antaris-75-kw","status":"publish","type":"page","link":"https:\/\/braun-windturbinen.com\/fr\/produits\/petites-eoliennes-antaris\/antaris-75-kw\/","title":{"rendered":"ANTARIS 7,5 kW"},"content":{"rendered":"\t\t<div data-elementor-type=\"wp-page\" data-elementor-id=\"16359\" class=\"elementor elementor-16359 elementor-273\" data-elementor-post-type=\"page\">\n\t\t\t\t<div class=\"elementor-element elementor-element-3672ae7 e-flex e-con-boxed e-con e-parent\" data-id=\"3672ae7\" data-element_type=\"container\" data-e-type=\"container\" data-settings=\"{&quot;background_background&quot;:&quot;classic&quot;}\">\n\t\t\t\t\t<div class=\"e-con-inner\">\n\t\t<div class=\"elementor-element elementor-element-551259b e-con-full e-flex e-con e-child\" data-id=\"551259b\" data-element_type=\"container\" data-e-type=\"container\" data-settings=\"{&quot;background_background&quot;:&quot;classic&quot;}\">\n\t\t\t\t<div class=\"elementor-element elementor-element-4da2425 elementor-widget elementor-widget-heading\" data-id=\"4da2425\" data-element_type=\"widget\" data-e-type=\"widget\" data-widget_type=\"heading.default\">\n\t\t\t\t<div class=\"elementor-widget-container\">\n\t\t\t\t\t<h2 class=\"elementor-heading-title elementor-size-default\">Petites \u00e9oliennes ANTARIS<\/h2>\t\t\t\t<\/div>\n\t\t\t\t<\/div>\n\t\t\t\t<\/div>\n\t\t\t\t\t<\/div>\n\t\t\t\t<\/div>\n\t\t<div class=\"elementor-element elementor-element-d273b3b e-flex e-con-boxed e-con e-parent\" data-id=\"d273b3b\" data-element_type=\"container\" data-e-type=\"container\">\n\t\t\t\t\t<div class=\"e-con-inner\">\n\t\t<div class=\"elementor-element elementor-element-c0a762a e-con-full e-flex e-con e-child\" data-id=\"c0a762a\" data-element_type=\"container\" data-e-type=\"container\" data-settings=\"{&quot;background_background&quot;:&quot;classic&quot;}\">\n\t\t<div class=\"elementor-element elementor-element-89df0b3 e-con-full e-flex e-con e-child\" data-id=\"89df0b3\" data-element_type=\"container\" data-e-type=\"container\">\n\t\t<div class=\"elementor-element elementor-element-e90b267 e-flex e-con-boxed e-con e-child\" data-id=\"e90b267\" data-element_type=\"container\" data-e-type=\"container\">\n\t\t\t\t\t<div class=\"e-con-inner\">\n\t\t\t\t<div class=\"elementor-element elementor-element-b66a2aa elementor-icon-list--layout-traditional elementor-list-item-link-full_width elementor-widget elementor-widget-icon-list\" data-id=\"b66a2aa\" data-element_type=\"widget\" data-e-type=\"widget\" data-widget_type=\"icon-list.default\">\n\t\t\t\t<div class=\"elementor-widget-container\">\n\t\t\t\t\t\t\t<ul class=\"elementor-icon-list-items\">\n\t\t\t\t\t\t\t<li class=\"elementor-icon-list-item\">\n\t\t\t\t\t\t\t\t\t\t\t<a href=\"https:\/\/braun-windturbinen.com\/fr\/produits\/petites-eoliennes-antaris\/\">\n\n\t\t\t\t\t\t\t\t\t\t\t\t<span class=\"elementor-icon-list-icon\">\n\t\t\t\t\t\t\t<i aria-hidden=\"true\" class=\"fas fa-greater-than\"><\/i>\t\t\t\t\t\t<\/span>\n\t\t\t\t\t\t\t\t\t\t<span class=\"elementor-icon-list-text\">Petites \u00e9oliennes ANTARIS<\/span>\n\t\t\t\t\t\t\t\t\t\t\t<\/a>\n\t\t\t\t\t\t\t\t\t<\/li>\n\t\t\t\t\t\t\t\t<li class=\"elementor-icon-list-item\">\n\t\t\t\t\t\t\t\t\t\t<span class=\"elementor-icon-list-text\"><\/span>\n\t\t\t\t\t\t\t\t\t<\/li>\n\t\t\t\t\t\t<\/ul>\n\t\t\t\t\t\t<\/div>\n\t\t\t\t<\/div>\n\t\t\t\t<div class=\"elementor-element elementor-element-69c3326 elementor-widget__width-initial elementor-icon-list--layout-traditional elementor-list-item-link-full_width elementor-widget elementor-widget-icon-list\" data-id=\"69c3326\" data-element_type=\"widget\" data-e-type=\"widget\" data-widget_type=\"icon-list.default\">\n\t\t\t\t<div class=\"elementor-widget-container\">\n\t\t\t\t\t\t\t<ul class=\"elementor-icon-list-items\">\n\t\t\t\t\t\t\t<li class=\"elementor-icon-list-item\">\n\t\t\t\t\t\t\t\t\t\t\t<a href=\"https:\/\/braun-windturbinen.com\/fr\/produits\/petites-eoliennes-antaris\/antaris-25-kw\/\">\n\n\t\t\t\t\t\t\t\t\t\t\t\t<span class=\"elementor-icon-list-icon\">\n\t\t\t\t\t\t\t<i aria-hidden=\"true\" class=\"fas fa-greater-than\"><\/i>\t\t\t\t\t\t<\/span>\n\t\t\t\t\t\t\t\t\t\t<span class=\"elementor-icon-list-text\">ANTARIS 2,5 kW<\/span>\n\t\t\t\t\t\t\t\t\t\t\t<\/a>\n\t\t\t\t\t\t\t\t\t<\/li>\n\t\t\t\t\t\t\t\t<li class=\"elementor-icon-list-item\">\n\t\t\t\t\t\t\t\t\t\t\t<a href=\"https:\/\/braun-windturbinen.com\/fr\/produits\/petites-eoliennes-antaris\/antaris-35-kw\/\">\n\n\t\t\t\t\t\t\t\t\t\t\t\t<span class=\"elementor-icon-list-icon\">\n\t\t\t\t\t\t\t<i aria-hidden=\"true\" class=\"fas fa-greater-than\"><\/i>\t\t\t\t\t\t<\/span>\n\t\t\t\t\t\t\t\t\t\t<span class=\"elementor-icon-list-text\">ANTARIS 3,5 kW<\/span>\n\t\t\t\t\t\t\t\t\t\t\t<\/a>\n\t\t\t\t\t\t\t\t\t<\/li>\n\t\t\t\t\t\t\t\t<li class=\"elementor-icon-list-item\">\n\t\t\t\t\t\t\t\t\t\t\t<a href=\"https:\/\/braun-windturbinen.com\/fr\/produits\/petites-eoliennes-antaris\/antaris-55-kw\/\">\n\n\t\t\t\t\t\t\t\t\t\t\t\t<span class=\"elementor-icon-list-icon\">\n\t\t\t\t\t\t\t<i aria-hidden=\"true\" class=\"fas fa-greater-than\"><\/i>\t\t\t\t\t\t<\/span>\n\t\t\t\t\t\t\t\t\t\t<span class=\"elementor-icon-list-text\">ANTARIS 5,5 kW<\/span>\n\t\t\t\t\t\t\t\t\t\t\t<\/a>\n\t\t\t\t\t\t\t\t\t<\/li>\n\t\t\t\t\t\t\t\t<li class=\"elementor-icon-list-item\">\n\t\t\t\t\t\t\t\t\t\t\t<a href=\"https:\/\/braun-windturbinen.com\/fr\/produits\/petites-eoliennes-antaris\/antaris-75-kw\/\">\n\n\t\t\t\t\t\t\t\t\t\t\t\t<span class=\"elementor-icon-list-icon\">\n\t\t\t\t\t\t\t<i aria-hidden=\"true\" class=\"fas fa-greater-than\"><\/i>\t\t\t\t\t\t<\/span>\n\t\t\t\t\t\t\t\t\t\t<span class=\"elementor-icon-list-text\">ANTARIS 7,5 kW<\/span>\n\t\t\t\t\t\t\t\t\t\t\t<\/a>\n\t\t\t\t\t\t\t\t\t<\/li>\n\t\t\t\t\t\t\t\t<li class=\"elementor-icon-list-item\">\n\t\t\t\t\t\t\t\t\t\t\t<a href=\"https:\/\/braun-windturbinen.com\/fr\/produits\/petites-eoliennes-antaris\/antaris-12-0-kw\/\">\n\n\t\t\t\t\t\t\t\t\t\t\t\t<span class=\"elementor-icon-list-icon\">\n\t\t\t\t\t\t\t<i aria-hidden=\"true\" class=\"fas fa-greater-than\"><\/i>\t\t\t\t\t\t<\/span>\n\t\t\t\t\t\t\t\t\t\t<span class=\"elementor-icon-list-text\">ANTARIS 12.0 kW<\/span>\n\t\t\t\t\t\t\t\t\t\t\t<\/a>\n\t\t\t\t\t\t\t\t\t<\/li>\n\t\t\t\t\t\t\t\t<li class=\"elementor-icon-list-item\">\n\t\t\t\t\t\t\t\t\t\t<span class=\"elementor-icon-list-text\"><\/span>\n\t\t\t\t\t\t\t\t\t<\/li>\n\t\t\t\t\t\t<\/ul>\n\t\t\t\t\t\t<\/div>\n\t\t\t\t<\/div>\n\t\t\t\t<div class=\"elementor-element elementor-element-b7ddd6d elementor-icon-list--layout-traditional elementor-list-item-link-full_width elementor-widget elementor-widget-icon-list\" data-id=\"b7ddd6d\" data-element_type=\"widget\" data-e-type=\"widget\" data-widget_type=\"icon-list.default\">\n\t\t\t\t<div class=\"elementor-widget-container\">\n\t\t\t\t\t\t\t<ul class=\"elementor-icon-list-items\">\n\t\t\t\t\t\t\t<li class=\"elementor-icon-list-item\">\n\t\t\t\t\t\t\t\t\t\t\t<a href=\"https:\/\/braun-windturbinen.com\/fr\/produits\/mature\/\">\n\n\t\t\t\t\t\t\t\t\t\t\t\t<span class=\"elementor-icon-list-icon\">\n\t\t\t\t\t\t\t<i aria-hidden=\"true\" class=\"fas fa-greater-than\"><\/i>\t\t\t\t\t\t<\/span>\n\t\t\t\t\t\t\t\t\t\t<span class=\"elementor-icon-list-text\">M\u00e2ture<\/span>\n\t\t\t\t\t\t\t\t\t\t\t<\/a>\n\t\t\t\t\t\t\t\t\t<\/li>\n\t\t\t\t\t\t\t\t<li class=\"elementor-icon-list-item\">\n\t\t\t\t\t\t\t\t\t\t\t<a href=\"https:\/\/braun-windturbinen.com\/fr\/produits\/generateurs\/\">\n\n\t\t\t\t\t\t\t\t\t\t\t\t<span class=\"elementor-icon-list-icon\">\n\t\t\t\t\t\t\t<i aria-hidden=\"true\" class=\"fas fa-greater-than\"><\/i>\t\t\t\t\t\t<\/span>\n\t\t\t\t\t\t\t\t\t\t<span class=\"elementor-icon-list-text\">G\u00e9n\u00e9rateurs<\/span>\n\t\t\t\t\t\t\t\t\t\t\t<\/a>\n\t\t\t\t\t\t\t\t\t<\/li>\n\t\t\t\t\t\t\t\t<li class=\"elementor-icon-list-item\">\n\t\t\t\t\t\t\t\t\t\t\t<a href=\"https:\/\/braun-windturbinen.com\/fr\/produits\/lames-de-repulsif\/\">\n\n\t\t\t\t\t\t\t\t\t\t\t\t<span class=\"elementor-icon-list-icon\">\n\t\t\t\t\t\t\t<i aria-hidden=\"true\" class=\"fas fa-greater-than\"><\/i>\t\t\t\t\t\t<\/span>\n\t\t\t\t\t\t\t\t\t\t<span class=\"elementor-icon-list-text\">Lames de r\u00e9pulsif<\/span>\n\t\t\t\t\t\t\t\t\t\t\t<\/a>\n\t\t\t\t\t\t\t\t\t<\/li>\n\t\t\t\t\t\t\t\t<li class=\"elementor-icon-list-item\">\n\t\t\t\t\t\t\t\t\t\t\t<a href=\"https:\/\/braun-windturbinen.com\/fr\/produits\/onduleur\/\">\n\n\t\t\t\t\t\t\t\t\t\t\t\t<span class=\"elementor-icon-list-icon\">\n\t\t\t\t\t\t\t<i aria-hidden=\"true\" class=\"fas fa-greater-than\"><\/i>\t\t\t\t\t\t<\/span>\n\t\t\t\t\t\t\t\t\t\t<span class=\"elementor-icon-list-text\">Onduleur<\/span>\n\t\t\t\t\t\t\t\t\t\t\t<\/a>\n\t\t\t\t\t\t\t\t\t<\/li>\n\t\t\t\t\t\t\t\t<li class=\"elementor-icon-list-item\">\n\t\t\t\t\t\t\t\t\t\t\t<a href=\"https:\/\/braun-windturbinen.com\/fr\/produits\/protection-contre-les-chauves-souris\/\">\n\n\t\t\t\t\t\t\t\t\t\t\t\t<span class=\"elementor-icon-list-icon\">\n\t\t\t\t\t\t\t<i aria-hidden=\"true\" class=\"fas fa-greater-than\"><\/i>\t\t\t\t\t\t<\/span>\n\t\t\t\t\t\t\t\t\t\t<span class=\"elementor-icon-list-text\">Protection contre les chauves-souris<\/span>\n\t\t\t\t\t\t\t\t\t\t\t<\/a>\n\t\t\t\t\t\t\t\t\t<\/li>\n\t\t\t\t\t\t\t\t<li class=\"elementor-icon-list-item\">\n\t\t\t\t\t\t\t\t\t\t<span class=\"elementor-icon-list-text\"><\/span>\n\t\t\t\t\t\t\t\t\t<\/li>\n\t\t\t\t\t\t<\/ul>\n\t\t\t\t\t\t<\/div>\n\t\t\t\t<\/div>\n\t\t\t\t\t<\/div>\n\t\t\t\t<\/div>\n\t\t\t\t<\/div>\n\t\t<div class=\"elementor-element elementor-element-6938819 e-flex e-con-boxed e-con e-child\" data-id=\"6938819\" data-element_type=\"container\" data-e-type=\"container\">\n\t\t\t\t\t<div class=\"e-con-inner\">\n\t\t\t\t<div class=\"elementor-element elementor-element-60090a4 elementor-widget elementor-widget-heading\" data-id=\"60090a4\" data-element_type=\"widget\" data-e-type=\"widget\" data-widget_type=\"heading.default\">\n\t\t\t\t<div class=\"elementor-widget-container\">\n\t\t\t\t\t<h2 class=\"elementor-heading-title elementor-size-default\">Caract\u00e9ristiques techniques ANTARIS 7,5 kW<\/h2>\t\t\t\t<\/div>\n\t\t\t\t<\/div>\n\t\t\t\t<div class=\"elementor-element elementor-element-e35ccbd elementor-widget__width-initial elementor-widget elementor-widget-text-editor\" data-id=\"e35ccbd\" data-element_type=\"widget\" data-e-type=\"widget\" data-widget_type=\"text-editor.default\">\n\t\t\t\t<div class=\"elementor-widget-container\">\n\t\t\t\t\t\t\t\t\t<div class=\"\"><p style=\"text-align: left;\">D\u00e9but de l\u2019alimentation \u00e0 <strong>une vitesse du vent de 2,5 m\/s<\/strong> apr\u00e8s le d\u00e9marrage, en fonction du r\u00e9pulsif. \u00c9olienne sp\u00e9cialement con\u00e7ue pour les r\u00e9gions int\u00e9rieures o\u00f9 les vents sont faibles \u00e0 mod\u00e9r\u00e9s. \u00c0 partir d\u2019une vitesse moyenne du vent de plus de 6,5 m\/s, un r\u00e9pulsif d\u2019un diam\u00e8tre de <strong>4,40 m<\/strong> est utilis\u00e9.   <\/p><h4 style=\"text-align: left;\"><strong>G\u00e9n\u00e9rateur<\/strong><\/h4><ul style=\"text-align: left;\"><li>Rotor \u00e0 aimants permanents, sans balais, sans engrenage, sans entretien<\/li><li>Rendement \u00e9lev\u00e9 gr\u00e2ce \u00e0 des aimants permanents extr\u00eamement puissants (aimants permanents NdFeBo, r\u00e9sistants \u00e0 la temp\u00e9rature jusqu\u2019\u00e0 150\u00b0)<\/li><li>Roulements \u00e0 billes sp\u00e9ciaux pour une absorption s\u00fbre des forces radiales et axiales<\/li><li>Courant triphas\u00e9 triphas\u00e9<\/li><li>Redresseur s\u00e9par\u00e9<\/li><li>Sens de rotation arbitraire<\/li><li>Tension 0-1000 VDC<\/li><li>D\u00e9but de l\u2019alimentation \u00e0 environ 75 tr\/min<\/li><li>Puissance : 7 500 watts \u00e0 330 tr\/min et 400 VDC<\/li><li>Courbe de puissance en augmentation constante<\/li><li>Poids : 87 kg<\/li><li>Bo\u00eetier en aluminium, refroidissement en surface, montage sur pied<\/li><li>Indice de protection IP56<\/li><\/ul><h4 style=\"text-align: left;\"><strong>Rotor<\/strong><\/h4><ul style=\"text-align: left;\"><li>Connexion du moyeu avec bride en aluminium et nettoyeur haute pression<\/li><li>Raccords \u00e0 vis en acier inoxydable avec contre-\u00e9crous<\/li><li>3 pales de rotor en fibre de verre \/ fibre de carbone stratifi\u00e9e<\/li><li>Profil a\u00e9rodynamique assist\u00e9 par ordinateur, lamin\u00e9 \u00e0 la main<\/li><li>R\u00e9duction du bruit gr\u00e2ce \u00e0 une conception optimale de la lame<\/li><li>env. 5,30 m de diam\u00e8tre (en option 4,40 m &gt; , vitesse moyenne du vent de 6,5 m\/s)<\/li><li>Poids d\u2019une seule feuille : env. 9,2 kg<\/li><li>\u00e9quilibr\u00e9 dynamiquement et statiquement<\/li><li>Sens de rotation avant \u00ab&nbsp;droite&nbsp;\u00bb<\/li><li>Vitesse max. 300 tr\/min. <\/li><li>Capuchon spinner en PRV<\/li><li>Couleur du rotor selon les exigences du client<\/li><\/ul><h4 style=\"text-align: left;\"><strong>\u00c9l\u00e9ment porteur<\/strong><\/h4><ul style=\"text-align: left;\"><li>Girouette (PEHD r\u00e9sistant aux intemp\u00e9ries \u00ab&nbsp;blanc naturel&nbsp;\u00bb, l\u00e9g\u00e8rement transparent)<\/li><li>Tube carr\u00e9 en acier galvanis\u00e9 \u00e0 haute temp\u00e9rature en tant qu\u2019\u00e9l\u00e9ment porteur<\/li><li>Tous les raccords \u00e0 vis sont en acier inoxydable et \u00e9quip\u00e9s d\u2019\u00e9crous de blocage<\/li><li>Semelle en acier comme \u00e9l\u00e9ment de support pour g\u00e9n\u00e9rateur, destin\u00e9e \u00e0 \u00eatre une connexion enfichable avec palier lisse de lacet, enti\u00e8rement galvanis\u00e9e<\/li><li>Dispositif de s\u00e9curit\u00e9 brevet\u00e9 pour h\u00e9licopt\u00e8re<\/li><li>Adaptateur de poteau avec raccord \u00e0 bride (tuyau 139mm)<\/li><\/ul><h4 style=\"text-align: left;\"><strong>Protection contre les temp\u00eates<\/strong><\/h4><ul style=\"text-align: left;\"><li>Position de l\u2019h\u00e9licopt\u00e8re<\/li><li>Surveillance de la tension avec r\u00e9sistance de freinage de 12,0 kW<\/li><li>Court-circuit du g\u00e9n\u00e9rateur<\/li><\/ul><h4 style=\"text-align: left;\"><strong>Armoire de commande<\/strong><\/h4><ul><li style=\"text-align: left;\">Surveillance en 3 phases du g\u00e9n\u00e9rateur et du r\u00e9seau<\/li><li style=\"text-align: left;\">Fonctionnement sur r\u00e9seau 3 phases en parall\u00e8le avec FIMER \/ TRIO 7,5 kW<\/li><li style=\"text-align: left;\">\u00c9lectronique de commande pour la commande de turbine<\/li><li style=\"text-align: left;\">Connexions prot\u00e9g\u00e9es contre l\u2019inversion de polarit\u00e9 \/ connexions enfichables<\/li><li style=\"text-align: left;\">Surveillance des phases du g\u00e9n\u00e9rateur en fonctionnement de la turbine<\/li><li style=\"text-align: left;\">Interrupteur d\u2019arr\u00eat d\u2019urgence<\/li><li style=\"text-align: left;\">Interrupteur de r\u00e9initialisation avec cl\u00e9 (amovible)<\/li><li style=\"text-align: left;\">Redresseur, afficheur, &#8230;<\/li><li style=\"text-align: left;\">R\u00e9sistance de freinage de 6,5 kW<\/li><\/ul><\/div>\t\t\t\t\t\t\t\t<\/div>\n\t\t\t\t<\/div>\n\t\t\t\t\t<\/div>\n\t\t\t\t<\/div>\n\t\t<div class=\"elementor-element elementor-element-21ea094 e-flex e-con-boxed e-con e-child\" data-id=\"21ea094\" data-element_type=\"container\" data-e-type=\"container\">\n\t\t\t\t\t<div class=\"e-con-inner\">\n\t\t\t\t<div class=\"elementor-element elementor-element-04751f8 elementor-widget elementor-widget-image\" data-id=\"04751f8\" data-element_type=\"widget\" data-e-type=\"widget\" data-widget_type=\"image.default\">\n\t\t\t\t<div class=\"elementor-widget-container\">\n\t\t\t\t\t\t\t\t\t\t\t\t<figure class=\"wp-caption\">\n\t\t\t\t\t\t\t\t\t\t<img fetchpriority=\"high\" decoding=\"async\" width=\"525\" height=\"700\" src=\"https:\/\/braun-windturbinen.com\/wp-content\/uploads\/6.0kW.jpg\" class=\"attachment-full size-full wp-image-15861\" alt=\"\" srcset=\"https:\/\/braun-windturbinen.com\/wp-content\/uploads\/6.0kW.jpg 525w, https:\/\/braun-windturbinen.com\/wp-content\/uploads\/6.0kW-225x300.jpg 225w, https:\/\/braun-windturbinen.com\/wp-content\/uploads\/6.0kW-113x150.jpg 113w\" sizes=\"(max-width: 525px) 100vw, 525px\" \/>\t\t\t\t\t\t\t\t\t\t\t<figcaption class=\"widget-image-caption wp-caption-text\">ANTARIS 7.5 kW mit 5.10m Repeller\n\n<\/figcaption>\n\t\t\t\t\t\t\t\t\t\t<\/figure>\n\t\t\t\t\t\t\t\t\t<\/div>\n\t\t\t\t<\/div>\n\t\t\t\t<div class=\"elementor-element elementor-element-94c0136 elementor-widget elementor-widget-image\" data-id=\"94c0136\" data-element_type=\"widget\" data-e-type=\"widget\" data-widget_type=\"image.default\">\n\t\t\t\t<div class=\"elementor-widget-container\">\n\t\t\t\t\t\t\t\t\t\t\t\t<figure class=\"wp-caption\">\n\t\t\t\t\t\t\t\t\t\t<img decoding=\"async\" width=\"600\" height=\"273\" src=\"https:\/\/braun-windturbinen.com\/wp-content\/uploads\/ANTARIS-7-kW-Power-Curve-600x273-1.jpg\" class=\"attachment-full size-full wp-image-15865\" alt=\"\" srcset=\"https:\/\/braun-windturbinen.com\/wp-content\/uploads\/ANTARIS-7-kW-Power-Curve-600x273-1.jpg 600w, https:\/\/braun-windturbinen.com\/wp-content\/uploads\/ANTARIS-7-kW-Power-Curve-600x273-1-300x137.jpg 300w, https:\/\/braun-windturbinen.com\/wp-content\/uploads\/ANTARIS-7-kW-Power-Curve-600x273-1-150x68.jpg 150w\" sizes=\"(max-width: 600px) 100vw, 600px\" \/>\t\t\t\t\t\t\t\t\t\t\t<figcaption class=\"widget-image-caption wp-caption-text\">ANTARIS 7.5 kW Leistungsdiagramm<\/figcaption>\n\t\t\t\t\t\t\t\t\t\t<\/figure>\n\t\t\t\t\t\t\t\t\t<\/div>\n\t\t\t\t<\/div>\n\t\t\t\t<div class=\"elementor-element elementor-element-6e4009f elementor-widget elementor-widget-image\" data-id=\"6e4009f\" data-element_type=\"widget\" data-e-type=\"widget\" data-widget_type=\"image.default\">\n\t\t\t\t<div class=\"elementor-widget-container\">\n\t\t\t\t\t\t\t\t\t\t\t\t<figure class=\"wp-caption\">\n\t\t\t\t\t\t\t\t\t\t<img decoding=\"async\" width=\"700\" height=\"385\" src=\"https:\/\/braun-windturbinen.com\/wp-content\/uploads\/Huber-ANTARIS-6.0-1.jpg\" class=\"attachment-full size-full wp-image-15867\" alt=\"\" srcset=\"https:\/\/braun-windturbinen.com\/wp-content\/uploads\/Huber-ANTARIS-6.0-1.jpg 700w, https:\/\/braun-windturbinen.com\/wp-content\/uploads\/Huber-ANTARIS-6.0-1-300x165.jpg 300w, https:\/\/braun-windturbinen.com\/wp-content\/uploads\/Huber-ANTARIS-6.0-1-150x83.jpg 150w\" sizes=\"(max-width: 700px) 100vw, 700px\" \/>\t\t\t\t\t\t\t\t\t\t\t<figcaption class=\"widget-image-caption wp-caption-text\">Leistungs\u00fcberwachung via Webinterface (aktuelle Turbinenleistung bei einer Windgeschwindigkeit von 11m\/s)<\/figcaption>\n\t\t\t\t\t\t\t\t\t\t<\/figure>\n\t\t\t\t\t\t\t\t\t<\/div>\n\t\t\t\t<\/div>\n\t\t\t\t<div class=\"elementor-element elementor-element-661ed02 elementor-widget elementor-widget-image\" data-id=\"661ed02\" data-element_type=\"widget\" data-e-type=\"widget\" data-widget_type=\"image.default\">\n\t\t\t\t<div class=\"elementor-widget-container\">\n\t\t\t\t\t\t\t\t\t\t\t\t<figure class=\"wp-caption\">\n\t\t\t\t\t\t\t\t\t\t<img loading=\"lazy\" decoding=\"async\" width=\"1026\" height=\"574\" src=\"https:\/\/braun-windturbinen.com\/wp-content\/uploads\/ANTARIS-6.5-kW-Ertrag-1.png\" class=\"attachment-full size-full wp-image-15869\" alt=\"\" srcset=\"https:\/\/braun-windturbinen.com\/wp-content\/uploads\/ANTARIS-6.5-kW-Ertrag-1.png 1026w, https:\/\/braun-windturbinen.com\/wp-content\/uploads\/ANTARIS-6.5-kW-Ertrag-1-300x168.png 300w, https:\/\/braun-windturbinen.com\/wp-content\/uploads\/ANTARIS-6.5-kW-Ertrag-1-1024x573.png 1024w, https:\/\/braun-windturbinen.com\/wp-content\/uploads\/ANTARIS-6.5-kW-Ertrag-1-150x84.png 150w, https:\/\/braun-windturbinen.com\/wp-content\/uploads\/ANTARIS-6.5-kW-Ertrag-1-768x430.png 768w\" sizes=\"(max-width: 1026px) 100vw, 1026px\" \/>\t\t\t\t\t\t\t\t\t\t\t<figcaption class=\"widget-image-caption wp-caption-text\">ANTARIS 7.5 kW Ertrags\u00fcbersicht\n(Blau = Tagesertrag, Rot = Spitzenleistung)<\/figcaption>\n\t\t\t\t\t\t\t\t\t\t<\/figure>\n\t\t\t\t\t\t\t\t\t<\/div>\n\t\t\t\t<\/div>\n\t\t\t\t<div class=\"elementor-element elementor-element-d94cb11 elementor-widget elementor-widget-image\" data-id=\"d94cb11\" data-element_type=\"widget\" data-e-type=\"widget\" data-widget_type=\"image.default\">\n\t\t\t\t<div class=\"elementor-widget-container\">\n\t\t\t\t\t\t\t\t\t\t\t\t<figure class=\"wp-caption\">\n\t\t\t\t\t\t\t\t\t\t<img loading=\"lazy\" decoding=\"async\" width=\"300\" height=\"195\" src=\"https:\/\/braun-windturbinen.com\/wp-content\/uploads\/20031740_1486037151490569_2834567868363527120_n-300x195-2.jpg\" class=\"attachment-full size-full wp-image-15873\" alt=\"\" srcset=\"https:\/\/braun-windturbinen.com\/wp-content\/uploads\/20031740_1486037151490569_2834567868363527120_n-300x195-2.jpg 300w, https:\/\/braun-windturbinen.com\/wp-content\/uploads\/20031740_1486037151490569_2834567868363527120_n-300x195-2-150x98.jpg 150w\" sizes=\"(max-width: 300px) 100vw, 300px\" \/>\t\t\t\t\t\t\t\t\t\t\t<figcaption class=\"widget-image-caption wp-caption-text\">3-phasige Netz-Einspeiseleistung 5.763 W bei 9.6 m\/s Windgeschwindigkeit.\nBei einer Repellerfl\u00e4che von 22.05m\u00b2 betr\u00e4gt der effektive Wirkungsgrad der Gesamtanlage 46%.<\/figcaption>\n\t\t\t\t\t\t\t\t\t\t<\/figure>\n\t\t\t\t\t\t\t\t\t<\/div>\n\t\t\t\t<\/div>\n\t\t\t\t\t<\/div>\n\t\t\t\t<\/div>\n\t\t\t\t<\/div>\n\t\t\t\t\t<\/div>\n\t\t\t\t<\/div>\n\t\t\t\t<\/div>\n\t\t","protected":false},"excerpt":{"rendered":"<p>Petites \u00e9oliennes ANTARIS Petites \u00e9oliennes ANTARIS ANTARIS 2,5 kW ANTARIS 3,5 kW ANTARIS 5,5 kW ANTARIS 7,5 kW ANTARIS 12.0 kW M\u00e2ture G\u00e9n\u00e9rateurs Lames de r\u00e9pulsif Onduleur Protection contre les chauves-souris Caract\u00e9ristiques techniques ANTARIS 7,5 kW D\u00e9but de l\u2019alimentation \u00e0 une vitesse du vent de 2,5 m\/s apr\u00e8s le d\u00e9marrage, en fonction du r\u00e9pulsif. \u00c9olienne [&hellip;]<\/p>\n","protected":false},"author":1,"featured_media":0,"parent":16399,"menu_order":4,"comment_status":"closed","ping_status":"closed","template":"elementor_header_footer","meta":{"footnotes":""},"class_list":["post-16359","page","type-page","status-publish","hentry"],"_links":{"self":[{"href":"https:\/\/braun-windturbinen.com\/fr\/wp-json\/wp\/v2\/pages\/16359","targetHints":{"allow":["GET"]}}],"collection":[{"href":"https:\/\/braun-windturbinen.com\/fr\/wp-json\/wp\/v2\/pages"}],"about":[{"href":"https:\/\/braun-windturbinen.com\/fr\/wp-json\/wp\/v2\/types\/page"}],"author":[{"embeddable":true,"href":"https:\/\/braun-windturbinen.com\/fr\/wp-json\/wp\/v2\/users\/1"}],"replies":[{"embeddable":true,"href":"https:\/\/braun-windturbinen.com\/fr\/wp-json\/wp\/v2\/comments?post=16359"}],"version-history":[{"count":5,"href":"https:\/\/braun-windturbinen.com\/fr\/wp-json\/wp\/v2\/pages\/16359\/revisions"}],"predecessor-version":[{"id":16736,"href":"https:\/\/braun-windturbinen.com\/fr\/wp-json\/wp\/v2\/pages\/16359\/revisions\/16736"}],"up":[{"embeddable":true,"href":"https:\/\/braun-windturbinen.com\/fr\/wp-json\/wp\/v2\/pages\/16399"}],"wp:attachment":[{"href":"https:\/\/braun-windturbinen.com\/fr\/wp-json\/wp\/v2\/media?parent=16359"}],"curies":[{"name":"wp","href":"https:\/\/api.w.org\/{rel}","templated":true}]}}