{"id":16355,"date":"2013-12-29T16:36:04","date_gmt":"2013-12-29T14:36:04","guid":{"rendered":"https:\/\/braun-windturbinen.com\/empreinte\/"},"modified":"2025-03-24T14:57:54","modified_gmt":"2025-03-24T12:57:54","slug":"empreinte","status":"publish","type":"page","link":"https:\/\/braun-windturbinen.com\/fr\/empreinte\/","title":{"rendered":"Empreinte"},"content":{"rendered":"\t\t<div data-elementor-type=\"wp-page\" data-elementor-id=\"16355\" class=\"elementor elementor-16355 elementor-280\" data-elementor-post-type=\"page\">\n\t\t\t\t<div class=\"elementor-element elementor-element-056e1ca e-flex e-con-boxed e-con e-parent\" data-id=\"056e1ca\" data-element_type=\"container\" data-e-type=\"container\" data-settings=\"{&quot;background_background&quot;:&quot;classic&quot;}\">\n\t\t\t\t\t<div class=\"e-con-inner\">\n\t\t<div class=\"elementor-element elementor-element-672aa5b e-con-full e-flex e-con e-child\" data-id=\"672aa5b\" data-element_type=\"container\" data-e-type=\"container\" data-settings=\"{&quot;background_background&quot;:&quot;classic&quot;}\">\n\t\t\t\t<div class=\"elementor-element elementor-element-b1402ba elementor-widget elementor-widget-heading\" data-id=\"b1402ba\" data-element_type=\"widget\" data-e-type=\"widget\" data-widget_type=\"heading.default\">\n\t\t\t\t<div class=\"elementor-widget-container\">\n\t\t\t\t\t<h2 class=\"elementor-heading-title elementor-size-default\">Empreinte<\/h2>\t\t\t\t<\/div>\n\t\t\t\t<\/div>\n\t\t\t\t<\/div>\n\t\t\t\t\t<\/div>\n\t\t\t\t<\/div>\n\t\t<div class=\"elementor-element elementor-element-ca6be28 e-flex e-con-boxed e-con e-parent\" data-id=\"ca6be28\" data-element_type=\"container\" data-e-type=\"container\">\n\t\t\t\t\t<div class=\"e-con-inner\">\n\t\t<div class=\"elementor-element elementor-element-be1fb89 e-con-full e-flex e-con e-child\" data-id=\"be1fb89\" data-element_type=\"container\" data-e-type=\"container\" data-settings=\"{&quot;background_background&quot;:&quot;classic&quot;}\">\n\t\t<div class=\"elementor-element elementor-element-d463bb4 e-con-full e-flex e-con e-child\" data-id=\"d463bb4\" data-element_type=\"container\" data-e-type=\"container\">\n\t\t\t\t<div class=\"elementor-element elementor-element-ff76a04 elementor-widget elementor-widget-text-editor\" data-id=\"ff76a04\" data-element_type=\"widget\" data-e-type=\"widget\" data-widget_type=\"text-editor.default\">\n\t\t\t\t<div class=\"elementor-widget-container\">\n\t\t\t\t\t\t\t\t\t<div class=\"\"><div><p><strong>BRAUN Windturbinen GmbH<\/strong><br \/>S\u00fcdstra\u00dfe 19<br \/>D-57583 Nauroth<\/p><p><strong>T\u00e9l\u00e9phone :<\/strong> +49 (0)2747 \/ 930585<br \/><strong>T\u00e9l\u00e9copie :<\/strong> +49 (0)2747 \/ 914053<\/p><p><strong>Courriel :<\/strong> <a href=\"mailto:info@braun-windturbinen.com\">info@braun-windturbinen.com<\/a><br \/><strong>Web&nbsp;:<\/strong>    <a href=\"https:\/\/www.braun-windturbinen.com\/\">www.braun-windturbinen.com<\/a><\/p><p><strong>Gestion:<\/strong> Manuela Ermert Braun<\/p><p><strong>Registre du commerce :<\/strong> Tribunal d\u2019instance de Montabaur HRB21418<br \/><strong>Lieu:<\/strong> Montabaur<\/p><p><strong>N\u00b0 d\u2019identification TVA : <\/strong> DE263195292<\/p><p><strong>Conception et h\u00e9bergement web : <\/strong><a title=\"Solutions multim\u00e9dias Mobucon\" href=\"http:\/\/websoft-marketing.de\/\" target=\"_blank\" rel=\"noopener\">websoft marketing<\/a><\/p><\/div><\/div><p> <\/p>\t\t\t\t\t\t\t\t<\/div>\n\t\t\t\t<\/div>\n\t\t\t\t<\/div>\n\t\t\t\t<\/div>\n\t\t<div class=\"elementor-element elementor-element-37a84ec e-con-full e-flex e-con e-child\" data-id=\"37a84ec\" data-element_type=\"container\" data-e-type=\"container\" data-settings=\"{&quot;background_background&quot;:&quot;classic&quot;}\">\n\t\t<div class=\"elementor-element elementor-element-a9f4ab6 e-con-full e-flex e-con e-child\" data-id=\"a9f4ab6\" data-element_type=\"container\" data-e-type=\"container\">\n\t\t<div class=\"elementor-element elementor-element-3963c6f e-flex e-con-boxed e-con e-child\" data-id=\"3963c6f\" data-element_type=\"container\" data-e-type=\"container\">\n\t\t\t\t\t<div class=\"e-con-inner\">\n\t\t<div class=\"elementor-element elementor-element-9df7129 e-flex e-con-boxed e-con e-child\" data-id=\"9df7129\" data-element_type=\"container\" data-e-type=\"container\">\n\t\t\t\t\t<div class=\"e-con-inner\">\n\t\t\t\t<div class=\"elementor-element elementor-element-ece3149 elementor-widget elementor-widget-text-editor\" data-id=\"ece3149\" data-element_type=\"widget\" data-e-type=\"widget\" data-widget_type=\"text-editor.default\">\n\t\t\t\t<div class=\"elementor-widget-container\">\n\t\t\t\t\t\t\t\t\t<p><em>Les renseignements ont \u00e9t\u00e9 fournis conform\u00e9ment \u00e0 la Loi sur les t\u00e9l\u00e9services (TMD).<\/em><\/p><p>\u00ab Ce site Web utilise Google Analytics, un service d\u2019analyse Web fourni par Google Inc. (\u00ab Google \u00bb) Google Analytics utilise ce que l\u2019on appelle des \u00ab cookies \u00bb, qui sont des fichiers texte stock\u00e9s sur votre ordinateur et permettent une analyse de votre utilisation du site Web. Les informations g\u00e9n\u00e9r\u00e9es par le cookie concernant votre utilisation de ce site Web (y compris votre adresse IP) seront transmises \u00e0 un serveur de Google aux \u00c9tats-Unis et y seront stock\u00e9es. Google utilisera ces informations pour \u00e9valuer votre utilisation du site Web, pour compiler des rapports sur l\u2019activit\u00e9 du site Web pour les op\u00e9rateurs de sites Web et pour fournir d\u2019autres services li\u00e9s \u00e0 l\u2019activit\u00e9 du site Web et \u00e0 l\u2019utilisation d\u2019Internet. Google peut \u00e9galement transf\u00e9rer ces informations \u00e0 des tiers si la loi l\u2019exige ou si des tiers traitent ces donn\u00e9es pour le compte de Google. Google n\u2019associera jamais votre adresse IP \u00e0 d\u2019autres donn\u00e9es d\u00e9tenues par Google. Vous pouvez emp\u00eacher l\u2019installation de cookies en param\u00e9trant votre logiciel de navigation en cons\u00e9quence ; Toutefois, nous attirons votre attention sur le fait que, dans ce cas, il se peut que vous ne puissiez pas utiliser toutes les fonctions de ce site web dans leur int\u00e9gralit\u00e9. En utilisant ce site web, vous acceptez le traitement des donn\u00e9es collect\u00e9es \u00e0 votre sujet par Google de la mani\u00e8re et aux fins d\u00e9crites ci-dessus.      <\/p>\t\t\t\t\t\t\t\t<\/div>\n\t\t\t\t<\/div>\n\t\t\t\t\t<\/div>\n\t\t\t\t<\/div>\n\t\t\t\t\t<\/div>\n\t\t\t\t<\/div>\n\t\t\t\t<\/div>\n\t\t<div class=\"elementor-element elementor-element-281e4d0 e-con-full e-flex e-con e-child\" data-id=\"281e4d0\" data-element_type=\"container\" data-e-type=\"container\">\n\t\t\t\t<div class=\"elementor-element elementor-element-084de9a elementor-widget elementor-widget-heading\" data-id=\"084de9a\" data-element_type=\"widget\" data-e-type=\"widget\" data-widget_type=\"heading.default\">\n\t\t\t\t<div class=\"elementor-widget-container\">\n\t\t\t\t\t<h2 class=\"elementor-heading-title elementor-size-default\">D\u00e9menti<\/h2>\t\t\t\t<\/div>\n\t\t\t\t<\/div>\n\t\t<div class=\"elementor-element elementor-element-18d0a67 e-flex e-con-boxed e-con e-child\" data-id=\"18d0a67\" data-element_type=\"container\" data-e-type=\"container\">\n\t\t\t\t\t<div class=\"e-con-inner\">\n\t\t<div class=\"elementor-element elementor-element-5a2b6e9 e-flex e-con-boxed e-con e-child\" data-id=\"5a2b6e9\" data-element_type=\"container\" data-e-type=\"container\">\n\t\t\t\t\t<div class=\"e-con-inner\">\n\t\t\t\t<div class=\"elementor-element elementor-element-743c5c6 elementor-widget elementor-widget-text-editor\" data-id=\"743c5c6\" data-element_type=\"widget\" data-e-type=\"widget\" data-widget_type=\"text-editor.default\">\n\t\t\t\t<div class=\"elementor-widget-container\">\n\t\t\t\t\t\t\t\t\t<h4>1. Contenu de l\u2019offre en ligne<\/h4><p>L\u2019auteur n\u2019assume aucune responsabilit\u00e9 quant \u00e0 l\u2019actualit\u00e9, l\u2019exactitude, l\u2019exhaustivit\u00e9 ou la qualit\u00e9 des informations fournies. En r\u00e8gle g\u00e9n\u00e9rale, toute responsabilit\u00e9 \u00e0 l\u2019encontre de l\u2019auteur concernant des dommages mat\u00e9riels ou immat\u00e9riels caus\u00e9s par l\u2019utilisation ou la non-utilisation des informations fournies ou par l\u2019utilisation d\u2019informations incorrectes ou incompl\u00e8tes est exclue, dans la mesure o\u00f9 il n\u2019y a pas de faute intentionnelle ou de n\u00e9gligence grave d\u00e9montrable de la part de l\u2019auteur. Toutes les offres sont sans engagement et sans engagement. L\u2019auteur se r\u00e9serve express\u00e9ment le droit de modifier, de compl\u00e9ter ou de supprimer des parties des pages ou l\u2019ensemble de l\u2019offre sans pr\u00e9avis ou d\u2019arr\u00eater temporairement ou d\u00e9finitivement la publication.   <\/p><h4>2. R\u00e9f\u00e9rences et liens<\/h4><p>Dans le cas de renvois directs ou indirects \u00e0 des sites Web de tiers (\u00ab hyperliens \u00bb) qui ne rel\u00e8vent pas de la responsabilit\u00e9 de l\u2019auteur, une obligation de responsabilit\u00e9 n\u2019entrerait en vigueur que dans le cas o\u00f9 l\u2019auteur aurait connaissance du contenu et qu\u2019il lui serait techniquement possible et raisonnable d\u2019emp\u00eacher l\u2019utilisation dans le cas de contenus ill\u00e9gaux. L\u2019auteur d\u00e9clare express\u00e9ment qu\u2019au moment de la cr\u00e9ation du lien, aucun contenu ill\u00e9gal n\u2019\u00e9tait reconnaissable sur les pages \u00e0 lier. L\u2019auteur n\u2019a aucune influence sur la conception actuelle et future, le contenu ou la paternit\u00e9 des pages li\u00e9es. Par cons\u00e9quent, il se distancie express\u00e9ment de tous les contenus de toutes les pages li\u00e9es\/li\u00e9es qui ont \u00e9t\u00e9 modifi\u00e9s apr\u00e8s la cr\u00e9ation du lien. Cette d\u00e9claration s\u2019applique \u00e0 tous les liens et r\u00e9f\u00e9rences plac\u00e9s sur le site Web de l\u2019auteur ainsi qu\u2019aux entr\u00e9es de tiers dans les livres d\u2019or, les forums de discussion et les listes de diffusion mis en place par l\u2019auteur. En cas de contenu ill\u00e9gal, incorrect ou incomplet et en particulier de dommages r\u00e9sultant de l\u2019utilisation ou de la non-utilisation des informations pr\u00e9sent\u00e9es de cette mani\u00e8re, seul le fournisseur de la page \u00e0 laquelle il a \u00e9t\u00e9 fait r\u00e9f\u00e9rence est responsable, et non la personne qui se contente de renvoyer \u00e0 la publication concern\u00e9e par des liens.     <\/p><h4>3. Droit d\u2019auteur et droit des marques<\/h4><p>L\u2019auteur s\u2019efforce de respecter les droits d\u2019auteur des graphiques, documents sonores, s\u00e9quences vid\u00e9o et textes utilis\u00e9s dans toutes les publications, d\u2019utiliser des graphiques, documents sonores, s\u00e9quences vid\u00e9o et textes cr\u00e9\u00e9s par lui-m\u00eame ou de recourir \u00e0 des graphiques, documents sonores, s\u00e9quences vid\u00e9o et textes libres de droits. Toutes les marques et marques d\u00e9pos\u00e9es mentionn\u00e9es sur le site web et \u00e9ventuellement prot\u00e9g\u00e9es par des tiers sont soumises sans restriction aux dispositions du droit des marques applicable et aux droits de propri\u00e9t\u00e9 des propri\u00e9taires enregistr\u00e9s respectifs. Le simple fait de le nommer ne permet pas \u00e0 lui seul de conclure que les marques ne sont pas prot\u00e9g\u00e9es par les droits de tiers ! Le droit d\u2019auteur pour les objets publi\u00e9s cr\u00e9\u00e9s par l\u2019auteur lui-m\u00eame reste la propri\u00e9t\u00e9 exclusive de l\u2019auteur des pages. Toute reproduction ou utilisation de ces graphiques, documents sonores, s\u00e9quences vid\u00e9o et textes dans d\u2019autres publications \u00e9lectroniques ou imprim\u00e9es n\u2019est pas autoris\u00e9e sans l\u2019accord expr\u00e8s de l\u2019auteur.    <\/p><h4>4. Protection des donn\u00e9es<\/h4><p>S\u2019il est possible de saisir des donn\u00e9es personnelles ou professionnelles (adresses e-mail, noms, adresses) dans le cadre de l\u2019offre Internet, la divulgation de ces donn\u00e9es par l\u2019utilisateur est express\u00e9ment volontaire. L\u2019utilisation et le paiement de tous les services propos\u00e9s sont autoris\u00e9s \u2013 dans la mesure o\u00f9 cela est techniquement possible et raisonnable \u2013 sans fournir ces donn\u00e9es ou sous la sp\u00e9cification de donn\u00e9es anonymis\u00e9es ou d\u2019un pseudonyme. L\u2019utilisation par des tiers des coordonn\u00e9es publi\u00e9es dans les mentions l\u00e9gales ou d\u2019informations comparables, telles que les adresses postales, les num\u00e9ros de t\u00e9l\u00e9phone et de fax ainsi que les adresses e-mail, dans le but d\u2019envoyer des informations qui n\u2019ont pas \u00e9t\u00e9 express\u00e9ment demand\u00e9es n\u2019est pas autoris\u00e9e. Des actions en justice contre les exp\u00e9diteurs de ce que l\u2019on appelle des spams en cas de violation de cette interdiction sont express\u00e9ment r\u00e9serv\u00e9es.   <\/p><h4>5. Validit\u00e9 juridique de cette clause de non-responsabilit\u00e9<\/h4><p>Cette clause de non-responsabilit\u00e9 doit \u00eatre consid\u00e9r\u00e9e comme faisant partie de l\u2019offre Internet \u00e0 partir de laquelle il a \u00e9t\u00e9 fait r\u00e9f\u00e9rence \u00e0 cette page. Si des parties ou des formulations individuelles de ce texte ne sont pas, plus ou pas compl\u00e8tement conformes \u00e0 la situation juridique applicable, les autres parties du document restent agr\u00e9ables dans leur contenu et leur validit\u00e9 <\/p>\t\t\t\t\t\t\t\t<\/div>\n\t\t\t\t<\/div>\n\t\t\t\t\t<\/div>\n\t\t\t\t<\/div>\n\t\t\t\t\t<\/div>\n\t\t\t\t<\/div>\n\t\t\t\t<\/div>\n\t\t\t\t<\/div>\n\t\t\t\t\t<\/div>\n\t\t\t\t<\/div>\n\t\t\t\t<\/div>\n\t\t","protected":false},"excerpt":{"rendered":"<p>Empreinte BRAUN Windturbinen GmbHS\u00fcdstra\u00dfe 19D-57583 Nauroth T\u00e9l\u00e9phone : +49 (0)2747 \/ 930585T\u00e9l\u00e9copie : +49 (0)2747 \/ 914053 Courriel : info@braun-windturbinen.comWeb&nbsp;: www.braun-windturbinen.com Gestion: Manuela Ermert Braun Registre du commerce : Tribunal d\u2019instance de Montabaur HRB21418Lieu: Montabaur N\u00b0 d\u2019identification TVA : DE263195292 Conception et h\u00e9bergement web : websoft marketing Les renseignements ont \u00e9t\u00e9 fournis conform\u00e9ment \u00e0 la [&hellip;]<\/p>\n","protected":false},"author":1,"featured_media":0,"parent":0,"menu_order":19,"comment_status":"closed","ping_status":"closed","template":"elementor_header_footer","meta":{"footnotes":""},"class_list":["post-16355","page","type-page","status-publish","hentry"],"_links":{"self":[{"href":"https:\/\/braun-windturbinen.com\/fr\/wp-json\/wp\/v2\/pages\/16355","targetHints":{"allow":["GET"]}}],"collection":[{"href":"https:\/\/braun-windturbinen.com\/fr\/wp-json\/wp\/v2\/pages"}],"about":[{"href":"https:\/\/braun-windturbinen.com\/fr\/wp-json\/wp\/v2\/types\/page"}],"author":[{"embeddable":true,"href":"https:\/\/braun-windturbinen.com\/fr\/wp-json\/wp\/v2\/users\/1"}],"replies":[{"embeddable":true,"href":"https:\/\/braun-windturbinen.com\/fr\/wp-json\/wp\/v2\/comments?post=16355"}],"version-history":[{"count":1,"href":"https:\/\/braun-windturbinen.com\/fr\/wp-json\/wp\/v2\/pages\/16355\/revisions"}],"predecessor-version":[{"id":16361,"href":"https:\/\/braun-windturbinen.com\/fr\/wp-json\/wp\/v2\/pages\/16355\/revisions\/16361"}],"wp:attachment":[{"href":"https:\/\/braun-windturbinen.com\/fr\/wp-json\/wp\/v2\/media?parent=16355"}],"curies":[{"name":"wp","href":"https:\/\/api.w.org\/{rel}","templated":true}]}}