{"id":16340,"date":"2013-12-29T16:33:29","date_gmt":"2013-12-29T14:33:29","guid":{"rendered":"https:\/\/braun-windturbinen.com\/antaris-12-0-kw\/"},"modified":"2025-03-24T15:27:36","modified_gmt":"2025-03-24T13:27:36","slug":"antaris-12-0-kw","status":"publish","type":"page","link":"https:\/\/braun-windturbinen.com\/fr\/produits\/petites-eoliennes-antaris\/antaris-12-0-kw\/","title":{"rendered":"ANTARIS 12.0 kW"},"content":{"rendered":"\t\t<div data-elementor-type=\"wp-page\" data-elementor-id=\"16340\" class=\"elementor elementor-16340 elementor-275\" data-elementor-post-type=\"page\">\n\t\t\t\t<div class=\"elementor-element elementor-element-e48ef63 e-flex e-con-boxed e-con e-parent\" data-id=\"e48ef63\" data-element_type=\"container\" data-e-type=\"container\" data-settings=\"{&quot;background_background&quot;:&quot;classic&quot;}\">\n\t\t\t\t\t<div class=\"e-con-inner\">\n\t\t<div class=\"elementor-element elementor-element-e8930b7 e-con-full e-flex e-con e-child\" data-id=\"e8930b7\" data-element_type=\"container\" data-e-type=\"container\" data-settings=\"{&quot;background_background&quot;:&quot;classic&quot;}\">\n\t\t\t\t<div class=\"elementor-element elementor-element-811bc71 elementor-widget elementor-widget-heading\" data-id=\"811bc71\" data-element_type=\"widget\" data-e-type=\"widget\" data-widget_type=\"heading.default\">\n\t\t\t\t<div class=\"elementor-widget-container\">\n\t\t\t\t\t<h2 class=\"elementor-heading-title elementor-size-default\">ANTARIS 12.0kW<\/h2>\t\t\t\t<\/div>\n\t\t\t\t<\/div>\n\t\t\t\t<\/div>\n\t\t\t\t\t<\/div>\n\t\t\t\t<\/div>\n\t\t<div class=\"elementor-element elementor-element-cb5d9f4 e-flex e-con-boxed e-con e-parent\" data-id=\"cb5d9f4\" data-element_type=\"container\" data-e-type=\"container\">\n\t\t\t\t\t<div class=\"e-con-inner\">\n\t\t<div class=\"elementor-element elementor-element-d551e7e e-con-full e-flex e-con e-child\" data-id=\"d551e7e\" data-element_type=\"container\" data-e-type=\"container\" data-settings=\"{&quot;background_background&quot;:&quot;classic&quot;}\">\n\t\t<div class=\"elementor-element elementor-element-3c43a84 e-con-full e-flex e-con e-child\" data-id=\"3c43a84\" data-element_type=\"container\" data-e-type=\"container\">\n\t\t<div class=\"elementor-element elementor-element-cacd37a e-flex e-con-boxed e-con e-child\" data-id=\"cacd37a\" data-element_type=\"container\" data-e-type=\"container\">\n\t\t\t\t\t<div class=\"e-con-inner\">\n\t\t\t\t<div class=\"elementor-element elementor-element-1dfea9a elementor-icon-list--layout-traditional elementor-list-item-link-full_width elementor-widget elementor-widget-icon-list\" data-id=\"1dfea9a\" data-element_type=\"widget\" data-e-type=\"widget\" data-widget_type=\"icon-list.default\">\n\t\t\t\t<div class=\"elementor-widget-container\">\n\t\t\t\t\t\t\t<ul class=\"elementor-icon-list-items\">\n\t\t\t\t\t\t\t<li class=\"elementor-icon-list-item\">\n\t\t\t\t\t\t\t\t\t\t\t<a href=\"https:\/\/braun-windturbinen.com\/fr\/produits\/petites-eoliennes-antaris\/\">\n\n\t\t\t\t\t\t\t\t\t\t\t\t<span class=\"elementor-icon-list-icon\">\n\t\t\t\t\t\t\t<i aria-hidden=\"true\" class=\"fas fa-greater-than\"><\/i>\t\t\t\t\t\t<\/span>\n\t\t\t\t\t\t\t\t\t\t<span class=\"elementor-icon-list-text\">Petites \u00e9oliennes ANTARIS<\/span>\n\t\t\t\t\t\t\t\t\t\t\t<\/a>\n\t\t\t\t\t\t\t\t\t<\/li>\n\t\t\t\t\t\t\t\t<li class=\"elementor-icon-list-item\">\n\t\t\t\t\t\t\t\t\t\t<span class=\"elementor-icon-list-text\"><\/span>\n\t\t\t\t\t\t\t\t\t<\/li>\n\t\t\t\t\t\t<\/ul>\n\t\t\t\t\t\t<\/div>\n\t\t\t\t<\/div>\n\t\t\t\t<div class=\"elementor-element elementor-element-b8489ed elementor-widget__width-initial elementor-icon-list--layout-traditional elementor-list-item-link-full_width elementor-widget elementor-widget-icon-list\" data-id=\"b8489ed\" data-element_type=\"widget\" data-e-type=\"widget\" data-widget_type=\"icon-list.default\">\n\t\t\t\t<div class=\"elementor-widget-container\">\n\t\t\t\t\t\t\t<ul class=\"elementor-icon-list-items\">\n\t\t\t\t\t\t\t<li class=\"elementor-icon-list-item\">\n\t\t\t\t\t\t\t\t\t\t\t<a href=\"https:\/\/braun-windturbinen.com\/fr\/produits\/petites-eoliennes-antaris\/antaris-25-kw\/\">\n\n\t\t\t\t\t\t\t\t\t\t\t\t<span class=\"elementor-icon-list-icon\">\n\t\t\t\t\t\t\t<i aria-hidden=\"true\" class=\"fas fa-greater-than\"><\/i>\t\t\t\t\t\t<\/span>\n\t\t\t\t\t\t\t\t\t\t<span class=\"elementor-icon-list-text\">ANTARIS 2,5 kW<\/span>\n\t\t\t\t\t\t\t\t\t\t\t<\/a>\n\t\t\t\t\t\t\t\t\t<\/li>\n\t\t\t\t\t\t\t\t<li class=\"elementor-icon-list-item\">\n\t\t\t\t\t\t\t\t\t\t\t<a href=\"https:\/\/braun-windturbinen.com\/fr\/produits\/petites-eoliennes-antaris\/antaris-35-kw\/\">\n\n\t\t\t\t\t\t\t\t\t\t\t\t<span class=\"elementor-icon-list-icon\">\n\t\t\t\t\t\t\t<i aria-hidden=\"true\" class=\"fas fa-greater-than\"><\/i>\t\t\t\t\t\t<\/span>\n\t\t\t\t\t\t\t\t\t\t<span class=\"elementor-icon-list-text\">ANTARIS 3,5 kW<\/span>\n\t\t\t\t\t\t\t\t\t\t\t<\/a>\n\t\t\t\t\t\t\t\t\t<\/li>\n\t\t\t\t\t\t\t\t<li class=\"elementor-icon-list-item\">\n\t\t\t\t\t\t\t\t\t\t\t<a href=\"https:\/\/braun-windturbinen.com\/fr\/produits\/petites-eoliennes-antaris\/antaris-55-kw\/\">\n\n\t\t\t\t\t\t\t\t\t\t\t\t<span class=\"elementor-icon-list-icon\">\n\t\t\t\t\t\t\t<i aria-hidden=\"true\" class=\"fas fa-greater-than\"><\/i>\t\t\t\t\t\t<\/span>\n\t\t\t\t\t\t\t\t\t\t<span class=\"elementor-icon-list-text\">ANTARIS 5,5 kW<\/span>\n\t\t\t\t\t\t\t\t\t\t\t<\/a>\n\t\t\t\t\t\t\t\t\t<\/li>\n\t\t\t\t\t\t\t\t<li class=\"elementor-icon-list-item\">\n\t\t\t\t\t\t\t\t\t\t\t<a href=\"https:\/\/braun-windturbinen.com\/fr\/produits\/petites-eoliennes-antaris\/antaris-75-kw\/\">\n\n\t\t\t\t\t\t\t\t\t\t\t\t<span class=\"elementor-icon-list-icon\">\n\t\t\t\t\t\t\t<i aria-hidden=\"true\" class=\"fas fa-greater-than\"><\/i>\t\t\t\t\t\t<\/span>\n\t\t\t\t\t\t\t\t\t\t<span class=\"elementor-icon-list-text\">ANTARIS 7,5 kW<\/span>\n\t\t\t\t\t\t\t\t\t\t\t<\/a>\n\t\t\t\t\t\t\t\t\t<\/li>\n\t\t\t\t\t\t\t\t<li class=\"elementor-icon-list-item\">\n\t\t\t\t\t\t\t\t\t\t\t<a href=\"https:\/\/braun-windturbinen.com\/fr\/produits\/petites-eoliennes-antaris\/antaris-12-0-kw\/\">\n\n\t\t\t\t\t\t\t\t\t\t\t\t<span class=\"elementor-icon-list-icon\">\n\t\t\t\t\t\t\t<i aria-hidden=\"true\" class=\"fas fa-greater-than\"><\/i>\t\t\t\t\t\t<\/span>\n\t\t\t\t\t\t\t\t\t\t<span class=\"elementor-icon-list-text\">ANTARIS 12.0 kW<\/span>\n\t\t\t\t\t\t\t\t\t\t\t<\/a>\n\t\t\t\t\t\t\t\t\t<\/li>\n\t\t\t\t\t\t\t\t<li class=\"elementor-icon-list-item\">\n\t\t\t\t\t\t\t\t\t\t<span class=\"elementor-icon-list-text\"><\/span>\n\t\t\t\t\t\t\t\t\t<\/li>\n\t\t\t\t\t\t<\/ul>\n\t\t\t\t\t\t<\/div>\n\t\t\t\t<\/div>\n\t\t\t\t<div class=\"elementor-element elementor-element-6fea339 elementor-icon-list--layout-traditional elementor-list-item-link-full_width elementor-widget elementor-widget-icon-list\" data-id=\"6fea339\" data-element_type=\"widget\" data-e-type=\"widget\" data-widget_type=\"icon-list.default\">\n\t\t\t\t<div class=\"elementor-widget-container\">\n\t\t\t\t\t\t\t<ul class=\"elementor-icon-list-items\">\n\t\t\t\t\t\t\t<li class=\"elementor-icon-list-item\">\n\t\t\t\t\t\t\t\t\t\t\t<a href=\"https:\/\/braun-windturbinen.com\/fr\/produits\/mature\/\">\n\n\t\t\t\t\t\t\t\t\t\t\t\t<span class=\"elementor-icon-list-icon\">\n\t\t\t\t\t\t\t<i aria-hidden=\"true\" class=\"fas fa-greater-than\"><\/i>\t\t\t\t\t\t<\/span>\n\t\t\t\t\t\t\t\t\t\t<span class=\"elementor-icon-list-text\">M\u00e2ture<\/span>\n\t\t\t\t\t\t\t\t\t\t\t<\/a>\n\t\t\t\t\t\t\t\t\t<\/li>\n\t\t\t\t\t\t\t\t<li class=\"elementor-icon-list-item\">\n\t\t\t\t\t\t\t\t\t\t\t<a href=\"https:\/\/braun-windturbinen.com\/fr\/produits\/generateurs\/\">\n\n\t\t\t\t\t\t\t\t\t\t\t\t<span class=\"elementor-icon-list-icon\">\n\t\t\t\t\t\t\t<i aria-hidden=\"true\" class=\"fas fa-greater-than\"><\/i>\t\t\t\t\t\t<\/span>\n\t\t\t\t\t\t\t\t\t\t<span class=\"elementor-icon-list-text\">G\u00e9n\u00e9rateurs<\/span>\n\t\t\t\t\t\t\t\t\t\t\t<\/a>\n\t\t\t\t\t\t\t\t\t<\/li>\n\t\t\t\t\t\t\t\t<li class=\"elementor-icon-list-item\">\n\t\t\t\t\t\t\t\t\t\t\t<a href=\"https:\/\/braun-windturbinen.com\/fr\/produits\/lames-de-repulsif\/\">\n\n\t\t\t\t\t\t\t\t\t\t\t\t<span class=\"elementor-icon-list-icon\">\n\t\t\t\t\t\t\t<i aria-hidden=\"true\" class=\"fas fa-greater-than\"><\/i>\t\t\t\t\t\t<\/span>\n\t\t\t\t\t\t\t\t\t\t<span class=\"elementor-icon-list-text\">Lames de r\u00e9pulsif<\/span>\n\t\t\t\t\t\t\t\t\t\t\t<\/a>\n\t\t\t\t\t\t\t\t\t<\/li>\n\t\t\t\t\t\t\t\t<li class=\"elementor-icon-list-item\">\n\t\t\t\t\t\t\t\t\t\t\t<a href=\"https:\/\/braun-windturbinen.com\/fr\/produits\/onduleur\/\">\n\n\t\t\t\t\t\t\t\t\t\t\t\t<span class=\"elementor-icon-list-icon\">\n\t\t\t\t\t\t\t<i aria-hidden=\"true\" class=\"fas fa-greater-than\"><\/i>\t\t\t\t\t\t<\/span>\n\t\t\t\t\t\t\t\t\t\t<span class=\"elementor-icon-list-text\">Onduleur<\/span>\n\t\t\t\t\t\t\t\t\t\t\t<\/a>\n\t\t\t\t\t\t\t\t\t<\/li>\n\t\t\t\t\t\t\t\t<li class=\"elementor-icon-list-item\">\n\t\t\t\t\t\t\t\t\t\t\t<a href=\"https:\/\/braun-windturbinen.com\/fr\/produits\/protection-contre-les-chauves-souris\/\">\n\n\t\t\t\t\t\t\t\t\t\t\t\t<span class=\"elementor-icon-list-icon\">\n\t\t\t\t\t\t\t<i aria-hidden=\"true\" class=\"fas fa-greater-than\"><\/i>\t\t\t\t\t\t<\/span>\n\t\t\t\t\t\t\t\t\t\t<span class=\"elementor-icon-list-text\">Protection contre les chauves-souris<\/span>\n\t\t\t\t\t\t\t\t\t\t\t<\/a>\n\t\t\t\t\t\t\t\t\t<\/li>\n\t\t\t\t\t\t\t\t<li class=\"elementor-icon-list-item\">\n\t\t\t\t\t\t\t\t\t\t<span class=\"elementor-icon-list-text\"><\/span>\n\t\t\t\t\t\t\t\t\t<\/li>\n\t\t\t\t\t\t<\/ul>\n\t\t\t\t\t\t<\/div>\n\t\t\t\t<\/div>\n\t\t\t\t\t<\/div>\n\t\t\t\t<\/div>\n\t\t\t\t<\/div>\n\t\t<div class=\"elementor-element elementor-element-a672948 e-flex e-con-boxed e-con e-child\" data-id=\"a672948\" data-element_type=\"container\" data-e-type=\"container\">\n\t\t\t\t\t<div class=\"e-con-inner\">\n\t\t\t\t<div class=\"elementor-element elementor-element-a1cbc1b elementor-widget elementor-widget-heading\" data-id=\"a1cbc1b\" data-element_type=\"widget\" data-e-type=\"widget\" data-widget_type=\"heading.default\">\n\t\t\t\t<div class=\"elementor-widget-container\">\n\t\t\t\t\t<h2 class=\"elementor-heading-title elementor-size-default\">Caract\u00e9ristiques techniques ANTARIS 12.0 kW<\/h2>\t\t\t\t<\/div>\n\t\t\t\t<\/div>\n\t\t\t\t<div class=\"elementor-element elementor-element-fbd1f9f elementor-widget__width-initial elementor-widget elementor-widget-text-editor\" data-id=\"fbd1f9f\" data-element_type=\"widget\" data-e-type=\"widget\" data-widget_type=\"text-editor.default\">\n\t\t\t\t<div class=\"elementor-widget-container\">\n\t\t\t\t\t\t\t\t\t<div class=\"\"><p style=\"text-align: left;\">D\u00e9but de l\u2019alimentation \u00e0 <strong>une vitesse du vent de 2,5 m\/s<\/strong> apr\u00e8s le d\u00e9marrage, en fonction du r\u00e9pulsif. <strong>\u00c9olienne sp\u00e9cialement con\u00e7ue pour les r\u00e9gions int\u00e9rieures<\/strong> o\u00f9 les vents sont faibles \u00e0 mod\u00e9r\u00e9s. \u00c0 partir d\u2019une vitesse moyenne du vent de plus de 6,0 m\/sec., un r\u00e9pulsif d\u2019un diam\u00e8tre de <strong>5,8 m<\/strong> est utilis\u00e9.  <\/p><h4 style=\"text-align: left;\"><strong>G\u00e9n\u00e9rateur<\/strong><\/h4><ul style=\"text-align: left;\"><li>Rotor \u00e0 aimants permanents, sans balais, sans engrenage, sans entretien<\/li><li>Rendement \u00e9lev\u00e9 gr\u00e2ce \u00e0 des aimants permanents extr\u00eamement puissants (aimants permanents NdFeBo, r\u00e9sistants \u00e0 la temp\u00e9rature jusqu\u2019\u00e0 150\u00b0)<\/li><li>Roulements \u00e0 billes sp\u00e9ciaux pour une absorption s\u00fbre des forces radiales et axiales<\/li><li>Courant triphas\u00e9 triphas\u00e9<\/li><li>Redresseur s\u00e9par\u00e9<\/li><li>Sens de rotation arbitraire<\/li><li>Tension 0-1000 VDC<\/li><li>D\u00e9marrage de l\u2019alimentation \u00e0 environ 65 tr\/min<\/li><li>Puissance : 12 000 watts \u00e0 255 tr\/min et 500 VDC<\/li><li>Courbe de puissance en augmentation constante<\/li><li>Poids : 160kg<\/li><li>Bo\u00eetier en aluminium, refroidissement en surface, montage sur pied<\/li><li>Indice de protection IP56<\/li><\/ul><h4 style=\"text-align: left;\"><strong>Rotor<\/strong><\/h4><ul style=\"text-align: left;\"><li>Connexion du moyeu avec bride en aluminium et nettoyeur haute pression<\/li><li>Raccords \u00e0 vis en acier inoxydable avec contre-\u00e9crous<\/li><li>3 pales de rotor en fibre de verre \/ fibre de carbone stratifi\u00e9e<\/li><li>Profil a\u00e9rodynamique assist\u00e9 par ordinateur, lamin\u00e9 \u00e0 la main, avec protection des bords<\/li><li>R\u00e9duction du bruit gr\u00e2ce aux ailettes sur les extr\u00e9mit\u00e9s des pales<\/li><li>env. 6,50 m de diam\u00e8tre (en option 5,80 m &gt; , vitesse moyenne du vent de 6,0 m\/s)<\/li><li>Poids d\u2019une seule feuille : env. 14,0 kg<\/li><li>\u00e9quilibr\u00e9 dynamiquement et statiquement<\/li><li>Sens de rotation avant \u00ab&nbsp;droite&nbsp;\u00bb<\/li><li>Vitesse max. 255 tr\/min. <\/li><li>Capuchon spinner en PRV<\/li><li>Couleur du rotor selon les exigences du client<\/li><\/ul><h4 style=\"text-align: left;\"><strong>\u00c9l\u00e9ment porteur<\/strong><\/h4><ul style=\"text-align: left;\"><li>Girouette (PEHD r\u00e9sistant aux intemp\u00e9ries \u00ab&nbsp;blanc naturel&nbsp;\u00bb, l\u00e9g\u00e8rement transparent)<\/li><li>Tube en acier inoxydable carr\u00e9 comme \u00e9l\u00e9ment porteur<\/li><li>Tous les raccords \u00e0 vis sont en acier inoxydable et \u00e9quip\u00e9s d\u2019\u00e9crous de blocage<\/li><li>Semelle en acier comme \u00e9l\u00e9ment de support pour g\u00e9n\u00e9rateur, destin\u00e9e \u00e0 \u00eatre une connexion enfichable avec palier lisse de lacet, enti\u00e8rement galvanis\u00e9e<\/li><li>Dispositif de s\u00e9curit\u00e9 brevet\u00e9 pour h\u00e9licopt\u00e8re<\/li><li>Adaptateur de poteau avec raccord \u00e0 bride (tuyau 220mm)<\/li><\/ul><h4 style=\"text-align: left;\"><strong>Protection contre les temp\u00eates<\/strong><\/h4><ul style=\"text-align: left;\"><li>Position de l\u2019h\u00e9licopt\u00e8re<\/li><li>Surveillance de la tension avec r\u00e9sistance de freinage de 18,0 kW<\/li><li>Court-circuit du g\u00e9n\u00e9rateur<\/li><li>Surveillance de la temp\u00e9rature du g\u00e9n\u00e9rateur et de l\u2019onduleur<\/li><\/ul><h4 style=\"text-align: left;\"><strong>Armoire de commande<\/strong><\/h4><ul><li style=\"text-align: left;\">Surveillance en 3 phases du g\u00e9n\u00e9rateur et du r\u00e9seau<\/li><li style=\"text-align: left;\">Fonctionnement sur r\u00e9seau 3 phases en parall\u00e8le avec FIMER \/ PVS 10,0 kW<\/li><li style=\"text-align: left;\">\u00c9lectronique de commande pour la commande de turbine<\/li><li style=\"text-align: left;\">Connexions prot\u00e9g\u00e9es contre l\u2019inversion de polarit\u00e9 \/ connexions enfichables<\/li><li style=\"text-align: left;\">Surveillance des phases du g\u00e9n\u00e9rateur en fonctionnement de la turbine<\/li><li style=\"text-align: left;\">Interrupteur d\u2019arr\u00eat d\u2019urgence<\/li><li style=\"text-align: left;\">Interrupteur de r\u00e9initialisation avec cl\u00e9 (amovible)<\/li><li style=\"text-align: left;\">Redresseur, afficheur, &#8230;<\/li><li style=\"text-align: left;\">R\u00e9sistance de freinage de 18,0 kW<\/li><\/ul><\/div>\t\t\t\t\t\t\t\t<\/div>\n\t\t\t\t<\/div>\n\t\t\t\t\t<\/div>\n\t\t\t\t<\/div>\n\t\t<div class=\"elementor-element elementor-element-4b62662 e-flex e-con-boxed e-con e-child\" data-id=\"4b62662\" data-element_type=\"container\" data-e-type=\"container\">\n\t\t\t\t\t<div class=\"e-con-inner\">\n\t\t\t\t<div class=\"elementor-element elementor-element-90aa288 elementor-widget elementor-widget-image\" data-id=\"90aa288\" data-element_type=\"widget\" data-e-type=\"widget\" data-widget_type=\"image.default\">\n\t\t\t\t<div class=\"elementor-widget-container\">\n\t\t\t\t\t\t\t\t\t\t\t\t<figure class=\"wp-caption\">\n\t\t\t\t\t\t\t\t\t\t\t<a href=\"https:\/\/braun-windturbinen.com\/wp-content\/uploads\/Antaris-12-kW-2.jpg\" data-elementor-open-lightbox=\"yes\" data-elementor-lightbox-title=\"ANTARIS 12.0 kW\" data-e-action-hash=\"#elementor-action%3Aaction%3Dlightbox%26settings%3DeyJpZCI6MTYwNTksInVybCI6Imh0dHBzOlwvXC9icmF1bi13aW5kdHVyYmluZW4uY29tXC93cC1jb250ZW50XC91cGxvYWRzXC9BbnRhcmlzLTEyLWtXLTIuanBnIn0%3D\" rel=\"lightbox[16340]\">\n\t\t\t\t\t\t\t<img fetchpriority=\"high\" decoding=\"async\" width=\"854\" height=\"900\" src=\"https:\/\/braun-windturbinen.com\/wp-content\/uploads\/Antaris-12-kW-2.jpg\" class=\"attachment-full size-full wp-image-16059\" alt=\"\" srcset=\"https:\/\/braun-windturbinen.com\/wp-content\/uploads\/Antaris-12-kW-2.jpg 854w, https:\/\/braun-windturbinen.com\/wp-content\/uploads\/Antaris-12-kW-2-285x300.jpg 285w, https:\/\/braun-windturbinen.com\/wp-content\/uploads\/Antaris-12-kW-2-142x150.jpg 142w, https:\/\/braun-windturbinen.com\/wp-content\/uploads\/Antaris-12-kW-2-768x809.jpg 768w\" sizes=\"(max-width: 854px) 100vw, 854px\" \/>\t\t\t\t\t\t\t\t<\/a>\n\t\t\t\t\t\t\t\t\t\t\t<figcaption class=\"widget-image-caption wp-caption-text\">ANTARIS 12 kW<\/figcaption>\n\t\t\t\t\t\t\t\t\t\t<\/figure>\n\t\t\t\t\t\t\t\t\t<\/div>\n\t\t\t\t<\/div>\n\t\t\t\t<div class=\"elementor-element elementor-element-0eb2337 elementor-widget elementor-widget-image\" data-id=\"0eb2337\" data-element_type=\"widget\" data-e-type=\"widget\" data-widget_type=\"image.default\">\n\t\t\t\t<div class=\"elementor-widget-container\">\n\t\t\t\t\t\t\t\t\t\t\t\t<figure class=\"wp-caption\">\n\t\t\t\t\t\t\t\t\t\t\t<a href=\"https:\/\/braun-windturbinen.com\/wp-content\/uploads\/Antaris-12-kW-1.jpg\" data-elementor-open-lightbox=\"yes\" data-elementor-lightbox-title=\"Antaris 12 kW\" data-e-action-hash=\"#elementor-action%3Aaction%3Dlightbox%26settings%3DeyJpZCI6MTQzNzMsInVybCI6Imh0dHBzOlwvXC9icmF1bi13aW5kdHVyYmluZW4uY29tXC93cC1jb250ZW50XC91cGxvYWRzXC9BbnRhcmlzLTEyLWtXLTEuanBnIn0%3D\" rel=\"lightbox[16340]\">\n\t\t\t\t\t\t\t<img decoding=\"async\" width=\"711\" height=\"900\" src=\"https:\/\/braun-windturbinen.com\/wp-content\/uploads\/Antaris-12-kW-1.jpg\" class=\"attachment-full size-full wp-image-14373\" alt=\"\" srcset=\"https:\/\/braun-windturbinen.com\/wp-content\/uploads\/Antaris-12-kW-1.jpg 711w, https:\/\/braun-windturbinen.com\/wp-content\/uploads\/Antaris-12-kW-1-237x300.jpg 237w, https:\/\/braun-windturbinen.com\/wp-content\/uploads\/Antaris-12-kW-1-474x600.jpg 474w, https:\/\/braun-windturbinen.com\/wp-content\/uploads\/Antaris-12-kW-1-119x150.jpg 119w\" sizes=\"(max-width: 711px) 100vw, 711px\" \/>\t\t\t\t\t\t\t\t<\/a>\n\t\t\t\t\t\t\t\t\t\t\t<figcaption class=\"widget-image-caption wp-caption-text\">ANTARIS 12 kW f\u00fcr Vietnam<\/figcaption>\n\t\t\t\t\t\t\t\t\t\t<\/figure>\n\t\t\t\t\t\t\t\t\t<\/div>\n\t\t\t\t<\/div>\n\t\t\t\t<div class=\"elementor-element elementor-element-ded71b3 elementor-widget elementor-widget-image\" data-id=\"ded71b3\" data-element_type=\"widget\" data-e-type=\"widget\" data-widget_type=\"image.default\">\n\t\t\t\t<div class=\"elementor-widget-container\">\n\t\t\t\t\t\t\t\t\t\t\t\t<figure class=\"wp-caption\">\n\t\t\t\t\t\t\t\t\t\t\t<a href=\"https:\/\/braun-windturbinen.com\/wp-content\/uploads\/ANTARIS-12-kW-Power-Curve.jpg\" data-elementor-open-lightbox=\"yes\" data-elementor-lightbox-title=\"ANTARIS-12-kW-Power-Curve\" data-e-action-hash=\"#elementor-action%3Aaction%3Dlightbox%26settings%3DeyJpZCI6MTQwMTUsInVybCI6Imh0dHBzOlwvXC9icmF1bi13aW5kdHVyYmluZW4uY29tXC93cC1jb250ZW50XC91cGxvYWRzXC9BTlRBUklTLTEyLWtXLVBvd2VyLUN1cnZlLmpwZyJ9\" rel=\"lightbox[16340]\">\n\t\t\t\t\t\t\t<img decoding=\"async\" width=\"1266\" height=\"577\" src=\"https:\/\/braun-windturbinen.com\/wp-content\/uploads\/ANTARIS-12-kW-Power-Curve.jpg\" class=\"attachment-full size-full wp-image-14015\" alt=\"\" srcset=\"https:\/\/braun-windturbinen.com\/wp-content\/uploads\/ANTARIS-12-kW-Power-Curve.jpg 1266w, https:\/\/braun-windturbinen.com\/wp-content\/uploads\/ANTARIS-12-kW-Power-Curve-150x68.jpg 150w, https:\/\/braun-windturbinen.com\/wp-content\/uploads\/ANTARIS-12-kW-Power-Curve-300x137.jpg 300w, https:\/\/braun-windturbinen.com\/wp-content\/uploads\/ANTARIS-12-kW-Power-Curve-768x350.jpg 768w, https:\/\/braun-windturbinen.com\/wp-content\/uploads\/ANTARIS-12-kW-Power-Curve-600x273.jpg 600w\" sizes=\"(max-width: 1266px) 100vw, 1266px\" \/>\t\t\t\t\t\t\t\t<\/a>\n\t\t\t\t\t\t\t\t\t\t\t<figcaption class=\"widget-image-caption wp-caption-text\">Turbinenkennlinie ANTARIS 12.0 kW<\/figcaption>\n\t\t\t\t\t\t\t\t\t\t<\/figure>\n\t\t\t\t\t\t\t\t\t<\/div>\n\t\t\t\t<\/div>\n\t\t\t\t\t<\/div>\n\t\t\t\t<\/div>\n\t\t\t\t<\/div>\n\t\t\t\t\t<\/div>\n\t\t\t\t<\/div>\n\t\t<div class=\"elementor-element elementor-element-f4bb5cb e-flex e-con-boxed e-con e-parent\" data-id=\"f4bb5cb\" data-element_type=\"container\" data-e-type=\"container\">\n\t\t\t\t\t<div class=\"e-con-inner\">\n\t\t<div class=\"elementor-element elementor-element-13bf3d4 e-con-full e-flex e-con e-child\" data-id=\"13bf3d4\" data-element_type=\"container\" data-e-type=\"container\" data-settings=\"{&quot;background_background&quot;:&quot;classic&quot;}\">\n\t\t<div class=\"elementor-element elementor-element-3d53960 e-flex e-con-boxed e-con e-child\" data-id=\"3d53960\" data-element_type=\"container\" data-e-type=\"container\">\n\t\t\t\t\t<div class=\"e-con-inner\">\n\t\t\t\t<div class=\"elementor-element elementor-element-c04d769 elementor-widget elementor-widget-video\" data-id=\"c04d769\" data-element_type=\"widget\" data-e-type=\"widget\" data-settings=\"{&quot;youtube_url&quot;:&quot;https:\\\/\\\/youtu.be\\\/Ah-X5vW6RwM&quot;,&quot;video_type&quot;:&quot;youtube&quot;,&quot;controls&quot;:&quot;yes&quot;}\" data-widget_type=\"video.default\">\n\t\t\t\t<div class=\"elementor-widget-container\">\n\t\t\t\t\t\t\t<div class=\"elementor-wrapper elementor-open-inline\">\n\t\t\t<div class=\"elementor-video\"><\/div>\t\t<\/div>\n\t\t\t\t\t\t<\/div>\n\t\t\t\t<\/div>\n\t\t\t\t\t<\/div>\n\t\t\t\t<\/div>\n\t\t\t\t<\/div>\n\t\t\t\t\t<\/div>\n\t\t\t\t<\/div>\n\t\t\t\t<\/div>\n\t\t","protected":false},"excerpt":{"rendered":"<p>ANTARIS 12.0kW Petites \u00e9oliennes ANTARIS ANTARIS 2,5 kW ANTARIS 3,5 kW ANTARIS 5,5 kW ANTARIS 7,5 kW ANTARIS 12.0 kW M\u00e2ture G\u00e9n\u00e9rateurs Lames de r\u00e9pulsif Onduleur Protection contre les chauves-souris Caract\u00e9ristiques techniques ANTARIS 12.0 kW D\u00e9but de l\u2019alimentation \u00e0 une vitesse du vent de 2,5 m\/s apr\u00e8s le d\u00e9marrage, en fonction du r\u00e9pulsif. \u00c9olienne sp\u00e9cialement [&hellip;]<\/p>\n","protected":false},"author":7,"featured_media":0,"parent":16399,"menu_order":5,"comment_status":"closed","ping_status":"closed","template":"elementor_header_footer","meta":{"footnotes":""},"class_list":["post-16340","page","type-page","status-publish","hentry"],"_links":{"self":[{"href":"https:\/\/braun-windturbinen.com\/fr\/wp-json\/wp\/v2\/pages\/16340","targetHints":{"allow":["GET"]}}],"collection":[{"href":"https:\/\/braun-windturbinen.com\/fr\/wp-json\/wp\/v2\/pages"}],"about":[{"href":"https:\/\/braun-windturbinen.com\/fr\/wp-json\/wp\/v2\/types\/page"}],"author":[{"embeddable":true,"href":"https:\/\/braun-windturbinen.com\/fr\/wp-json\/wp\/v2\/users\/7"}],"replies":[{"embeddable":true,"href":"https:\/\/braun-windturbinen.com\/fr\/wp-json\/wp\/v2\/comments?post=16340"}],"version-history":[{"count":6,"href":"https:\/\/braun-windturbinen.com\/fr\/wp-json\/wp\/v2\/pages\/16340\/revisions"}],"predecessor-version":[{"id":16730,"href":"https:\/\/braun-windturbinen.com\/fr\/wp-json\/wp\/v2\/pages\/16340\/revisions\/16730"}],"up":[{"embeddable":true,"href":"https:\/\/braun-windturbinen.com\/fr\/wp-json\/wp\/v2\/pages\/16399"}],"wp:attachment":[{"href":"https:\/\/braun-windturbinen.com\/fr\/wp-json\/wp\/v2\/media?parent=16340"}],"curies":[{"name":"wp","href":"https:\/\/api.w.org\/{rel}","templated":true}]}}