{"id":16332,"date":"2013-12-29T16:30:57","date_gmt":"2013-12-29T14:30:57","guid":{"rendered":"https:\/\/braun-windturbinen.com\/antaris-35-kw\/"},"modified":"2025-03-24T15:27:49","modified_gmt":"2025-03-24T13:27:49","slug":"antaris-35-kw","status":"publish","type":"page","link":"https:\/\/braun-windturbinen.com\/fr\/produits\/petites-eoliennes-antaris\/antaris-35-kw\/","title":{"rendered":"ANTARIS 3,5 kW"},"content":{"rendered":"\t\t<div data-elementor-type=\"wp-page\" data-elementor-id=\"16332\" class=\"elementor elementor-16332 elementor-269\" data-elementor-post-type=\"page\">\n\t\t\t\t<div class=\"elementor-element elementor-element-7e14118 e-flex e-con-boxed e-con e-parent\" data-id=\"7e14118\" data-element_type=\"container\" data-e-type=\"container\" data-settings=\"{&quot;background_background&quot;:&quot;classic&quot;}\">\n\t\t\t\t\t<div class=\"e-con-inner\">\n\t\t<div class=\"elementor-element elementor-element-bd15ae5 e-con-full e-flex e-con e-child\" data-id=\"bd15ae5\" data-element_type=\"container\" data-e-type=\"container\" data-settings=\"{&quot;background_background&quot;:&quot;classic&quot;}\">\n\t\t\t\t<div class=\"elementor-element elementor-element-829e748 elementor-widget elementor-widget-heading\" data-id=\"829e748\" data-element_type=\"widget\" data-e-type=\"widget\" data-widget_type=\"heading.default\">\n\t\t\t\t<div class=\"elementor-widget-container\">\n\t\t\t\t\t<h2 class=\"elementor-heading-title elementor-size-default\">ANTARIS 3.5kW<\/h2>\t\t\t\t<\/div>\n\t\t\t\t<\/div>\n\t\t\t\t<\/div>\n\t\t\t\t\t<\/div>\n\t\t\t\t<\/div>\n\t\t<div class=\"elementor-element elementor-element-19ab569 e-flex e-con-boxed e-con e-parent\" data-id=\"19ab569\" data-element_type=\"container\" data-e-type=\"container\">\n\t\t\t\t\t<div class=\"e-con-inner\">\n\t\t<div class=\"elementor-element elementor-element-370b61f e-con-full e-flex e-con e-child\" data-id=\"370b61f\" data-element_type=\"container\" data-e-type=\"container\" data-settings=\"{&quot;background_background&quot;:&quot;classic&quot;}\">\n\t\t<div class=\"elementor-element elementor-element-9b05196 e-con-full e-flex e-con e-child\" data-id=\"9b05196\" data-element_type=\"container\" data-e-type=\"container\">\n\t\t<div class=\"elementor-element elementor-element-062a84f e-flex e-con-boxed e-con e-child\" data-id=\"062a84f\" data-element_type=\"container\" data-e-type=\"container\">\n\t\t\t\t\t<div class=\"e-con-inner\">\n\t\t\t\t<div class=\"elementor-element elementor-element-fcb5213 elementor-icon-list--layout-traditional elementor-list-item-link-full_width elementor-widget elementor-widget-icon-list\" data-id=\"fcb5213\" data-element_type=\"widget\" data-e-type=\"widget\" data-widget_type=\"icon-list.default\">\n\t\t\t\t<div class=\"elementor-widget-container\">\n\t\t\t\t\t\t\t<ul class=\"elementor-icon-list-items\">\n\t\t\t\t\t\t\t<li class=\"elementor-icon-list-item\">\n\t\t\t\t\t\t\t\t\t\t\t<a href=\"https:\/\/braun-windturbinen.com\/fr\/produits\/petites-eoliennes-antaris\/\">\n\n\t\t\t\t\t\t\t\t\t\t\t\t<span class=\"elementor-icon-list-icon\">\n\t\t\t\t\t\t\t<i aria-hidden=\"true\" class=\"fas fa-greater-than\"><\/i>\t\t\t\t\t\t<\/span>\n\t\t\t\t\t\t\t\t\t\t<span class=\"elementor-icon-list-text\">Petites \u00e9oliennes ANTARIS<\/span>\n\t\t\t\t\t\t\t\t\t\t\t<\/a>\n\t\t\t\t\t\t\t\t\t<\/li>\n\t\t\t\t\t\t\t\t<li class=\"elementor-icon-list-item\">\n\t\t\t\t\t\t\t\t\t\t<span class=\"elementor-icon-list-text\"><\/span>\n\t\t\t\t\t\t\t\t\t<\/li>\n\t\t\t\t\t\t<\/ul>\n\t\t\t\t\t\t<\/div>\n\t\t\t\t<\/div>\n\t\t\t\t<div class=\"elementor-element elementor-element-080cb83 elementor-widget__width-initial elementor-icon-list--layout-traditional elementor-list-item-link-full_width elementor-widget elementor-widget-icon-list\" data-id=\"080cb83\" data-element_type=\"widget\" data-e-type=\"widget\" data-widget_type=\"icon-list.default\">\n\t\t\t\t<div class=\"elementor-widget-container\">\n\t\t\t\t\t\t\t<ul class=\"elementor-icon-list-items\">\n\t\t\t\t\t\t\t<li class=\"elementor-icon-list-item\">\n\t\t\t\t\t\t\t\t\t\t\t<a href=\"https:\/\/braun-windturbinen.com\/fr\/produits\/petites-eoliennes-antaris\/antaris-25-kw\/\">\n\n\t\t\t\t\t\t\t\t\t\t\t\t<span class=\"elementor-icon-list-icon\">\n\t\t\t\t\t\t\t<i aria-hidden=\"true\" class=\"fas fa-greater-than\"><\/i>\t\t\t\t\t\t<\/span>\n\t\t\t\t\t\t\t\t\t\t<span class=\"elementor-icon-list-text\">ANTARIS 2,5 kW<\/span>\n\t\t\t\t\t\t\t\t\t\t\t<\/a>\n\t\t\t\t\t\t\t\t\t<\/li>\n\t\t\t\t\t\t\t\t<li class=\"elementor-icon-list-item\">\n\t\t\t\t\t\t\t\t\t\t\t<a href=\"https:\/\/braun-windturbinen.com\/fr\/produits\/petites-eoliennes-antaris\/antaris-35-kw\/\">\n\n\t\t\t\t\t\t\t\t\t\t\t\t<span class=\"elementor-icon-list-icon\">\n\t\t\t\t\t\t\t<i aria-hidden=\"true\" class=\"fas fa-greater-than\"><\/i>\t\t\t\t\t\t<\/span>\n\t\t\t\t\t\t\t\t\t\t<span class=\"elementor-icon-list-text\">ANTARIS 3,5 kW<\/span>\n\t\t\t\t\t\t\t\t\t\t\t<\/a>\n\t\t\t\t\t\t\t\t\t<\/li>\n\t\t\t\t\t\t\t\t<li class=\"elementor-icon-list-item\">\n\t\t\t\t\t\t\t\t\t\t\t<a href=\"https:\/\/braun-windturbinen.com\/fr\/produits\/petites-eoliennes-antaris\/antaris-55-kw\/\">\n\n\t\t\t\t\t\t\t\t\t\t\t\t<span class=\"elementor-icon-list-icon\">\n\t\t\t\t\t\t\t<i aria-hidden=\"true\" class=\"fas fa-greater-than\"><\/i>\t\t\t\t\t\t<\/span>\n\t\t\t\t\t\t\t\t\t\t<span class=\"elementor-icon-list-text\">ANTARIS 5,5 kW<\/span>\n\t\t\t\t\t\t\t\t\t\t\t<\/a>\n\t\t\t\t\t\t\t\t\t<\/li>\n\t\t\t\t\t\t\t\t<li class=\"elementor-icon-list-item\">\n\t\t\t\t\t\t\t\t\t\t\t<a href=\"https:\/\/braun-windturbinen.com\/fr\/produits\/petites-eoliennes-antaris\/antaris-75-kw\/\">\n\n\t\t\t\t\t\t\t\t\t\t\t\t<span class=\"elementor-icon-list-icon\">\n\t\t\t\t\t\t\t<i aria-hidden=\"true\" class=\"fas fa-greater-than\"><\/i>\t\t\t\t\t\t<\/span>\n\t\t\t\t\t\t\t\t\t\t<span class=\"elementor-icon-list-text\">ANTARIS 7,5 kW<\/span>\n\t\t\t\t\t\t\t\t\t\t\t<\/a>\n\t\t\t\t\t\t\t\t\t<\/li>\n\t\t\t\t\t\t\t\t<li class=\"elementor-icon-list-item\">\n\t\t\t\t\t\t\t\t\t\t\t<a href=\"https:\/\/braun-windturbinen.com\/fr\/produits\/petites-eoliennes-antaris\/antaris-12-0-kw\/\">\n\n\t\t\t\t\t\t\t\t\t\t\t\t<span class=\"elementor-icon-list-icon\">\n\t\t\t\t\t\t\t<i aria-hidden=\"true\" class=\"fas fa-greater-than\"><\/i>\t\t\t\t\t\t<\/span>\n\t\t\t\t\t\t\t\t\t\t<span class=\"elementor-icon-list-text\">ANTARIS 12.0 kW<\/span>\n\t\t\t\t\t\t\t\t\t\t\t<\/a>\n\t\t\t\t\t\t\t\t\t<\/li>\n\t\t\t\t\t\t\t\t<li class=\"elementor-icon-list-item\">\n\t\t\t\t\t\t\t\t\t\t<span class=\"elementor-icon-list-text\"><\/span>\n\t\t\t\t\t\t\t\t\t<\/li>\n\t\t\t\t\t\t<\/ul>\n\t\t\t\t\t\t<\/div>\n\t\t\t\t<\/div>\n\t\t\t\t<div class=\"elementor-element elementor-element-7560bbe elementor-icon-list--layout-traditional elementor-list-item-link-full_width elementor-widget elementor-widget-icon-list\" data-id=\"7560bbe\" data-element_type=\"widget\" data-e-type=\"widget\" data-widget_type=\"icon-list.default\">\n\t\t\t\t<div class=\"elementor-widget-container\">\n\t\t\t\t\t\t\t<ul class=\"elementor-icon-list-items\">\n\t\t\t\t\t\t\t<li class=\"elementor-icon-list-item\">\n\t\t\t\t\t\t\t\t\t\t\t<a href=\"https:\/\/braun-windturbinen.com\/fr\/produits\/mature\/\">\n\n\t\t\t\t\t\t\t\t\t\t\t\t<span class=\"elementor-icon-list-icon\">\n\t\t\t\t\t\t\t<i aria-hidden=\"true\" class=\"fas fa-greater-than\"><\/i>\t\t\t\t\t\t<\/span>\n\t\t\t\t\t\t\t\t\t\t<span class=\"elementor-icon-list-text\">M\u00e2ture<\/span>\n\t\t\t\t\t\t\t\t\t\t\t<\/a>\n\t\t\t\t\t\t\t\t\t<\/li>\n\t\t\t\t\t\t\t\t<li class=\"elementor-icon-list-item\">\n\t\t\t\t\t\t\t\t\t\t\t<a href=\"https:\/\/braun-windturbinen.com\/fr\/produits\/generateurs\/\">\n\n\t\t\t\t\t\t\t\t\t\t\t\t<span class=\"elementor-icon-list-icon\">\n\t\t\t\t\t\t\t<i aria-hidden=\"true\" class=\"fas fa-greater-than\"><\/i>\t\t\t\t\t\t<\/span>\n\t\t\t\t\t\t\t\t\t\t<span class=\"elementor-icon-list-text\">G\u00e9n\u00e9rateurs<\/span>\n\t\t\t\t\t\t\t\t\t\t\t<\/a>\n\t\t\t\t\t\t\t\t\t<\/li>\n\t\t\t\t\t\t\t\t<li class=\"elementor-icon-list-item\">\n\t\t\t\t\t\t\t\t\t\t\t<a href=\"https:\/\/braun-windturbinen.com\/fr\/produits\/lames-de-repulsif\/\">\n\n\t\t\t\t\t\t\t\t\t\t\t\t<span class=\"elementor-icon-list-icon\">\n\t\t\t\t\t\t\t<i aria-hidden=\"true\" class=\"fas fa-greater-than\"><\/i>\t\t\t\t\t\t<\/span>\n\t\t\t\t\t\t\t\t\t\t<span class=\"elementor-icon-list-text\">Lames de r\u00e9pulsif<\/span>\n\t\t\t\t\t\t\t\t\t\t\t<\/a>\n\t\t\t\t\t\t\t\t\t<\/li>\n\t\t\t\t\t\t\t\t<li class=\"elementor-icon-list-item\">\n\t\t\t\t\t\t\t\t\t\t\t<a href=\"https:\/\/braun-windturbinen.com\/fr\/produits\/onduleur\/\">\n\n\t\t\t\t\t\t\t\t\t\t\t\t<span class=\"elementor-icon-list-icon\">\n\t\t\t\t\t\t\t<i aria-hidden=\"true\" class=\"fas fa-greater-than\"><\/i>\t\t\t\t\t\t<\/span>\n\t\t\t\t\t\t\t\t\t\t<span class=\"elementor-icon-list-text\">Onduleur<\/span>\n\t\t\t\t\t\t\t\t\t\t\t<\/a>\n\t\t\t\t\t\t\t\t\t<\/li>\n\t\t\t\t\t\t\t\t<li class=\"elementor-icon-list-item\">\n\t\t\t\t\t\t\t\t\t\t\t<a href=\"https:\/\/braun-windturbinen.com\/fr\/produits\/protection-contre-les-chauves-souris\/\">\n\n\t\t\t\t\t\t\t\t\t\t\t\t<span class=\"elementor-icon-list-icon\">\n\t\t\t\t\t\t\t<i aria-hidden=\"true\" class=\"fas fa-greater-than\"><\/i>\t\t\t\t\t\t<\/span>\n\t\t\t\t\t\t\t\t\t\t<span class=\"elementor-icon-list-text\">Protection contre les chauves-souris<\/span>\n\t\t\t\t\t\t\t\t\t\t\t<\/a>\n\t\t\t\t\t\t\t\t\t<\/li>\n\t\t\t\t\t\t\t\t<li class=\"elementor-icon-list-item\">\n\t\t\t\t\t\t\t\t\t\t<span class=\"elementor-icon-list-text\"><\/span>\n\t\t\t\t\t\t\t\t\t<\/li>\n\t\t\t\t\t\t<\/ul>\n\t\t\t\t\t\t<\/div>\n\t\t\t\t<\/div>\n\t\t\t\t\t<\/div>\n\t\t\t\t<\/div>\n\t\t\t\t<\/div>\n\t\t<div class=\"elementor-element elementor-element-3eda374 e-flex e-con-boxed e-con e-child\" data-id=\"3eda374\" data-element_type=\"container\" data-e-type=\"container\">\n\t\t\t\t\t<div class=\"e-con-inner\">\n\t\t\t\t<div class=\"elementor-element elementor-element-6e5870a elementor-widget elementor-widget-heading\" data-id=\"6e5870a\" data-element_type=\"widget\" data-e-type=\"widget\" data-widget_type=\"heading.default\">\n\t\t\t\t<div class=\"elementor-widget-container\">\n\t\t\t\t\t<h2 class=\"elementor-heading-title elementor-size-default\">Caract\u00e9ristiques techniques ANTARIS 3,5 kW<\/h2>\t\t\t\t<\/div>\n\t\t\t\t<\/div>\n\t\t\t\t<div class=\"elementor-element elementor-element-1339b68 elementor-widget__width-initial elementor-widget elementor-widget-text-editor\" data-id=\"1339b68\" data-element_type=\"widget\" data-e-type=\"widget\" data-widget_type=\"text-editor.default\">\n\t\t\t\t<div class=\"elementor-widget-container\">\n\t\t\t\t\t\t\t\t\t<div class=\"\"><h4 style=\"text-align: left;\"><strong>G\u00e9n\u00e9rateur<\/strong><\/h4><ul style=\"text-align: left;\"><li>Rotor \u00e0 aimants permanents, sans balais, sans engrenage, sans entretien<\/li><li>Rendement \u00e9lev\u00e9 gr\u00e2ce \u00e0 des aimants permanents extr\u00eamement puissants (aimants permanents NdFeBo, r\u00e9sistants \u00e0 la temp\u00e9rature jusqu\u2019\u00e0 150\u00b0)<\/li><li>Roulements \u00e0 billes sp\u00e9ciaux pour une absorption s\u00fbre des forces radiales et axiales<\/li><li>Courant triphas\u00e9 triphas\u00e9<\/li><li>Redresseur s\u00e9par\u00e9<\/li><li>Sens de rotation arbitraire<\/li><li>Tension 0-1000 VDC<\/li><li>D\u00e9but de l\u2019injection \u00e0 environ 100 tr\/min<\/li><li>Puissance : 3700 watts \u00e0 420 tr\/min et 400 VDC<\/li><li>Courbe de puissance en augmentation constante<\/li><li>Poids : 31kg<\/li><li>Bo\u00eetier en aluminium, refroidissement en surface, montage sur pied<\/li><li>Bo\u00eetier de nacelle en PRV<\/li><\/ul><h4 style=\"text-align: left;\"><strong>Rotor<\/strong><\/h4><ul style=\"text-align: left;\"><li>Connexion du moyeu avec bride en aluminium et nettoyeur haute pression<\/li><li>Raccords \u00e0 vis en acier inoxydable avec contre-\u00e9crous<\/li><li>3 pales de rotor en fibre de verre \/ fibre de carbone stratifi\u00e9e<\/li><li>Profil a\u00e9rodynamique assist\u00e9 par ordinateur, lamin\u00e9 \u00e0 la main<\/li><li>R\u00e9duction du bruit gr\u00e2ce aux ailettes sur les extr\u00e9mit\u00e9s des pales<\/li><li>env. 3,50 m de diam\u00e8tre (3,00 m en option)<\/li><li>Poids d\u2019une seule feuille : environ 3,3 kg<\/li><li>\u00e9quilibr\u00e9 dynamiquement et statiquement<\/li><li>Sens de rotation avant \u00ab&nbsp;gauche&nbsp;\u00bb<\/li><li>Vitesse max 420 tr\/min.<\/li><li>Capuchon spinner en PRV<\/li><li>Couleur du rotor selon les exigences du client<\/li><\/ul><h4 style=\"text-align: left;\"><strong>\u00c9l\u00e9ment porteur<\/strong><\/h4><ul style=\"text-align: left;\"><li>Girouette (PEHD r\u00e9sistant aux intemp\u00e9ries \u00ab&nbsp;blanc naturel&nbsp;\u00bb, l\u00e9g\u00e8rement transparent)<\/li><li>Tube en acier inoxydable carr\u00e9 comme \u00e9l\u00e9ment porteur<\/li><li>Tous les raccords \u00e0 vis sont en acier inoxydable et \u00e9quip\u00e9s d\u2019\u00e9crous de blocage<\/li><li>Semelle en acier comme \u00e9l\u00e9ment de support pour g\u00e9n\u00e9rateur, destin\u00e9e \u00e0 \u00eatre une connexion enfichable avec palier lisse de lacet, enti\u00e8rement galvanis\u00e9e<\/li><li>Dispositif de s\u00e9curit\u00e9 brevet\u00e9 pour h\u00e9licopt\u00e8re<\/li><li>Adaptateur de poteau avec raccord \u00e0 bride (tuyau 114,3 mm)<\/li><\/ul><h4 style=\"text-align: left;\"><strong>Protection contre les temp\u00eates<\/strong><\/h4><ul style=\"text-align: left;\"><li>Position de l\u2019h\u00e9licopt\u00e8re<\/li><li>Surveillance de la tension avec r\u00e9sistance de freinage<\/li><li>Court-circuit du g\u00e9n\u00e9rateur<\/li><\/ul><h4 style=\"text-align: left;\"><strong>Armoire de commande<\/strong><\/h4><ul style=\"text-align: left;\"><li>Contr\u00f4le avec surveillance de tension triphas\u00e9e<\/li><li>Fonctionnement sur r\u00e9seau monophas\u00e9 en parall\u00e8le avec FIMER \/ UNO 4,0 kW,<br \/>triphas\u00e9 en option avec 1 x FIMER \/ TRIO 5,8 kW<\/li><li>\u00c9lectronique de commande pour la commande de turbine<\/li><li>Connexions prot\u00e9g\u00e9es contre l\u2019inversion de polarit\u00e9 \/ connexions enfichables<\/li><li>Surveillance des phases du g\u00e9n\u00e9rateur en fonctionnement de la turbine<\/li><li>Interrupteur d\u2019arr\u00eat d\u2019urgence<\/li><li>Interrupteur de r\u00e9initialisation avec cl\u00e9 (amovible)<\/li><li>Redresseur, afficheur analogique, &#8230;<\/li><li>R\u00e9sistance de freinage de 3,5 kW<\/li><\/ul><p style=\"text-align: left;\"><em><strong>L\u2019Antaris est bien s\u00fbr \u00e9galement disponible en chargeur de batterie 48 VDC et d\u2019une puissance de 3000 watts !<\/strong><\/em> <em><strong>Les diagrammes de vitesse respectifs pour la charge de la batterie \/ le fonctionnement en parall\u00e8le du r\u00e9seau sont joints \u00e0 l\u2019offre.<\/strong><\/em><\/p><\/div>\t\t\t\t\t\t\t\t<\/div>\n\t\t\t\t<\/div>\n\t\t\t\t\t<\/div>\n\t\t\t\t<\/div>\n\t\t<div class=\"elementor-element elementor-element-67a65a3 e-flex e-con-boxed e-con e-child\" data-id=\"67a65a3\" data-element_type=\"container\" data-e-type=\"container\">\n\t\t\t\t\t<div class=\"e-con-inner\">\n\t\t\t\t<div class=\"elementor-element elementor-element-f55a5f0 elementor-widget elementor-widget-image\" data-id=\"f55a5f0\" data-element_type=\"widget\" data-e-type=\"widget\" data-widget_type=\"image.default\">\n\t\t\t\t<div class=\"elementor-widget-container\">\n\t\t\t\t\t\t\t\t\t\t\t\t<figure class=\"wp-caption\">\n\t\t\t\t\t\t\t\t\t\t<img fetchpriority=\"high\" decoding=\"async\" width=\"1610\" height=\"1564\" src=\"https:\/\/braun-windturbinen.com\/wp-content\/uploads\/Spanien-Tari-1983-1.jpg\" class=\"attachment-full size-full wp-image-15845\" alt=\"\" srcset=\"https:\/\/braun-windturbinen.com\/wp-content\/uploads\/Spanien-Tari-1983-1.jpg 1610w, https:\/\/braun-windturbinen.com\/wp-content\/uploads\/Spanien-Tari-1983-1-300x291.jpg 300w, https:\/\/braun-windturbinen.com\/wp-content\/uploads\/Spanien-Tari-1983-1-1024x995.jpg 1024w, https:\/\/braun-windturbinen.com\/wp-content\/uploads\/Spanien-Tari-1983-1-150x146.jpg 150w, https:\/\/braun-windturbinen.com\/wp-content\/uploads\/Spanien-Tari-1983-1-768x746.jpg 768w, https:\/\/braun-windturbinen.com\/wp-content\/uploads\/Spanien-Tari-1983-1-1536x1492.jpg 1536w\" sizes=\"(max-width: 1610px) 100vw, 1610px\" \/>\t\t\t\t\t\t\t\t\t\t\t<figcaption class=\"widget-image-caption wp-caption-text\">ANTARIS 3.5 kW<\/figcaption>\n\t\t\t\t\t\t\t\t\t\t<\/figure>\n\t\t\t\t\t\t\t\t\t<\/div>\n\t\t\t\t<\/div>\n\t\t\t\t<div class=\"elementor-element elementor-element-514d718 elementor-widget elementor-widget-image\" data-id=\"514d718\" data-element_type=\"widget\" data-e-type=\"widget\" data-widget_type=\"image.default\">\n\t\t\t\t<div class=\"elementor-widget-container\">\n\t\t\t\t\t\t\t\t\t\t\t\t<figure class=\"wp-caption\">\n\t\t\t\t\t\t\t\t\t\t<img decoding=\"async\" width=\"2532\" height=\"1154\" src=\"https:\/\/braun-windturbinen.com\/wp-content\/uploads\/ANTARIS-3.5-kW-Power-Curve.jpg\" class=\"attachment-full size-full wp-image-15847\" alt=\"\" srcset=\"https:\/\/braun-windturbinen.com\/wp-content\/uploads\/ANTARIS-3.5-kW-Power-Curve.jpg 2532w, https:\/\/braun-windturbinen.com\/wp-content\/uploads\/ANTARIS-3.5-kW-Power-Curve-300x137.jpg 300w, https:\/\/braun-windturbinen.com\/wp-content\/uploads\/ANTARIS-3.5-kW-Power-Curve-1024x467.jpg 1024w, https:\/\/braun-windturbinen.com\/wp-content\/uploads\/ANTARIS-3.5-kW-Power-Curve-150x68.jpg 150w, https:\/\/braun-windturbinen.com\/wp-content\/uploads\/ANTARIS-3.5-kW-Power-Curve-768x350.jpg 768w, https:\/\/braun-windturbinen.com\/wp-content\/uploads\/ANTARIS-3.5-kW-Power-Curve-1536x700.jpg 1536w, https:\/\/braun-windturbinen.com\/wp-content\/uploads\/ANTARIS-3.5-kW-Power-Curve-2048x933.jpg 2048w\" sizes=\"(max-width: 2532px) 100vw, 2532px\" \/>\t\t\t\t\t\t\t\t\t\t\t<figcaption class=\"widget-image-caption wp-caption-text\">ANTARIS 3.5 kW Leistungsdiagramm<\/figcaption>\n\t\t\t\t\t\t\t\t\t\t<\/figure>\n\t\t\t\t\t\t\t\t\t<\/div>\n\t\t\t\t<\/div>\n\t\t\t\t<div class=\"elementor-element elementor-element-9bdf807 elementor-widget elementor-widget-image\" data-id=\"9bdf807\" data-element_type=\"widget\" data-e-type=\"widget\" data-widget_type=\"image.default\">\n\t\t\t\t<div class=\"elementor-widget-container\">\n\t\t\t\t\t\t\t\t\t\t\t\t<figure class=\"wp-caption\">\n\t\t\t\t\t\t\t\t\t\t<img decoding=\"async\" width=\"500\" height=\"390\" src=\"https:\/\/braun-windturbinen.com\/wp-content\/uploads\/antaris35schalldiagramm-1.jpg\" class=\"attachment-full size-full wp-image-15851\" alt=\"\" srcset=\"https:\/\/braun-windturbinen.com\/wp-content\/uploads\/antaris35schalldiagramm-1.jpg 500w, https:\/\/braun-windturbinen.com\/wp-content\/uploads\/antaris35schalldiagramm-1-300x234.jpg 300w, https:\/\/braun-windturbinen.com\/wp-content\/uploads\/antaris35schalldiagramm-1-150x117.jpg 150w\" sizes=\"(max-width: 500px) 100vw, 500px\" \/>\t\t\t\t\t\t\t\t\t\t\t<figcaption class=\"widget-image-caption wp-caption-text\">ANTARIS 3.5kW Schallpegelmessung bei 35m Mastabstand<\/figcaption>\n\t\t\t\t\t\t\t\t\t\t<\/figure>\n\t\t\t\t\t\t\t\t\t<\/div>\n\t\t\t\t<\/div>\n\t\t\t\t\t<\/div>\n\t\t\t\t<\/div>\n\t\t\t\t<\/div>\n\t\t\t\t\t<\/div>\n\t\t\t\t<\/div>\n\t\t\t\t<\/div>\n\t\t","protected":false},"excerpt":{"rendered":"<p>ANTARIS 3.5kW Petites \u00e9oliennes ANTARIS ANTARIS 2,5 kW ANTARIS 3,5 kW ANTARIS 5,5 kW ANTARIS 7,5 kW ANTARIS 12.0 kW M\u00e2ture G\u00e9n\u00e9rateurs Lames de r\u00e9pulsif Onduleur Protection contre les chauves-souris Caract\u00e9ristiques techniques ANTARIS 3,5 kW G\u00e9n\u00e9rateur Rotor \u00e0 aimants permanents, sans balais, sans engrenage, sans entretien Rendement \u00e9lev\u00e9 gr\u00e2ce \u00e0 des aimants permanents extr\u00eamement puissants [&hellip;]<\/p>\n","protected":false},"author":1,"featured_media":0,"parent":16399,"menu_order":2,"comment_status":"closed","ping_status":"closed","template":"elementor_header_footer","meta":{"footnotes":""},"class_list":["post-16332","page","type-page","status-publish","hentry"],"_links":{"self":[{"href":"https:\/\/braun-windturbinen.com\/fr\/wp-json\/wp\/v2\/pages\/16332","targetHints":{"allow":["GET"]}}],"collection":[{"href":"https:\/\/braun-windturbinen.com\/fr\/wp-json\/wp\/v2\/pages"}],"about":[{"href":"https:\/\/braun-windturbinen.com\/fr\/wp-json\/wp\/v2\/types\/page"}],"author":[{"embeddable":true,"href":"https:\/\/braun-windturbinen.com\/fr\/wp-json\/wp\/v2\/users\/1"}],"replies":[{"embeddable":true,"href":"https:\/\/braun-windturbinen.com\/fr\/wp-json\/wp\/v2\/comments?post=16332"}],"version-history":[{"count":6,"href":"https:\/\/braun-windturbinen.com\/fr\/wp-json\/wp\/v2\/pages\/16332\/revisions"}],"predecessor-version":[{"id":16749,"href":"https:\/\/braun-windturbinen.com\/fr\/wp-json\/wp\/v2\/pages\/16332\/revisions\/16749"}],"up":[{"embeddable":true,"href":"https:\/\/braun-windturbinen.com\/fr\/wp-json\/wp\/v2\/pages\/16399"}],"wp:attachment":[{"href":"https:\/\/braun-windturbinen.com\/fr\/wp-json\/wp\/v2\/media?parent=16332"}],"curies":[{"name":"wp","href":"https:\/\/api.w.org\/{rel}","templated":true}]}}